{"id":1189,"date":"2023-06-15T16:12:56","date_gmt":"2023-06-15T14:12:56","guid":{"rendered":"https:\/\/migract.msh-vdl.fr\/?page_id=1189"},"modified":"2023-10-20T11:33:50","modified_gmt":"2023-10-20T09:33:50","slug":"partenaires","status":"publish","type":"page","link":"https:\/\/migract.msh-vdl.fr\/?page_id=1189","title":{"rendered":"Partenaires"},"content":{"rendered":"\t\t<div data-elementor-type=\"wp-page\" data-elementor-id=\"1189\" class=\"elementor elementor-1189\">\n\t\t\t\t\t\t<section class=\"elementor-section elementor-top-section elementor-element elementor-element-512f864 elementor-section-boxed elementor-section-height-default elementor-section-height-default\" data-id=\"512f864\" data-element_type=\"section\" data-e-type=\"section\">\n\t\t\t\t\t\t<div class=\"elementor-container elementor-column-gap-default\">\n\t\t\t\t\t<div class=\"elementor-column elementor-col-100 elementor-top-column elementor-element elementor-element-de87721\" data-id=\"de87721\" data-element_type=\"column\" data-e-type=\"column\">\n\t\t\t<div class=\"elementor-widget-wrap elementor-element-populated\">\n\t\t\t\t\t\t<div class=\"elementor-element elementor-element-560fb8a elementor-position-left elementor-vertical-align-top elementor-widget elementor-widget-image-box\" data-id=\"560fb8a\" data-element_type=\"widget\" data-e-type=\"widget\" data-widget_type=\"image-box.default\">\n\t\t\t\t<div class=\"elementor-widget-container\">\n\t\t\t\t\t<div class=\"elementor-image-box-wrapper\"><figure class=\"elementor-image-box-img\"><img decoding=\"async\" width=\"200\" height=\"200\" src=\"https:\/\/migract.msh-vdl.fr\/wp-content\/uploads\/2023\/07\/guillaume.etienne.jpg\" class=\"attachment-full size-full wp-image-1508\" alt=\"\" \/><\/figure><div class=\"elementor-image-box-content\"><h3 class=\"elementor-image-box-title\">Guillaume Etienne, MCF, UNiversit\u00e9 de Tours, (UMR Citeres, \u00e9quipe Cost) <\/h3><p class=\"elementor-image-box-description\">Recherches en anthropologie sur la question des appartenances, et notamment sur la fa\u00e7on dont elles s\u2019expriment et se reconfigurent en contexte migratoire. Il travaille avec des mineurs non accompagn\u00e9s pour \u00e9tudier la mani\u00e8re dont ces jeunes gens \u00e9voluent dans les dispositifs d\u2019accompagnement qui les prennent en charge et, au-del\u00e0, lorsqu\u2019ils en sortent : comment s\u2019expriment les appartenances (nationales, ethniques, groupes professionnels ou de castes, etc.) qu\u2019ils mobilisent \u2013 notamment \u00e0 travers l\u2019art-, comment se construisent les sociabilit\u00e9s, leurs rapports \u00e0 la famille et leurs trajectoires. .<\/p><\/div><\/div>\t\t\t\t<\/div>\n\t\t\t\t<\/div>\n\t\t\t\t\t<\/div>\n\t\t<\/div>\n\t\t\t\t\t<\/div>\n\t\t<\/section>\n\t\t\t\t<section class=\"elementor-section elementor-top-section elementor-element elementor-element-d9a5d9d elementor-section-boxed elementor-section-height-default elementor-section-height-default\" data-id=\"d9a5d9d\" data-element_type=\"section\" data-e-type=\"section\">\n\t\t\t\t\t\t<div class=\"elementor-container elementor-column-gap-default\">\n\t\t\t\t\t<div class=\"elementor-column elementor-col-100 elementor-top-column elementor-element elementor-element-558cc24\" data-id=\"558cc24\" data-element_type=\"column\" data-e-type=\"column\">\n\t\t\t<div class=\"elementor-widget-wrap elementor-element-populated\">\n\t\t\t\t\t\t<div class=\"elementor-element elementor-element-bc3dc4f elementor-position-left elementor-vertical-align-top elementor-widget elementor-widget-image-box\" data-id=\"bc3dc4f\" data-element_type=\"widget\" data-e-type=\"widget\" data-widget_type=\"image-box.default\">\n\t\t\t\t<div class=\"elementor-widget-container\">\n\t\t\t\t\t<div class=\"elementor-image-box-wrapper\"><figure class=\"elementor-image-box-img\"><a href=\"http:\/\/www.je-me-dis.com\/\" tabindex=\"-1\"><img fetchpriority=\"high\" decoding=\"async\" width=\"512\" height=\"512\" src=\"https:\/\/migract.msh-vdl.fr\/wp-content\/uploads\/2023\/07\/Nina-Rendulic.jpg\" class=\"attachment-full size-full wp-image-1509\" alt=\"\" \/><\/a><\/figure><div class=\"elementor-image-box-content\"><h3 class=\"elementor-image-box-title\"><a href=\"http:\/\/www.je-me-dis.com\/\">Nina Rendulic , enseignante et artiste, Universit\u00e9 d'orleans, IDF. <\/a><\/h3><p class=\"elementor-image-box-description\">linguiste, photographie et \u00e9crivaine croate francophone. Enseignante en fran\u00e7ais langue \u00e9trang\u00e8re et r\u00e9f\u00e9rente des \u00e9tudiants en exil pour l'universit\u00e9 d'Orl\u00e9ans.\nNina Rendulic assurera la mise en place et la gestion des ateliers avec les \u00e9tudiants en exil de l\u2019IDF. Elle les accompagnera dans le projet. Elle aidera \u00e0 la construction du protocole p\u00e9dagogique et participera \u2013 et fera participer \u2013 les \u00e9tudiants aux s\u00e9minaires. Elle les accompagnera \u00e9galement en vue de la cr\u00e9ation qui aura lieu au Bouillon en juin 2025. <\/p><\/div><\/div>\t\t\t\t<\/div>\n\t\t\t\t<\/div>\n\t\t\t\t\t<\/div>\n\t\t<\/div>\n\t\t\t\t\t<\/div>\n\t\t<\/section>\n\t\t\t\t<section class=\"elementor-section elementor-top-section elementor-element elementor-element-cb050fa elementor-section-boxed elementor-section-height-default elementor-section-height-default\" data-id=\"cb050fa\" data-element_type=\"section\" data-e-type=\"section\">\n\t\t\t\t\t\t<div class=\"elementor-container elementor-column-gap-default\">\n\t\t\t\t\t<div class=\"elementor-column elementor-col-100 elementor-top-column elementor-element elementor-element-e1ea868\" data-id=\"e1ea868\" data-element_type=\"column\" data-e-type=\"column\">\n\t\t\t<div class=\"elementor-widget-wrap elementor-element-populated\">\n\t\t\t\t\t\t<div class=\"elementor-element elementor-element-9f22107 elementor-position-left elementor-vertical-align-top elementor-widget elementor-widget-image-box\" data-id=\"9f22107\" data-element_type=\"widget\" data-e-type=\"widget\" data-widget_type=\"image-box.default\">\n\t\t\t\t<div class=\"elementor-widget-container\">\n\t\t\t\t\t<div class=\"elementor-image-box-wrapper\"><figure class=\"elementor-image-box-img\"><a href=\"https:\/\/www.filta.org.uk\/aboutus.php\" tabindex=\"-1\"><img decoding=\"async\" width=\"165\" height=\"207\" src=\"https:\/\/migract.msh-vdl.fr\/wp-content\/uploads\/2023\/07\/isabelle.jpg\" class=\"attachment-full size-full wp-image-1514\" alt=\"\" \/><\/a><\/figure><div class=\"elementor-image-box-content\"><h3 class=\"elementor-image-box-title\"><a href=\"https:\/\/www.filta.org.uk\/aboutus.php\">Isabelle Vanderschelden  <\/a><\/h3><p class=\"elementor-image-box-description\">chercheuse en \u00e9tudes fran\u00e7aises et responsable de la partie fran\u00e7aise de l'association et du site Internet FILTA. Son int\u00e9r\u00eat particulier r\u00e9side dans la promotion des films et des cultures francophones et la cr\u00e9ation de mat\u00e9riel adapt\u00e9 \u00e0 utiliser dans les cours de langue \u00e0 tous les niveaux, am\u00e9liorant ainsi la conscience et la comp\u00e9tence interculturelles de l'apprenant.<\/p><\/div><\/div>\t\t\t\t<\/div>\n\t\t\t\t<\/div>\n\t\t\t\t\t<\/div>\n\t\t<\/div>\n\t\t\t\t\t<\/div>\n\t\t<\/section>\n\t\t\t\t<section class=\"elementor-section elementor-top-section elementor-element elementor-element-29be9c0 elementor-section-boxed elementor-section-height-default elementor-section-height-default\" data-id=\"29be9c0\" data-element_type=\"section\" data-e-type=\"section\">\n\t\t\t\t\t\t<div class=\"elementor-container elementor-column-gap-default\">\n\t\t\t\t\t<div class=\"elementor-column elementor-col-50 elementor-top-column elementor-element elementor-element-967bebe\" data-id=\"967bebe\" data-element_type=\"column\" data-e-type=\"column\">\n\t\t\t<div class=\"elementor-widget-wrap\">\n\t\t\t\t\t\t\t<\/div>\n\t\t<\/div>\n\t\t\t\t<div class=\"elementor-column elementor-col-50 elementor-top-column elementor-element elementor-element-5b307c6\" data-id=\"5b307c6\" data-element_type=\"column\" data-e-type=\"column\">\n\t\t\t<div class=\"elementor-widget-wrap elementor-element-populated\">\n\t\t\t\t\t\t<div class=\"elementor-element elementor-element-d815df1 elementor-widget elementor-widget-heading\" data-id=\"d815df1\" data-element_type=\"widget\" data-e-type=\"widget\" data-widget_type=\"heading.default\">\n\t\t\t\t<div class=\"elementor-widget-container\">\n\t\t\t\t\t<h2 class=\"elementor-heading-title elementor-size-default\">Sandrine No\u00e9<\/h2>\t\t\t\t<\/div>\n\t\t\t\t<\/div>\n\t\t\t\t<div class=\"elementor-element elementor-element-d48644a elementor-widget elementor-widget-text-editor\" data-id=\"d48644a\" data-element_type=\"widget\" data-e-type=\"widget\" data-widget_type=\"text-editor.default\">\n\t\t\t\t<div class=\"elementor-widget-container\">\n\t\t\t\t\t\t\t\t\t<p>Enseignante certifi\u00e9e Charg\u00e9e d\u2019Animation et d\u2019innovation p\u00e9dagogiques \u2013 Fondation des Apprentis d\u2019Auteuil \u2013 Lyc\u00e9e Horticole et Paysager Notre Dame des Jardins, Ch\u00e2teau des vaux\u00a0<\/p><p>Elle travaille depuis 2019 \u00e0 la mise en place de projets artistiques avec des intervenants artistes ext\u00e9rieurs en direction notamment des jeunes migrants.\u00a0<\/p>\t\t\t\t\t\t\t\t<\/div>\n\t\t\t\t<\/div>\n\t\t\t\t\t<\/div>\n\t\t<\/div>\n\t\t\t\t\t<\/div>\n\t\t<\/section>\n\t\t\t\t<section class=\"elementor-section elementor-top-section elementor-element elementor-element-9466454 elementor-section-boxed elementor-section-height-default elementor-section-height-default\" data-id=\"9466454\" data-element_type=\"section\" data-e-type=\"section\">\n\t\t\t\t\t\t<div class=\"elementor-container elementor-column-gap-default\">\n\t\t\t\t\t<div class=\"elementor-column elementor-col-50 elementor-top-column elementor-element elementor-element-732d0c4\" data-id=\"732d0c4\" data-element_type=\"column\" data-e-type=\"column\">\n\t\t\t<div class=\"elementor-widget-wrap elementor-element-populated\">\n\t\t\t\t\t\t<div class=\"elementor-element elementor-element-c2d268f elementor-widget elementor-widget-image\" data-id=\"c2d268f\" data-element_type=\"widget\" data-e-type=\"widget\" data-widget_type=\"image.default\">\n\t\t\t\t<div class=\"elementor-widget-container\">\n\t\t\t\t\t\t\t\t\t\t\t\t\t\t\t<img loading=\"lazy\" decoding=\"async\" width=\"425\" height=\"396\" src=\"https:\/\/migract.msh-vdl.fr\/wp-content\/uploads\/2023\/10\/emmanuelleT-photo2.jpg\" class=\"attachment-large size-large wp-image-2501\" alt=\"\" sizes=\"100vw\" \/>\t\t\t\t\t\t\t\t\t\t\t\t\t\t\t<\/div>\n\t\t\t\t<\/div>\n\t\t\t\t\t<\/div>\n\t\t<\/div>\n\t\t\t\t<div class=\"elementor-column elementor-col-50 elementor-top-column elementor-element elementor-element-1ce61c3\" data-id=\"1ce61c3\" data-element_type=\"column\" data-e-type=\"column\">\n\t\t\t<div class=\"elementor-widget-wrap elementor-element-populated\">\n\t\t\t\t\t\t<div class=\"elementor-element elementor-element-89ee93f elementor-widget elementor-widget-heading\" data-id=\"89ee93f\" data-element_type=\"widget\" data-e-type=\"widget\" data-widget_type=\"heading.default\">\n\t\t\t\t<div class=\"elementor-widget-container\">\n\t\t\t\t\t<h2 class=\"elementor-heading-title elementor-size-default\">Emmanuelle Terrones<\/h2>\t\t\t\t<\/div>\n\t\t\t\t<\/div>\n\t\t\t\t<div class=\"elementor-element elementor-element-46c4c9c elementor-widget elementor-widget-text-editor\" data-id=\"46c4c9c\" data-element_type=\"widget\" data-e-type=\"widget\" data-widget_type=\"text-editor.default\">\n\t\t\t\t<div class=\"elementor-widget-container\">\n\t\t\t\t\t\t\t\t\t<p>Maitresse de conf\u00e9rence-HDR en \u00e9tudes germanophones, Sa recherche porte sur les entrecroisements entre litt\u00e9rature germanophone contemporaine, philosophie et politique. Elle proposera des ressources sur les productions des migrants accueillis r\u00e9cemment dans les pays germanophones. Elle travaille dans le sillage du p\u00f4le de recherche W. A. Berendsohn \u00e0 Hambourg qui met en \u00e9vidence les liens multiples entre la litt\u00e9rature de l\u2019exil telle qu\u2019elle se d\u00e9veloppe actuellement et ce qui est appel\u00e9 en germanistique \u00ab litt\u00e9rature de l\u2019exil \u00bb (celle des \u00e9crivains germanophones entre 1933 et 1945).<\/p><p>Elle apportera des r\u00e9cits r\u00e9dig\u00e9s en langue allemande, ou dans les langues des migrants en pays germanophones (arabe, croate, h\u00e9breu\u2026) et aidera \u00e0 d\u00e9gager la dimension \u00e0 la fois esth\u00e9tique et politique de ces \u0153uvres. E. Terrones organisera par ailleurs une rencontre (en ligne) avec le r\u00e9fugi\u00e9 syrien \u00e0 Hanovre : Mohamad alaaedin Abdul Moula.<\/p>\t\t\t\t\t\t\t\t<\/div>\n\t\t\t\t<\/div>\n\t\t\t\t\t<\/div>\n\t\t<\/div>\n\t\t\t\t\t<\/div>\n\t\t<\/section>\n\t\t\t\t<\/div>\n\t\t","protected":false},"excerpt":{"rendered":"<p>Guillaume Etienne, MCF, UNiversit\u00e9 de Tours, (UMR Citeres, \u00e9quipe Cost) Recherches en anthropologie sur la question des appartenances, et notamment sur la fa\u00e7on dont elles s\u2019expriment et se reconfigurent en contexte migratoire. Il travaille avec des mineurs non accompagn\u00e9s pour \u00e9tudier la mani\u00e8re dont ces jeunes gens \u00e9voluent dans les dispositifs d\u2019accompagnement qui les prennent &hellip; <\/p>\n<p class=\"link-more\"><a href=\"https:\/\/migract.msh-vdl.fr\/?page_id=1189\" class=\"more-link\">Continuer la lecture<span class=\"screen-reader-text\"> de &laquo;&nbsp;Partenaires&nbsp;&raquo;<\/span><\/a><\/p>\n","protected":false},"author":5,"featured_media":0,"parent":0,"menu_order":0,"comment_status":"closed","ping_status":"closed","template":"","meta":{"_price":"","_stock":"","_tribe_ticket_header":"","_tribe_default_ticket_provider":"","_ticket_start_date":"","_ticket_end_date":"","_tribe_ticket_show_description":"","_tribe_ticket_show_not_going":false,"_tribe_ticket_use_global_stock":"","_tribe_ticket_global_stock_level":"","_global_stock_mode":"","_global_stock_cap":"","_tribe_rsvp_for_event":"","_tribe_ticket_going_count":"","_tribe_ticket_not_going_count":"","_tribe_tickets_list":"[]","_tribe_ticket_has_attendee_info_fields":false,"_mc_calendar":[],"footnotes":"","_tec_slr_enabled":"","_tec_slr_layout":""},"class_list":["post-1189","page","type-page","status-publish","hentry"],"ticketed":false,"_links":{"self":[{"href":"https:\/\/migract.msh-vdl.fr\/index.php?rest_route=\/wp\/v2\/pages\/1189","targetHints":{"allow":["GET"]}}],"collection":[{"href":"https:\/\/migract.msh-vdl.fr\/index.php?rest_route=\/wp\/v2\/pages"}],"about":[{"href":"https:\/\/migract.msh-vdl.fr\/index.php?rest_route=\/wp\/v2\/types\/page"}],"author":[{"embeddable":true,"href":"https:\/\/migract.msh-vdl.fr\/index.php?rest_route=\/wp\/v2\/users\/5"}],"replies":[{"embeddable":true,"href":"https:\/\/migract.msh-vdl.fr\/index.php?rest_route=%2Fwp%2Fv2%2Fcomments&post=1189"}],"version-history":[{"count":33,"href":"https:\/\/migract.msh-vdl.fr\/index.php?rest_route=\/wp\/v2\/pages\/1189\/revisions"}],"predecessor-version":[{"id":2504,"href":"https:\/\/migract.msh-vdl.fr\/index.php?rest_route=\/wp\/v2\/pages\/1189\/revisions\/2504"}],"wp:attachment":[{"href":"https:\/\/migract.msh-vdl.fr\/index.php?rest_route=%2Fwp%2Fv2%2Fmedia&parent=1189"}],"curies":[{"name":"wp","href":"https:\/\/api.w.org\/{rel}","templated":true}]}}