{"id":1200,"date":"2023-06-22T10:33:51","date_gmt":"2023-06-22T08:33:51","guid":{"rendered":"https:\/\/migract.msh-vdl.fr\/?page_id=1200"},"modified":"2026-03-28T13:30:11","modified_gmt":"2026-03-28T12:30:11","slug":"accueil","status":"publish","type":"page","link":"https:\/\/migract.msh-vdl.fr\/","title":{"rendered":"Accueil"},"content":{"rendered":"\t\t<div data-elementor-type=\"wp-page\" data-elementor-id=\"1200\" class=\"elementor elementor-1200\">\n\t\t\t\t\t\t<section class=\"elementor-section elementor-top-section elementor-element elementor-element-54fd100 elementor-section-boxed elementor-section-height-default elementor-section-height-default\" data-id=\"54fd100\" data-element_type=\"section\" data-e-type=\"section\">\n\t\t\t\t\t\t<div class=\"elementor-container elementor-column-gap-default\">\n\t\t\t\t\t<div class=\"elementor-column elementor-col-100 elementor-top-column elementor-element elementor-element-111032b\" data-id=\"111032b\" data-element_type=\"column\" data-e-type=\"column\">\n\t\t\t<div class=\"elementor-widget-wrap elementor-element-populated\">\n\t\t\t\t\t\t<div class=\"elementor-element elementor-element-4081975 elementor-widget elementor-widget-image\" data-id=\"4081975\" data-element_type=\"widget\" data-e-type=\"widget\" data-widget_type=\"image.default\">\n\t\t\t\t<div class=\"elementor-widget-container\">\n\t\t\t\t\t\t\t\t\t\t\t\t\t\t\t<img fetchpriority=\"high\" decoding=\"async\" width=\"525\" height=\"295\" src=\"https:\/\/migract.msh-vdl.fr\/wp-content\/uploads\/2022\/05\/Acteurs-et-actions-1024x576.jpg\" class=\"attachment-large size-large wp-image-923\" alt=\"\" srcset=\"https:\/\/migract.msh-vdl.fr\/wp-content\/uploads\/2022\/05\/Acteurs-et-actions-1024x576.jpg 1024w, https:\/\/migract.msh-vdl.fr\/wp-content\/uploads\/2022\/05\/Acteurs-et-actions-300x169.jpg 300w, https:\/\/migract.msh-vdl.fr\/wp-content\/uploads\/2022\/05\/Acteurs-et-actions-768x432.jpg 768w, https:\/\/migract.msh-vdl.fr\/wp-content\/uploads\/2022\/05\/Acteurs-et-actions-1536x864.jpg 1536w, https:\/\/migract.msh-vdl.fr\/wp-content\/uploads\/2022\/05\/Acteurs-et-actions-2048x1152.jpg 2048w\" sizes=\"100vw\" \/>\t\t\t\t\t\t\t\t\t\t\t\t\t\t\t<\/div>\n\t\t\t\t<\/div>\n\t\t\t\t<div class=\"elementor-element elementor-element-4495ab9 elementor-widget elementor-widget-heading\" data-id=\"4495ab9\" data-element_type=\"widget\" data-e-type=\"widget\" data-widget_type=\"heading.default\">\n\t\t\t\t<div class=\"elementor-widget-container\">\n\t\t\t\t\t<h2 class=\"elementor-heading-title elementor-size-default\">Reframing the debate and engage the public<\/h2>\t\t\t\t<\/div>\n\t\t\t\t<\/div>\n\t\t\t\t<div class=\"elementor-element elementor-element-fc794bc elementor-widget elementor-widget-text-editor\" data-id=\"fc794bc\" data-element_type=\"widget\" data-e-type=\"widget\" data-widget_type=\"text-editor.default\">\n\t\t\t\t<div class=\"elementor-widget-container\">\n\t\t\t\t\t\t\t\t\t<p>How can stories\u2014told through a range of artistic and media practices\u2014address migration and inclusion? From literature and visual art to performance, our research explores the forms these stories can take and how they may become\u00a0<span style=\"color: var( --e-global-color-text ); font-family: var( --e-global-typography-text-font-family ), Sans-serif; font-weight: var( --e-global-typography-text-font-weight ); font-size: 1rem;\">accessible, valued, and discussed to<\/span><span style=\"color: var( --e-global-color-text ); font-family: var( --e-global-typography-text-font-family ), Sans-serif; font-weight: var( --e-global-typography-text-font-weight ); font-size: 1rem;\">\u00a0fuel change.\u00a0<\/span><\/p><p><span style=\"color: var( --e-global-color-text ); font-family: var( --e-global-typography-text-font-family ), Sans-serif; font-weight: var( --e-global-typography-text-font-weight ); font-size: 1rem;\">We wish to ensure that the dialogue on migration truly captures its complexity and reframes its common approach in terms of social justice and education.<\/span><\/p>\t\t\t\t\t\t\t\t<\/div>\n\t\t\t\t<\/div>\n\t\t\t\t<div class=\"elementor-element elementor-element-6b22f31 elementor-widget elementor-widget-image\" data-id=\"6b22f31\" data-element_type=\"widget\" data-e-type=\"widget\" data-widget_type=\"image.default\">\n\t\t\t\t<div class=\"elementor-widget-container\">\n\t\t\t\t\t\t\t\t\t\t\t\t<figure class=\"wp-caption\">\n\t\t\t\t\t\t\t\t\t\t<img decoding=\"async\" width=\"525\" height=\"262\" src=\"https:\/\/migract.msh-vdl.fr\/wp-content\/uploads\/2025\/12\/angry-responses-1024x511.jpg\" class=\"attachment-large size-large wp-image-3208\" alt=\"\" srcset=\"https:\/\/migract.msh-vdl.fr\/wp-content\/uploads\/2025\/12\/angry-responses-1024x511.jpg 1024w, https:\/\/migract.msh-vdl.fr\/wp-content\/uploads\/2025\/12\/angry-responses-300x150.jpg 300w, https:\/\/migract.msh-vdl.fr\/wp-content\/uploads\/2025\/12\/angry-responses-768x383.jpg 768w, https:\/\/migract.msh-vdl.fr\/wp-content\/uploads\/2025\/12\/angry-responses.jpg 1313w\" sizes=\"100vw\" \/>\t\t\t\t\t\t\t\t\t\t\t<figcaption class=\"widget-image-caption wp-caption-text\">Angry responses to standard approaches (British Future 2014)<\/figcaption>\n\t\t\t\t\t\t\t\t\t\t<\/figure>\n\t\t\t\t\t\t\t\t\t<\/div>\n\t\t\t\t<\/div>\n\t\t\t\t\t<\/div>\n\t\t<\/div>\n\t\t\t\t\t<\/div>\n\t\t<\/section>\n\t\t\t\t<section class=\"elementor-section elementor-top-section elementor-element elementor-element-ed24ee4 elementor-section-boxed elementor-section-height-default elementor-section-height-default\" data-id=\"ed24ee4\" data-element_type=\"section\" data-e-type=\"section\">\n\t\t\t\t\t\t<div class=\"elementor-container elementor-column-gap-default\">\n\t\t\t\t\t<div class=\"elementor-column elementor-col-100 elementor-top-column elementor-element elementor-element-0093e5d\" data-id=\"0093e5d\" data-element_type=\"column\" data-e-type=\"column\">\n\t\t\t<div class=\"elementor-widget-wrap elementor-element-populated\">\n\t\t\t\t\t\t<div class=\"elementor-element elementor-element-64f3366 elementor-widget elementor-widget-text-editor\" data-id=\"64f3366\" data-element_type=\"widget\" data-e-type=\"widget\" data-widget_type=\"text-editor.default\">\n\t\t\t\t<div class=\"elementor-widget-container\">\n\t\t\t\t\t\t\t\t\t<p style=\"text-align: left;\"><span style=\"color: var( --e-global-color-text ); font-family: var( --e-global-typography-text-font-family ), Sans-serif; font-weight: var( --e-global-typography-text-font-weight ); font-size: 1rem;\">Les r\u00e9cits de migration \u00e9tablis par les artistes<\/span><span style=\"color: var( --e-global-color-text ); font-family: var( --e-global-typography-text-font-family ), Sans-serif; font-weight: var( --e-global-typography-text-font-weight ); font-size: 1rem;\"> questionnent le sujet dans sa complexit\u00e9 en suivant des approches interdisciplinaires et controvers\u00e9es.\u00a0<\/span><\/p><p style=\"text-align: left;\">L&rsquo;expertise du laboratoire Remelice permet de collecter et d&rsquo;analyser des r\u00e9cits de vie en mobilit\u00e9, issus d&rsquo;aires culturelles aussi vari\u00e9es que le Japon, l\u2019Allemagne, le Maghreb, les \u00c9tats-Unis, l\u2019Am\u00e9rique du Sud, le Canada ou les Cara\u00efbes, afin de suivre un ph\u00e9nom\u00e8ne qui d\u00e9passe largement la sph\u00e8re europ\u00e9enne et pour d\u00e9centrer les regards.\u00a0<\/p><p style=\"text-align: left;\">L&rsquo;\u00e9tude de ces r\u00e9cits permet de penser les migrations et l&rsquo;accueil des populations en mouvement.<\/p><p style=\"text-align: left;\"><span style=\"font-weight: bold;\">Mots cl\u00e9s<\/span>\u00a0: migration, r\u00e9cit, art, culture, multilinguisme, inclusion<\/p><p style=\"text-align: left;\"><em><span style=\"font-size: 1rem;\">Artists&rsquo;<\/span><span style=\"font-size: 1rem;\"> m<\/span>igration narratives examine the topic in its complexicity with interdisciplinary, and somtimes controversial views.<\/em><\/p><p style=\"text-align: left;\"><em><span style=\"font-size: 1rem;\">Remelice&rsquo; s expertise in cultural areas as diverse as Japan, Germany, North Africa, the United States, South America, Canada, and the Caribbean, allows for\u00a0 collection and analysis of life stories beyond the European sphere.<\/span><\/em><\/p><p style=\"text-align: left;\"><em>The study of the narratives is crucial to foster resilient and inclusive societies, able to move toward positive social change<\/em><\/p><p style=\"text-align: left;\">\u00a0<\/p><p><strong>Key words<\/strong> : migration, narrative,\u00a0 art, culture, multilinuism, inclusion<\/p>\t\t\t\t\t\t\t\t<\/div>\n\t\t\t\t<\/div>\n\t\t\t\t\t<\/div>\n\t\t<\/div>\n\t\t\t\t\t<\/div>\n\t\t<\/section>\n\t\t\t\t<section class=\"elementor-section elementor-top-section elementor-element elementor-element-8ce78f4 elementor-section-boxed elementor-section-height-default elementor-section-height-default\" data-id=\"8ce78f4\" data-element_type=\"section\" data-e-type=\"section\">\n\t\t\t\t\t\t<div class=\"elementor-container elementor-column-gap-default\">\n\t\t\t\t\t<div class=\"elementor-column elementor-col-100 elementor-top-column elementor-element elementor-element-7289b18\" data-id=\"7289b18\" data-element_type=\"column\" data-e-type=\"column\">\n\t\t\t<div class=\"elementor-widget-wrap elementor-element-populated\">\n\t\t\t\t\t\t<div class=\"elementor-element elementor-element-69be0b3 elementor-widget elementor-widget-heading\" data-id=\"69be0b3\" data-element_type=\"widget\" data-e-type=\"widget\" data-widget_type=\"heading.default\">\n\t\t\t\t<div class=\"elementor-widget-container\">\n\t\t\t\t\t<h2 class=\"elementor-heading-title elementor-size-default\">\u00c9v\u00e8nement<\/h2>\t\t\t\t<\/div>\n\t\t\t\t<\/div>\n\t\t\t\t<section class=\"elementor-section elementor-inner-section elementor-element elementor-element-13f50c5 elementor-section-boxed elementor-section-height-default elementor-section-height-default\" data-id=\"13f50c5\" data-element_type=\"section\" data-e-type=\"section\">\n\t\t\t\t\t\t<div class=\"elementor-container elementor-column-gap-default\">\n\t\t\t\t\t<div class=\"elementor-column elementor-col-50 elementor-inner-column elementor-element elementor-element-1adcd98\" data-id=\"1adcd98\" data-element_type=\"column\" data-e-type=\"column\">\n\t\t\t<div class=\"elementor-widget-wrap elementor-element-populated\">\n\t\t\t\t\t\t<div class=\"elementor-element elementor-element-69405b4 elementor-widget elementor-widget-image\" data-id=\"69405b4\" data-element_type=\"widget\" data-e-type=\"widget\" data-widget_type=\"image.default\">\n\t\t\t\t<div class=\"elementor-widget-container\">\n\t\t\t\t\t\t\t\t\t\t\t\t\t\t\t<img decoding=\"async\" width=\"525\" height=\"394\" src=\"https:\/\/migract.msh-vdl.fr\/wp-content\/uploads\/2026\/01\/Image-colloque-citoyennete.jpg\" class=\"attachment-large size-large wp-image-3415\" alt=\"\" srcset=\"https:\/\/migract.msh-vdl.fr\/wp-content\/uploads\/2026\/01\/Image-colloque-citoyennete.jpg 640w, https:\/\/migract.msh-vdl.fr\/wp-content\/uploads\/2026\/01\/Image-colloque-citoyennete-300x225.jpg 300w\" sizes=\"100vw\" \/>\t\t\t\t\t\t\t\t\t\t\t\t\t\t\t<\/div>\n\t\t\t\t<\/div>\n\t\t\t\t\t<\/div>\n\t\t<\/div>\n\t\t\t\t<div class=\"elementor-column elementor-col-50 elementor-inner-column elementor-element elementor-element-4952551\" data-id=\"4952551\" data-element_type=\"column\" data-e-type=\"column\">\n\t\t\t<div class=\"elementor-widget-wrap elementor-element-populated\">\n\t\t\t\t\t\t<div class=\"elementor-element elementor-element-e570f8a elementor-widget elementor-widget-text-editor\" data-id=\"e570f8a\" data-element_type=\"widget\" data-e-type=\"widget\" data-widget_type=\"text-editor.default\">\n\t\t\t\t<div class=\"elementor-widget-container\">\n\t\t\t\t\t\t\t\t\t<p><strong>Colloque international biennal du laboratoire R\u00c9M\u00c9LICE (UR4709)<\/strong> Espaces de citoyennet\u00e9 et dynamiques humaines : verticalit\u00e9s, horizontalit\u00e9s, fluidit\u00e9s Universit\u00e9 d\u2019Orl\u00e9ans &#8211; H\u00f4tel Dupanloup 26 et 27 mars 2026<\/p>\t\t\t\t\t\t\t\t<\/div>\n\t\t\t\t<\/div>\n\t\t\t\t\t<\/div>\n\t\t<\/div>\n\t\t\t\t\t<\/div>\n\t\t<\/section>\n\t\t\t\t\t<\/div>\n\t\t<\/div>\n\t\t\t\t\t<\/div>\n\t\t<\/section>\n\t\t\t\t<section class=\"elementor-section elementor-top-section elementor-element elementor-element-f449779 elementor-section-boxed elementor-section-height-default elementor-section-height-default\" data-id=\"f449779\" data-element_type=\"section\" data-e-type=\"section\">\n\t\t\t\t\t\t<div class=\"elementor-container elementor-column-gap-default\">\n\t\t\t\t\t<div class=\"elementor-column elementor-col-100 elementor-top-column elementor-element elementor-element-2acbb09\" data-id=\"2acbb09\" data-element_type=\"column\" data-e-type=\"column\">\n\t\t\t<div class=\"elementor-widget-wrap elementor-element-populated\">\n\t\t\t\t\t\t<div class=\"elementor-element elementor-element-6753eb8 elementor-widget-divider--view-line elementor-widget elementor-widget-divider\" data-id=\"6753eb8\" data-element_type=\"widget\" data-e-type=\"widget\" data-widget_type=\"divider.default\">\n\t\t\t\t<div class=\"elementor-widget-container\">\n\t\t\t\t\t\t\t<div class=\"elementor-divider\">\n\t\t\t<span class=\"elementor-divider-separator\">\n\t\t\t\t\t\t<\/span>\n\t\t<\/div>\n\t\t\t\t\t\t<\/div>\n\t\t\t\t<\/div>\n\t\t\t\t<div class=\"elementor-element elementor-element-80806f0 elementor-widget elementor-widget-text-editor\" data-id=\"80806f0\" data-element_type=\"widget\" data-e-type=\"widget\" data-widget_type=\"text-editor.default\">\n\t\t\t\t<div class=\"elementor-widget-container\">\n\t\t\t\t\t\t\t\t\t<p><strong>Citoyennet\u00e9 et migration\u00a0: pratiques artistiques et reconstruction citoyenne<\/strong><\/p><p>Les migrations contemporaines font la une de l\u2019actualit\u00e9 avec des images et des propos qui font r\u00e9guli\u00e8rement la une de la presse. Mais les migrations sont aussi au c\u0153ur de pratiques artistiques et de recherches acad\u00e9miques qui essaient de d\u00e9passer le sensationnel et les pol\u00e9miques pour visibiliser et questionner le r\u00f4le et la place des migrant dans l\u2019espace citoyen.\u00a0<\/p><p>Intervention de G. Guetemme lors du colloque biannuel de Remelice le 27 mars 2026.<\/p>\t\t\t\t\t\t\t\t<\/div>\n\t\t\t\t<\/div>\n\t\t\t\t\t<\/div>\n\t\t<\/div>\n\t\t\t\t\t<\/div>\n\t\t<\/section>\n\t\t\t\t<section class=\"elementor-section elementor-top-section elementor-element elementor-element-c640eba elementor-section-boxed elementor-section-height-default elementor-section-height-default\" data-id=\"c640eba\" data-element_type=\"section\" data-e-type=\"section\">\n\t\t\t\t\t\t<div class=\"elementor-container elementor-column-gap-default\">\n\t\t\t\t\t<div class=\"elementor-column elementor-col-100 elementor-top-column elementor-element elementor-element-71deeb1\" data-id=\"71deeb1\" data-element_type=\"column\" data-e-type=\"column\">\n\t\t\t<div class=\"elementor-widget-wrap elementor-element-populated\">\n\t\t\t\t\t\t<div class=\"elementor-element elementor-element-12d54fe elementor-widget-divider--view-line elementor-widget elementor-widget-divider\" data-id=\"12d54fe\" data-element_type=\"widget\" data-e-type=\"widget\" data-widget_type=\"divider.default\">\n\t\t\t\t<div class=\"elementor-widget-container\">\n\t\t\t\t\t\t\t<div class=\"elementor-divider\">\n\t\t\t<span class=\"elementor-divider-separator\">\n\t\t\t\t\t\t<\/span>\n\t\t<\/div>\n\t\t\t\t\t\t<\/div>\n\t\t\t\t<\/div>\n\t\t\t\t\t<\/div>\n\t\t<\/div>\n\t\t\t\t\t<\/div>\n\t\t<\/section>\n\t\t\t\t<section class=\"elementor-section elementor-top-section elementor-element elementor-element-4af414a elementor-section-boxed elementor-section-height-default elementor-section-height-default\" data-id=\"4af414a\" data-element_type=\"section\" data-e-type=\"section\">\n\t\t\t\t\t\t<div class=\"elementor-container elementor-column-gap-default\">\n\t\t\t\t\t<div class=\"elementor-column elementor-col-50 elementor-top-column elementor-element elementor-element-bca81a4\" data-id=\"bca81a4\" data-element_type=\"column\" data-e-type=\"column\">\n\t\t\t<div class=\"elementor-widget-wrap elementor-element-populated\">\n\t\t\t\t\t\t<div class=\"elementor-element elementor-element-14753b2 elementor-widget elementor-widget-text-editor\" data-id=\"14753b2\" data-element_type=\"widget\" data-e-type=\"widget\" data-widget_type=\"text-editor.default\">\n\t\t\t\t<div class=\"elementor-widget-container\">\n\t\t\t\t\t\t\t\t\t<div>\u00a0<\/div><div><a href=\"https:\/\/literaturfestival.com\/en\/authors\/mohamad-alaaedin-abdul-moula\/\"><span style=\"color: #000000;\">Mohamad Alaaedin Abdul Moula <\/span><\/a><\/div><div><a href=\"https:\/\/fr.wikipedia.org\/wiki\/St%C3%A9phane_Martelly\"><span style=\"color: #000000;\">Stephane Martelly<\/span><\/a><\/div><div><a href=\"https:\/\/xn--falmars-7xa.com\/\" target=\"_blank\" rel=\"noopener\">Falmar\u00e8s<\/a><\/div><div>\u00a0<\/div><div>\u00a0<\/div><div><div>\u00a0<\/div><\/div>\t\t\t\t\t\t\t\t<\/div>\n\t\t\t\t<\/div>\n\t\t\t\t\t<\/div>\n\t\t<\/div>\n\t\t\t\t<div class=\"elementor-column elementor-col-50 elementor-top-column elementor-element elementor-element-7380da5\" data-id=\"7380da5\" data-element_type=\"column\" data-e-type=\"column\">\n\t\t\t<div class=\"elementor-widget-wrap elementor-element-populated\">\n\t\t\t\t\t\t<div class=\"elementor-element elementor-element-e59438d elementor-widget elementor-widget-text-editor\" data-id=\"e59438d\" data-element_type=\"widget\" data-e-type=\"widget\" data-widget_type=\"text-editor.default\">\n\t\t\t\t<div class=\"elementor-widget-container\">\n\t\t\t\t\t\t\t\t\t<h3><strong>Invit\u00e9s<\/strong><\/h3>\t\t\t\t\t\t\t\t<\/div>\n\t\t\t\t<\/div>\n\t\t\t\t<div class=\"elementor-element elementor-element-5877d058 elementor-widget elementor-widget-image\" data-id=\"5877d058\" data-element_type=\"widget\" data-e-type=\"widget\" data-widget_type=\"image.default\">\n\t\t\t\t<div class=\"elementor-widget-container\">\n\t\t\t\t\t\t\t\t\t\t\t\t\t\t\t<img loading=\"lazy\" decoding=\"async\" width=\"150\" height=\"150\" src=\"https:\/\/migract.msh-vdl.fr\/wp-content\/uploads\/2020\/12\/Image10-150x150.png\" class=\"elementor-animation-grow attachment-thumbnail size-thumbnail wp-image-363\" alt=\"\" sizes=\"100vw\" \/>\t\t\t\t\t\t\t\t\t\t\t\t\t\t\t<\/div>\n\t\t\t\t<\/div>\n\t\t\t\t\t<\/div>\n\t\t<\/div>\n\t\t\t\t\t<\/div>\n\t\t<\/section>\n\t\t\t\t<section class=\"elementor-section elementor-top-section elementor-element elementor-element-4032881 elementor-section-boxed elementor-section-height-default elementor-section-height-default\" data-id=\"4032881\" data-element_type=\"section\" data-e-type=\"section\">\n\t\t\t\t\t\t<div class=\"elementor-container elementor-column-gap-default\">\n\t\t\t\t\t<div class=\"elementor-column elementor-col-100 elementor-top-column elementor-element elementor-element-a504c34\" data-id=\"a504c34\" data-element_type=\"column\" data-e-type=\"column\">\n\t\t\t<div class=\"elementor-widget-wrap elementor-element-populated\">\n\t\t\t\t\t\t<div class=\"elementor-element elementor-element-c91819a elementor-widget-divider--view-line elementor-widget elementor-widget-divider\" data-id=\"c91819a\" data-element_type=\"widget\" data-e-type=\"widget\" data-widget_type=\"divider.default\">\n\t\t\t\t<div class=\"elementor-widget-container\">\n\t\t\t\t\t\t\t<div class=\"elementor-divider\">\n\t\t\t<span class=\"elementor-divider-separator\">\n\t\t\t\t\t\t<\/span>\n\t\t<\/div>\n\t\t\t\t\t\t<\/div>\n\t\t\t\t<\/div>\n\t\t\t\t\t<\/div>\n\t\t<\/div>\n\t\t\t\t\t<\/div>\n\t\t<\/section>\n\t\t\t\t<section class=\"elementor-section elementor-top-section elementor-element elementor-element-32a5381 elementor-section-boxed elementor-section-height-default elementor-section-height-default\" data-id=\"32a5381\" data-element_type=\"section\" data-e-type=\"section\">\n\t\t\t\t\t\t<div class=\"elementor-container elementor-column-gap-default\">\n\t\t\t\t\t<div class=\"elementor-column elementor-col-50 elementor-top-column elementor-element elementor-element-5f26a09\" data-id=\"5f26a09\" data-element_type=\"column\" data-e-type=\"column\">\n\t\t\t<div class=\"elementor-widget-wrap elementor-element-populated\">\n\t\t\t\t\t\t<div class=\"elementor-element elementor-element-ea33d72 elementor-widget elementor-widget-text-editor\" data-id=\"ea33d72\" data-element_type=\"widget\" data-e-type=\"widget\" data-widget_type=\"text-editor.default\">\n\t\t\t\t<div class=\"elementor-widget-container\">\n\t\t\t\t\t\t\t\t\t<h3><strong>S\u00e9minaires<\/strong><strong>\u00a0participatifs<\/strong><\/h3>\t\t\t\t\t\t\t\t<\/div>\n\t\t\t\t<\/div>\n\t\t\t\t<div class=\"elementor-element elementor-element-6ae01fb3 e-transform e-transform elementor-widget elementor-widget-image\" data-id=\"6ae01fb3\" data-element_type=\"widget\" data-e-type=\"widget\" data-settings=\"{&quot;_transform_translateX_effect&quot;:{&quot;unit&quot;:&quot;px&quot;,&quot;size&quot;:-70,&quot;sizes&quot;:[]},&quot;_transform_translateY_effect&quot;:{&quot;unit&quot;:&quot;px&quot;,&quot;size&quot;:-61,&quot;sizes&quot;:[]},&quot;_transform_scale_effect&quot;:{&quot;unit&quot;:&quot;px&quot;,&quot;size&quot;:1.4,&quot;sizes&quot;:[]},&quot;_transform_translateX_effect_tablet&quot;:{&quot;unit&quot;:&quot;px&quot;,&quot;size&quot;:&quot;&quot;,&quot;sizes&quot;:[]},&quot;_transform_translateX_effect_mobile&quot;:{&quot;unit&quot;:&quot;px&quot;,&quot;size&quot;:&quot;&quot;,&quot;sizes&quot;:[]},&quot;_transform_translateY_effect_tablet&quot;:{&quot;unit&quot;:&quot;px&quot;,&quot;size&quot;:&quot;&quot;,&quot;sizes&quot;:[]},&quot;_transform_translateY_effect_mobile&quot;:{&quot;unit&quot;:&quot;px&quot;,&quot;size&quot;:&quot;&quot;,&quot;sizes&quot;:[]},&quot;_transform_scale_effect_tablet&quot;:{&quot;unit&quot;:&quot;px&quot;,&quot;size&quot;:&quot;&quot;,&quot;sizes&quot;:[]},&quot;_transform_scale_effect_mobile&quot;:{&quot;unit&quot;:&quot;px&quot;,&quot;size&quot;:&quot;&quot;,&quot;sizes&quot;:[]}}\" data-widget_type=\"image.default\">\n\t\t\t\t<div class=\"elementor-widget-container\">\n\t\t\t\t\t\t\t\t\t\t\t\t\t\t\t<img loading=\"lazy\" decoding=\"async\" width=\"150\" height=\"150\" src=\"https:\/\/migract.msh-vdl.fr\/wp-content\/uploads\/2020\/12\/Image04-150x150.png\" class=\"elementor-animation-grow attachment-thumbnail size-thumbnail wp-image-354\" alt=\"\" sizes=\"100vw\" \/>\t\t\t\t\t\t\t\t\t\t\t\t\t\t\t<\/div>\n\t\t\t\t<\/div>\n\t\t\t\t\t<\/div>\n\t\t<\/div>\n\t\t\t\t<div class=\"elementor-column elementor-col-50 elementor-top-column elementor-element elementor-element-f094f4a\" data-id=\"f094f4a\" data-element_type=\"column\" data-e-type=\"column\">\n\t\t\t<div class=\"elementor-widget-wrap elementor-element-populated\">\n\t\t\t\t\t\t<div class=\"elementor-element elementor-element-debe94d elementor-widget elementor-widget-text-editor\" data-id=\"debe94d\" data-element_type=\"widget\" data-e-type=\"widget\" data-widget_type=\"text-editor.default\">\n\t\t\t\t<div class=\"elementor-widget-container\">\n\t\t\t\t\t\t\t\t\t<div>Faire se rencontrer des \u00e9quipes, m\u00e9langer universitaires, artistes, \u00e9tudiant.e.s, public, exili\u00e9.e.s. Identifier des situations et des concepts,\u00a0revisiter nos \u00e9thiques, nos histoires nos p\u00e9dagogies.<\/div><div>\u00a0<\/div><div><a href=\"https:\/\/www.univ-orleans.fr\/fr\/culture\/agenda-actualites\/seminaire-de-recherche-theatre-et-migration\">Th\u00e9\u00e2tre et migration<\/a><\/div><div>Migrer au f\u00e9minin<\/div><div>Po\u00e9sie et migration<\/div><div>Cin\u00e9ma et migration<\/div><div>\u00a0<\/div>\t\t\t\t\t\t\t\t<\/div>\n\t\t\t\t<\/div>\n\t\t\t\t\t<\/div>\n\t\t<\/div>\n\t\t\t\t\t<\/div>\n\t\t<\/section>\n\t\t\t\t<\/div>\n\t\t","protected":false},"excerpt":{"rendered":"<p>Reframing the debate and engage the public How can stories\u2014told through a range of artistic and media practices\u2014address migration and inclusion? From literature and visual art to performance, our research explores the forms these stories can take and how they may become\u00a0accessible, valued, and discussed to\u00a0fuel change.\u00a0 We wish to ensure that the dialogue on &hellip; <\/p>\n<p class=\"link-more\"><a href=\"https:\/\/migract.msh-vdl.fr\/\" class=\"more-link\">Continuer la lecture<span class=\"screen-reader-text\"> de &laquo;&nbsp;Accueil&nbsp;&raquo;<\/span><\/a><\/p>\n","protected":false},"author":5,"featured_media":0,"parent":0,"menu_order":0,"comment_status":"closed","ping_status":"closed","template":"","meta":{"_price":"","_stock":"","_tribe_ticket_header":"","_tribe_default_ticket_provider":"","_ticket_start_date":"","_ticket_end_date":"","_tribe_ticket_show_description":"","_tribe_ticket_show_not_going":false,"_tribe_ticket_use_global_stock":"","_tribe_ticket_global_stock_level":"","_global_stock_mode":"","_global_stock_cap":"","_tribe_rsvp_for_event":"","_tribe_ticket_going_count":"","_tribe_ticket_not_going_count":"","_tribe_tickets_list":"[]","_tribe_ticket_has_attendee_info_fields":false,"_mc_calendar":[],"footnotes":"","_tec_slr_enabled":"","_tec_slr_layout":""},"class_list":["post-1200","page","type-page","status-publish","hentry"],"ticketed":false,"_links":{"self":[{"href":"https:\/\/migract.msh-vdl.fr\/index.php?rest_route=\/wp\/v2\/pages\/1200","targetHints":{"allow":["GET"]}}],"collection":[{"href":"https:\/\/migract.msh-vdl.fr\/index.php?rest_route=\/wp\/v2\/pages"}],"about":[{"href":"https:\/\/migract.msh-vdl.fr\/index.php?rest_route=\/wp\/v2\/types\/page"}],"author":[{"embeddable":true,"href":"https:\/\/migract.msh-vdl.fr\/index.php?rest_route=\/wp\/v2\/users\/5"}],"replies":[{"embeddable":true,"href":"https:\/\/migract.msh-vdl.fr\/index.php?rest_route=%2Fwp%2Fv2%2Fcomments&post=1200"}],"version-history":[{"count":285,"href":"https:\/\/migract.msh-vdl.fr\/index.php?rest_route=\/wp\/v2\/pages\/1200\/revisions"}],"predecessor-version":[{"id":3529,"href":"https:\/\/migract.msh-vdl.fr\/index.php?rest_route=\/wp\/v2\/pages\/1200\/revisions\/3529"}],"wp:attachment":[{"href":"https:\/\/migract.msh-vdl.fr\/index.php?rest_route=%2Fwp%2Fv2%2Fmedia&parent=1200"}],"curies":[{"name":"wp","href":"https:\/\/api.w.org\/{rel}","templated":true}]}}