{"id":1891,"date":"2023-08-24T12:39:14","date_gmt":"2023-08-24T10:39:14","guid":{"rendered":"https:\/\/migract.msh-vdl.fr\/?page_id=1891"},"modified":"2023-08-24T13:40:36","modified_gmt":"2023-08-24T11:40:36","slug":"parcours-partages","status":"publish","type":"page","link":"https:\/\/migract.msh-vdl.fr\/?page_id=1891","title":{"rendered":"Parcours illustr\u00e9s"},"content":{"rendered":"\t\t<div data-elementor-type=\"wp-page\" data-elementor-id=\"1891\" class=\"elementor elementor-1891\">\n\t\t\t\t\t\t<section class=\"elementor-section elementor-top-section elementor-element elementor-element-8f74262 elementor-section-boxed elementor-section-height-default elementor-section-height-default\" data-id=\"8f74262\" data-element_type=\"section\" data-e-type=\"section\">\n\t\t\t\t\t\t<div class=\"elementor-container elementor-column-gap-default\">\n\t\t\t\t\t<div class=\"elementor-column elementor-col-100 elementor-top-column elementor-element elementor-element-e312c9e\" data-id=\"e312c9e\" data-element_type=\"column\" data-e-type=\"column\">\n\t\t\t<div class=\"elementor-widget-wrap elementor-element-populated\">\n\t\t\t\t\t\t<div class=\"elementor-element elementor-element-e3426f6 elementor-widget elementor-widget-text-editor\" data-id=\"e3426f6\" data-element_type=\"widget\" data-e-type=\"widget\" data-widget_type=\"text-editor.default\">\n\t\t\t\t<div class=\"elementor-widget-container\">\n\t\t\t\t\t\t\t\t\t<p>Action men\u00e9e avec la\u00a0<span lang=\"FR\">Fondation des Apprentis d\u2019Auteuil, Lyc\u00e9e\u00a0<\/span><span lang=\"FR\">Lyc\u00e9e Horticole et Paysager Notre Dame des Jardins, Ch\u00e2teau des vaux 28240 Saint-Maurice-Saint-Germain, France.<\/span><\/p><p>L\u2019artiste syrienne, Diala Brisly, r\u00e9fugi\u00e9e politique en France depuis 2018, a \u00e9t\u00e9 invit\u00e9e \u00e0 animer une s\u00e9rie d\u2019ateliers avec des Mineurs Non-accompagn\u00e9s (MNA) pris en charge par la Fondation Apprentis d\u2019Auteuil.<\/p><p>Enseignante r\u00e9f\u00e9rente : Sandrine No\u00e9 \u2013 Enseignante CAIP \u2013\u00a0<em>Charg\u00e9e d\u2019Animation et d\u2019Innovation<\/em><\/p><p>Avec la participation de Sophie (\u00e9ducatrice \u2013 p\u00f4le MNA) et Agn\u00e8s (enseignante UPE2A)<\/p><p>Les \u00e9tablissements du ch\u00e2teau des Vaux ont inscrit la pratique artistique au coeur de leurs ambitions p\u00e9dagogiques&gt; Il s\u2019agit de s\u2019appuyer sur les arts pour aider les jeunes \u00e0 construire leur projet personnel et social. La pratique artistique modifie le regard sur soi en passant par la rencontre avec un artiste, la rencontre entre jeunes avec un travail commun et la rencontre entre \u00e9tablissements qui portent la culture dans leur projet.<\/p><p>40 jeunes impliqu\u00e9s sur les 3 \u00e9tablissements du site (coll\u00e8ge, Lyc\u00e9e professionnerl, Lyc\u00e9e horticole et paysager).<\/p>\t\t\t\t\t\t\t\t<\/div>\n\t\t\t\t<\/div>\n\t\t\t\t<div class=\"elementor-element elementor-element-a40729e elementor-widget elementor-widget-image\" data-id=\"a40729e\" data-element_type=\"widget\" data-e-type=\"widget\" data-widget_type=\"image.default\">\n\t\t\t\t<div class=\"elementor-widget-container\">\n\t\t\t\t\t\t\t\t\t\t\t\t\t\t\t<img fetchpriority=\"high\" decoding=\"async\" width=\"724\" height=\"1024\" src=\"https:\/\/migract.msh-vdl.fr\/wp-content\/uploads\/2022\/06\/Affichejuin-2022-724x1024.jpg\" class=\"attachment-large size-large wp-image-934\" alt=\"\" srcset=\"https:\/\/migract.msh-vdl.fr\/wp-content\/uploads\/2022\/06\/Affichejuin-2022-724x1024.jpg 724w, https:\/\/migract.msh-vdl.fr\/wp-content\/uploads\/2022\/06\/Affichejuin-2022-212x300.jpg 212w, https:\/\/migract.msh-vdl.fr\/wp-content\/uploads\/2022\/06\/Affichejuin-2022-768x1087.jpg 768w, https:\/\/migract.msh-vdl.fr\/wp-content\/uploads\/2022\/06\/Affichejuin-2022-1086x1536.jpg 1086w, https:\/\/migract.msh-vdl.fr\/wp-content\/uploads\/2022\/06\/Affichejuin-2022-1448x2048.jpg 1448w, https:\/\/migract.msh-vdl.fr\/wp-content\/uploads\/2022\/06\/Affichejuin-2022-scaled.jpg 1809w\" sizes=\"100vw\" \/>\t\t\t\t\t\t\t\t\t\t\t\t\t\t\t<\/div>\n\t\t\t\t<\/div>\n\t\t\t\t\t<\/div>\n\t\t<\/div>\n\t\t\t\t\t<\/div>\n\t\t<\/section>\n\t\t\t\t<section class=\"elementor-section elementor-top-section elementor-element elementor-element-3f68754 elementor-section-boxed elementor-section-height-default elementor-section-height-default\" data-id=\"3f68754\" data-element_type=\"section\" data-e-type=\"section\">\n\t\t\t\t\t\t<div class=\"elementor-container elementor-column-gap-default\">\n\t\t\t\t\t<div class=\"elementor-column elementor-col-50 elementor-top-column elementor-element elementor-element-2e0ad27\" data-id=\"2e0ad27\" data-element_type=\"column\" data-e-type=\"column\">\n\t\t\t<div class=\"elementor-widget-wrap elementor-element-populated\">\n\t\t\t\t\t\t<div class=\"elementor-element elementor-element-f76c205 elementor-widget elementor-widget-image\" data-id=\"f76c205\" data-element_type=\"widget\" data-e-type=\"widget\" data-widget_type=\"image.default\">\n\t\t\t\t<div class=\"elementor-widget-container\">\n\t\t\t\t\t\t\t\t\t\t\t\t\t\t\t<img decoding=\"async\" width=\"740\" height=\"479\" src=\"https:\/\/migract.msh-vdl.fr\/wp-content\/uploads\/2021\/02\/vous-etes-ici.png\" class=\"attachment-large size-large wp-image-583\" alt=\"\" srcset=\"https:\/\/migract.msh-vdl.fr\/wp-content\/uploads\/2021\/02\/vous-etes-ici.png 753w, https:\/\/migract.msh-vdl.fr\/wp-content\/uploads\/2021\/02\/vous-etes-ici-300x194.png 300w\" sizes=\"100vw\" \/>\t\t\t\t\t\t\t\t\t\t\t\t\t\t\t<\/div>\n\t\t\t\t<\/div>\n\t\t\t\t\t<\/div>\n\t\t<\/div>\n\t\t\t\t<div class=\"elementor-column elementor-col-50 elementor-top-column elementor-element elementor-element-a3bd0b0\" data-id=\"a3bd0b0\" data-element_type=\"column\" data-e-type=\"column\">\n\t\t\t<div class=\"elementor-widget-wrap\">\n\t\t\t\t\t\t\t<\/div>\n\t\t<\/div>\n\t\t\t\t\t<\/div>\n\t\t<\/section>\n\t\t\t\t<section class=\"elementor-section elementor-top-section elementor-element elementor-element-8bdeaa0 elementor-section-boxed elementor-section-height-default elementor-section-height-default\" data-id=\"8bdeaa0\" data-element_type=\"section\" data-e-type=\"section\">\n\t\t\t\t\t\t<div class=\"elementor-container elementor-column-gap-default\">\n\t\t\t\t\t<div class=\"elementor-column elementor-col-100 elementor-top-column elementor-element elementor-element-0550f62\" data-id=\"0550f62\" data-element_type=\"column\" data-e-type=\"column\">\n\t\t\t<div class=\"elementor-widget-wrap elementor-element-populated\">\n\t\t\t\t\t\t<div class=\"elementor-element elementor-element-9945b48 elementor-widget elementor-widget-text-editor\" data-id=\"9945b48\" data-element_type=\"widget\" data-e-type=\"widget\" data-widget_type=\"text-editor.default\">\n\t\t\t\t<div class=\"elementor-widget-container\">\n\t\t\t\t\t\t\t\t\t<p><span style=\"color: #ff00ff;\"><strong>\u00ab Vous \u00eates ici maintenant \u00bb<\/strong><\/span><\/p><p>Comprendre ce que signifie \u00ab \u00eatre ici \u00bb. Tenir compte du pass\u00e9, des projets d\u2019avenir \u00e0 un endroit et un moment pr\u00e9cis. Penser un ou plusieurs mots, \u00e9voquer, provoquer des images et des \u00e9motions, dessiner, verbaliser, se raconter, mettre en sc\u00e8ne la cr\u00e9ation. Les images ont permis aux jeunes \u00e0 raconter leur propre histoire avec les formes et les motifs qui leur sont chers.<\/p>\t\t\t\t\t\t\t\t<\/div>\n\t\t\t\t<\/div>\n\t\t\t\t<div class=\"elementor-element elementor-element-f98099d elementor-widget elementor-widget-video\" data-id=\"f98099d\" data-element_type=\"widget\" data-e-type=\"widget\" data-settings=\"{&quot;youtube_url&quot;:&quot;https:\\\/\\\/www.youtube.com\\\/watch?v=7bWV3sze58g&quot;,&quot;video_type&quot;:&quot;youtube&quot;,&quot;controls&quot;:&quot;yes&quot;}\" data-widget_type=\"video.default\">\n\t\t\t\t<div class=\"elementor-widget-container\">\n\t\t\t\t\t\t\t<div class=\"elementor-wrapper elementor-open-inline\">\n\t\t\t<div class=\"elementor-video\"><\/div>\t\t<\/div>\n\t\t\t\t\t\t<\/div>\n\t\t\t\t<\/div>\n\t\t\t\t<div class=\"elementor-element elementor-element-9a177ce elementor-widget elementor-widget-video\" data-id=\"9a177ce\" data-element_type=\"widget\" data-e-type=\"widget\" data-settings=\"{&quot;youtube_url&quot;:&quot;https:\\\/\\\/www.youtube.com\\\/watch?v=u1C16gw5e2I&quot;,&quot;video_type&quot;:&quot;youtube&quot;,&quot;controls&quot;:&quot;yes&quot;}\" data-widget_type=\"video.default\">\n\t\t\t\t<div class=\"elementor-widget-container\">\n\t\t\t\t\t\t\t<div class=\"elementor-wrapper elementor-open-inline\">\n\t\t\t<div class=\"elementor-video\"><\/div>\t\t<\/div>\n\t\t\t\t\t\t<\/div>\n\t\t\t\t<\/div>\n\t\t\t\t\t<\/div>\n\t\t<\/div>\n\t\t\t\t\t<\/div>\n\t\t<\/section>\n\t\t\t\t<section class=\"elementor-section elementor-top-section elementor-element elementor-element-aed2102 elementor-section-boxed elementor-section-height-default elementor-section-height-default\" data-id=\"aed2102\" data-element_type=\"section\" data-e-type=\"section\">\n\t\t\t\t\t\t<div class=\"elementor-container elementor-column-gap-default\">\n\t\t\t\t\t<div class=\"elementor-column elementor-col-100 elementor-top-column elementor-element elementor-element-df72e03\" data-id=\"df72e03\" data-element_type=\"column\" data-e-type=\"column\">\n\t\t\t<div class=\"elementor-widget-wrap elementor-element-populated\">\n\t\t\t\t\t\t<div class=\"elementor-element elementor-element-ff2011d elementor-widget elementor-widget-button\" data-id=\"ff2011d\" data-element_type=\"widget\" data-e-type=\"widget\" data-widget_type=\"button.default\">\n\t\t\t\t<div class=\"elementor-widget-container\">\n\t\t\t\t\t\t\t\t\t<div class=\"elementor-button-wrapper\">\n\t\t\t\t\t<a class=\"elementor-button elementor-button-link elementor-size-sm\" href=\"\">\n\t\t\t\t\t\t<span class=\"elementor-button-content-wrapper\">\n\t\t\t\t\t\t\t\t\t<span class=\"elementor-button-text\">t\u00e9moignages : la libert\u00e9 c'est quoi ? <\/span>\n\t\t\t\t\t<\/span>\n\t\t\t\t\t<\/a>\n\t\t\t\t<\/div>\n\t\t\t\t\t\t\t\t<\/div>\n\t\t\t\t<\/div>\n\t\t\t\t\t<\/div>\n\t\t<\/div>\n\t\t\t\t\t<\/div>\n\t\t<\/section>\n\t\t\t\t<section class=\"elementor-section elementor-top-section elementor-element elementor-element-5b401dd elementor-section-boxed elementor-section-height-default elementor-section-height-default\" data-id=\"5b401dd\" data-element_type=\"section\" data-e-type=\"section\">\n\t\t\t\t\t\t<div class=\"elementor-container elementor-column-gap-default\">\n\t\t\t\t\t<div class=\"elementor-column elementor-col-50 elementor-top-column elementor-element elementor-element-1122fa9\" data-id=\"1122fa9\" data-element_type=\"column\" data-e-type=\"column\">\n\t\t\t<div class=\"elementor-widget-wrap elementor-element-populated\">\n\t\t\t\t\t\t<div class=\"elementor-element elementor-element-f29fdd4 elementor-widget elementor-widget-button\" data-id=\"f29fdd4\" data-element_type=\"widget\" data-e-type=\"widget\" data-widget_type=\"button.default\">\n\t\t\t\t<div class=\"elementor-widget-container\">\n\t\t\t\t\t\t\t\t\t<div class=\"elementor-button-wrapper\">\n\t\t\t\t\t<a class=\"elementor-button elementor-button-link elementor-size-sm\" href=\"https:\/\/migract.msh-vdl.fr\/?page_id=1954\">\n\t\t\t\t\t\t<span class=\"elementor-button-content-wrapper\">\n\t\t\t\t\t\t\t\t\t<span class=\"elementor-button-text\">description des ateliers<\/span>\n\t\t\t\t\t<\/span>\n\t\t\t\t\t<\/a>\n\t\t\t\t<\/div>\n\t\t\t\t\t\t\t\t<\/div>\n\t\t\t\t<\/div>\n\t\t\t\t<div class=\"elementor-element elementor-element-2b45462 elementor-widget elementor-widget-image\" data-id=\"2b45462\" data-element_type=\"widget\" data-e-type=\"widget\" data-widget_type=\"image.default\">\n\t\t\t\t<div class=\"elementor-widget-container\">\n\t\t\t\t\t\t\t\t\t\t\t\t\t\t\t<img decoding=\"async\" width=\"146\" height=\"150\" src=\"https:\/\/migract.msh-vdl.fr\/wp-content\/uploads\/2023\/06\/Apprentis-dauteuil-291x300-1.jpg\" class=\"attachment-thumbnail size-thumbnail wp-image-1304\" alt=\"\" sizes=\"100vw\" \/>\t\t\t\t\t\t\t\t\t\t\t\t\t\t\t<\/div>\n\t\t\t\t<\/div>\n\t\t\t\t\t<\/div>\n\t\t<\/div>\n\t\t\t\t<div class=\"elementor-column elementor-col-50 elementor-top-column elementor-element elementor-element-60ab79d\" data-id=\"60ab79d\" data-element_type=\"column\" data-e-type=\"column\">\n\t\t\t<div class=\"elementor-widget-wrap elementor-element-populated\">\n\t\t\t\t\t\t<div class=\"elementor-element elementor-element-14c2733 elementor-widget elementor-widget-image\" data-id=\"14c2733\" data-element_type=\"widget\" data-e-type=\"widget\" data-widget_type=\"image.default\">\n\t\t\t\t<div class=\"elementor-widget-container\">\n\t\t\t\t\t\t\t\t\t\t\t\t\t\t\t<img loading=\"lazy\" decoding=\"async\" width=\"364\" height=\"139\" src=\"https:\/\/migract.msh-vdl.fr\/wp-content\/uploads\/2021\/02\/logo-foujita.png\" class=\"attachment-large size-large wp-image-582\" alt=\"\" srcset=\"https:\/\/migract.msh-vdl.fr\/wp-content\/uploads\/2021\/02\/logo-foujita.png 364w, https:\/\/migract.msh-vdl.fr\/wp-content\/uploads\/2021\/02\/logo-foujita-300x115.png 300w\" sizes=\"100vw\" \/>\t\t\t\t\t\t\t\t\t\t\t\t\t\t\t<\/div>\n\t\t\t\t<\/div>\n\t\t\t\t\t<\/div>\n\t\t<\/div>\n\t\t\t\t\t<\/div>\n\t\t<\/section>\n\t\t\t\t<section class=\"elementor-section elementor-top-section elementor-element elementor-element-645ad51 elementor-section-boxed elementor-section-height-default elementor-section-height-default\" data-id=\"645ad51\" data-element_type=\"section\" data-e-type=\"section\">\n\t\t\t\t\t\t<div class=\"elementor-container elementor-column-gap-default\">\n\t\t\t\t\t<div class=\"elementor-column elementor-col-100 elementor-top-column elementor-element elementor-element-82d3840\" data-id=\"82d3840\" data-element_type=\"column\" data-e-type=\"column\">\n\t\t\t<div class=\"elementor-widget-wrap elementor-element-populated\">\n\t\t\t\t\t\t<div class=\"elementor-element elementor-element-6548399 elementor-widget elementor-widget-image\" data-id=\"6548399\" data-element_type=\"widget\" data-e-type=\"widget\" data-widget_type=\"image.default\">\n\t\t\t\t<div class=\"elementor-widget-container\">\n\t\t\t\t\t\t\t\t\t\t\t\t\t\t\t<img loading=\"lazy\" decoding=\"async\" width=\"740\" height=\"353\" src=\"https:\/\/migract.msh-vdl.fr\/wp-content\/uploads\/2022\/06\/invitations-PI2022-1024x488.jpg\" class=\"attachment-large size-large wp-image-929\" alt=\"\" srcset=\"https:\/\/migract.msh-vdl.fr\/wp-content\/uploads\/2022\/06\/invitations-PI2022-1024x488.jpg 1024w, https:\/\/migract.msh-vdl.fr\/wp-content\/uploads\/2022\/06\/invitations-PI2022-300x143.jpg 300w, https:\/\/migract.msh-vdl.fr\/wp-content\/uploads\/2022\/06\/invitations-PI2022-768x366.jpg 768w, https:\/\/migract.msh-vdl.fr\/wp-content\/uploads\/2022\/06\/invitations-PI2022-1536x731.jpg 1536w, https:\/\/migract.msh-vdl.fr\/wp-content\/uploads\/2022\/06\/invitations-PI2022.jpg 1819w\" sizes=\"100vw\" \/>\t\t\t\t\t\t\t\t\t\t\t\t\t\t\t<\/div>\n\t\t\t\t<\/div>\n\t\t\t\t\t<\/div>\n\t\t<\/div>\n\t\t\t\t\t<\/div>\n\t\t<\/section>\n\t\t\t\t<\/div>\n\t\t","protected":false},"excerpt":{"rendered":"<p>Action men\u00e9e avec la\u00a0Fondation des Apprentis d\u2019Auteuil, Lyc\u00e9e\u00a0Lyc\u00e9e Horticole et Paysager Notre Dame des Jardins, Ch\u00e2teau des vaux 28240 Saint-Maurice-Saint-Germain, France. L\u2019artiste syrienne, Diala Brisly, r\u00e9fugi\u00e9e politique en France depuis 2018, a \u00e9t\u00e9 invit\u00e9e \u00e0 animer une s\u00e9rie d\u2019ateliers avec des Mineurs Non-accompagn\u00e9s (MNA) pris en charge par la Fondation Apprentis d\u2019Auteuil. Enseignante r\u00e9f\u00e9rente : &hellip; <\/p>\n<p class=\"link-more\"><a href=\"https:\/\/migract.msh-vdl.fr\/?page_id=1891\" class=\"more-link\">Continuer la lecture<span class=\"screen-reader-text\"> de &laquo;&nbsp;Parcours illustr\u00e9s&nbsp;&raquo;<\/span><\/a><\/p>\n","protected":false},"author":2,"featured_media":0,"parent":0,"menu_order":0,"comment_status":"closed","ping_status":"closed","template":"","meta":{"_price":"","_stock":"","_tribe_ticket_header":"","_tribe_default_ticket_provider":"","_ticket_start_date":"","_ticket_end_date":"","_tribe_ticket_show_description":"","_tribe_ticket_show_not_going":false,"_tribe_ticket_use_global_stock":"","_tribe_ticket_global_stock_level":"","_global_stock_mode":"","_global_stock_cap":"","_tribe_rsvp_for_event":"","_tribe_ticket_going_count":"","_tribe_ticket_not_going_count":"","_tribe_tickets_list":"[]","_tribe_ticket_has_attendee_info_fields":false,"_mc_calendar":[],"footnotes":"","_tec_slr_enabled":"","_tec_slr_layout":""},"class_list":["post-1891","page","type-page","status-publish","hentry"],"ticketed":false,"_links":{"self":[{"href":"https:\/\/migract.msh-vdl.fr\/index.php?rest_route=\/wp\/v2\/pages\/1891","targetHints":{"allow":["GET"]}}],"collection":[{"href":"https:\/\/migract.msh-vdl.fr\/index.php?rest_route=\/wp\/v2\/pages"}],"about":[{"href":"https:\/\/migract.msh-vdl.fr\/index.php?rest_route=\/wp\/v2\/types\/page"}],"author":[{"embeddable":true,"href":"https:\/\/migract.msh-vdl.fr\/index.php?rest_route=\/wp\/v2\/users\/2"}],"replies":[{"embeddable":true,"href":"https:\/\/migract.msh-vdl.fr\/index.php?rest_route=%2Fwp%2Fv2%2Fcomments&post=1891"}],"version-history":[{"count":54,"href":"https:\/\/migract.msh-vdl.fr\/index.php?rest_route=\/wp\/v2\/pages\/1891\/revisions"}],"predecessor-version":[{"id":1980,"href":"https:\/\/migract.msh-vdl.fr\/index.php?rest_route=\/wp\/v2\/pages\/1891\/revisions\/1980"}],"wp:attachment":[{"href":"https:\/\/migract.msh-vdl.fr\/index.php?rest_route=%2Fwp%2Fv2%2Fmedia&parent=1891"}],"curies":[{"name":"wp","href":"https:\/\/api.w.org\/{rel}","templated":true}]}}