{"id":1954,"date":"2023-08-24T13:22:09","date_gmt":"2023-08-24T11:22:09","guid":{"rendered":"https:\/\/migract.msh-vdl.fr\/?page_id=1954"},"modified":"2023-08-24T13:24:16","modified_gmt":"2023-08-24T11:24:16","slug":"description-des-ateliers","status":"publish","type":"page","link":"https:\/\/migract.msh-vdl.fr\/?page_id=1954","title":{"rendered":"Description des ateliers"},"content":{"rendered":"\t\t<div data-elementor-type=\"wp-page\" data-elementor-id=\"1954\" class=\"elementor elementor-1954\">\n\t\t\t\t\t\t<section class=\"elementor-section elementor-top-section elementor-element elementor-element-4551328 elementor-section-boxed elementor-section-height-default elementor-section-height-default\" data-id=\"4551328\" data-element_type=\"section\" data-e-type=\"section\">\n\t\t\t\t\t\t<div class=\"elementor-container elementor-column-gap-default\">\n\t\t\t\t\t<div class=\"elementor-column elementor-col-100 elementor-top-column elementor-element elementor-element-84eba0a\" data-id=\"84eba0a\" data-element_type=\"column\" data-e-type=\"column\">\n\t\t\t<div class=\"elementor-widget-wrap elementor-element-populated\">\n\t\t\t\t\t\t<div class=\"elementor-element elementor-element-63391e4 elementor-widget elementor-widget-text-editor\" data-id=\"63391e4\" data-element_type=\"widget\" data-e-type=\"widget\" data-widget_type=\"text-editor.default\">\n\t\t\t\t<div class=\"elementor-widget-container\">\n\t\t\t\t\t\t\t\t\t<div id=\"content\" class=\"site-content\"><div class=\"wrap\"><div id=\"primary\" class=\"content-area\"><article id=\"post-968\" class=\"post-968 page type-page status-publish hentry\"><div class=\"entry-content\"><h6>Action men\u00e9e avec la <span lang=\"FR\">Fondation des Apprentis d\u2019Auteuil, au Lyc\u00e9e <\/span><span lang=\"FR\">Lyc\u00e9e Horticole et Paysager Notre Dame des Jardins, Ch\u00e2teau des vaux\u00a0<\/span><\/h6><p>Enseignante r\u00e9f\u00e9rente : Sandrine No\u00e9 \u2013 Enseignante CAIP \u2013\u00a0<em>Charg\u00e9e d\u2019Animation et d\u2019Innovation<\/em><\/p><p>Artiste intervenante : Diala Brisly.<\/p><p>public : mineurs Non-accompagn\u00e9s (MNA) pris en charge par la Fondation Apprentis d\u2019Auteuil.<\/p><p>Avec la participation de Sophie (\u00e9ducatrice \u2013 p\u00f4le MNA) et Agn\u00e8s (enseignante UPE2A)<\/p><p><strong>objectifs<\/strong>\u00a0:<\/p><ul><li>am\u00e9liorer l\u2019apprentissage des langues, des cultures et l\u2019inclusion sociale<\/li><li>d\u00e9velopper une p\u00e9dagogie inclusive et innovante<\/li><li>d\u00e9velopper le partage culturel<\/li><\/ul><\/div><div class=\"entry-content\"><p><strong style=\"font-size: 1rem;\">Atelier 1 <\/strong><span style=\"font-size: 1rem;\">\u00a0(du 8 au 12 f\u00e9vrier 2021)\u00a0<\/span><\/p><p>Comprendre ce que signifie \u00ab \u00eatre ici \u00bb. Tenir compte du pass\u00e9, des projets d\u2019avenir \u00e0 un endroit et un moment pr\u00e9cis. Penser un ou plusieurs mots, \u00e9voquer, provoquer des images et des \u00e9motions, dessiner, verbaliser, se raconter, mettre en sc\u00e8ne la cr\u00e9ation. Les images ont permis aux jeunes \u00e0 raconter leur propre histoire avec les formes et les motifs qui leur sont chers.<\/p><p><a href=\"https:\/\/migract.msh-vdl.fr\/wp-content\/uploads\/2021\/07\/noman-pakistan.jpg\"><img fetchpriority=\"high\" decoding=\"async\" class=\"wp-image-817 aligncenter\" src=\"https:\/\/migract.msh-vdl.fr\/wp-content\/uploads\/2021\/07\/noman-pakistan.jpg\" sizes=\"(max-width: 319px) 100vw, 319px\" srcset=\"https:\/\/migract.msh-vdl.fr\/wp-content\/uploads\/2021\/07\/noman-pakistan.jpg 905w, https:\/\/migract.msh-vdl.fr\/wp-content\/uploads\/2021\/07\/noman-pakistan-150x150.jpg 150w, https:\/\/migract.msh-vdl.fr\/wp-content\/uploads\/2021\/07\/noman-pakistan-768x765.jpg 768w, https:\/\/migract.msh-vdl.fr\/wp-content\/uploads\/2021\/07\/noman-pakistan-100x100.jpg 100w\" alt=\"\" width=\"319\" height=\"317\" \/><\/a><\/p><p><a href=\"https:\/\/migract.msh-vdl.fr\/?page_id=968#_ftnref1\" name=\"_ftn1\"><\/a><\/p><p><strong>Atelier 2\u00a0<\/strong>( du 24 au 28 mai 2021) avec la dessinatrice \u2013 illustratrice syrienne : Diala Brisly. Ateliers de trois heures\u00a0 pendant 3 jours :\u00a0<strong>\u00ab vous n\u2019\u00eates pas un arbre \u00bb<\/strong><\/p><p>Seconde intervention dans deux \u00e9tablissements, un Lyc\u00e9e Horticole et Paysager et une Maison d\u2019Enfants \u00e0 Caract\u00e8re Social (une quinzaine de jeunes de 16 \u00e0 18 ans) aupr\u00e8s d\u2019une classe de Mineurs Non Accompagn\u00e9s<br \/>Ce deuxi\u00e8me atelier a eu lieu trois mois apr\u00e8s le premier. Entre les deux temps, des \u00e9changes par visio ont eu lieu \u00e0 la demande des jeunes, pour maintenir le lien cr\u00e9\u00e9 lors du premier atelier.<\/p><p><a href=\"https:\/\/migract.msh-vdl.fr\/wp-content\/uploads\/2021\/07\/pissenlits.jpg\"><img decoding=\"async\" class=\"alignnone size-large wp-image-813\" src=\"https:\/\/migract.msh-vdl.fr\/wp-content\/uploads\/2021\/07\/pissenlits-1024x665.jpg\" sizes=\"(max-width: 525px) 100vw, 525px\" srcset=\"https:\/\/migract.msh-vdl.fr\/wp-content\/uploads\/2021\/07\/pissenlits-1024x665.jpg 1024w, https:\/\/migract.msh-vdl.fr\/wp-content\/uploads\/2021\/07\/pissenlits-300x195.jpg 300w, https:\/\/migract.msh-vdl.fr\/wp-content\/uploads\/2021\/07\/pissenlits-768x499.jpg 768w, https:\/\/migract.msh-vdl.fr\/wp-content\/uploads\/2021\/07\/pissenlits.jpg 1483w\" alt=\"\" width=\"525\" height=\"341\" \/><\/a><\/p><p><strong>Jour 1 :\u00a0<\/strong>mat\u00e9riel\u00a0 \u2013 feuilles blanches, toiles de coton de 50\u00d780 cm, peinture et feutres acryliques.<br \/>Nous sommes tous mobiles malgr\u00e9 nos racines : que souhaitons-nous montrer\u00a0 ? Que souhaitons nous faire ? Comment nous projetons nous dans l\u2019avenir ?<br \/>L\u2019exercice a \u00e9t\u00e9 mis en lien avec les r\u00e9alisations produites avec Bakar (intervenant-slammeur \u2013 travaillant autour des mots et des images). Les jeunes ont r\u00e9alis\u00e9 un croquis de ce qu\u2019ils souhaitaient repr\u00e9senter. Ils ont demand\u00e9 des conseils\u00a0 \u00e0 l\u2019artiste.<br \/>Lorsque les croquis ont \u00e9t\u00e9 r\u00e9alis\u00e9s, chacun a pris une toile.<br \/>Le travail de verbalisation s\u2019est tourn\u00e9 vers des repr\u00e9sentations symboliques. Diala s\u2019est positionn\u00e9e en \u00ab aidante ressource \u00bb sur les croquis puis sur les couleurs choisies. [la p\u00e9riode de fin d\u2019ann\u00e9e pleine d\u2019incertitude sur leur prise en charge a emp\u00each\u00e9 deux jeunes de se mettre en action]<\/p><p><strong>Jour 2<\/strong>\u00a0:<br \/>Chacun a ajout\u00e9 des \u00e9l\u00e9ments. Un temps de retour a permis aux jeunes de se montrer pointilleux et soucieux des d\u00e9tails. Le temps de s\u00e9chage de la peinture a \u00e9t\u00e9 l\u2019occasion d\u2019interactions, d\u2019entraide et de partage de musiques. Diala \u00e9tait sollicit\u00e9e directement par les jeunes. Certains ont accept\u00e9 des outils qu\u2019ils ne souhaitait pas utiliser (pinceaux) au d\u00e9part. L\u2019un des jeunes qui refusaient de se mettre au travail s\u2019est finalement lanc\u00e9.<\/p><p><a href=\"https:\/\/migract.msh-vdl.fr\/wp-content\/uploads\/2021\/07\/Sam-motivation-et-courage.jpg\"><img decoding=\"async\" class=\"wp-image-814 size-large\" src=\"https:\/\/migract.msh-vdl.fr\/wp-content\/uploads\/2021\/07\/Sam-motivation-et-courage-1024x664.jpg\" sizes=\"(max-width: 525px) 100vw, 525px\" srcset=\"https:\/\/migract.msh-vdl.fr\/wp-content\/uploads\/2021\/07\/Sam-motivation-et-courage-1024x664.jpg 1024w, https:\/\/migract.msh-vdl.fr\/wp-content\/uploads\/2021\/07\/Sam-motivation-et-courage-300x195.jpg 300w, https:\/\/migract.msh-vdl.fr\/wp-content\/uploads\/2021\/07\/Sam-motivation-et-courage-768x498.jpg 768w, https:\/\/migract.msh-vdl.fr\/wp-content\/uploads\/2021\/07\/Sam-motivation-et-courage.jpg 1087w\" alt=\"\" width=\"525\" height=\"340\" \/><\/a><\/p><p>Sam \u2013 motivation et courage<strong>Jour 3<\/strong>\u00a0:<br \/>Les toiles ont \u00e9t\u00e9 termin\u00e9es et chacun a propos\u00e9 un titre et un message audio. Les jeunes \u00e9taient autonomes et savaient ce qu\u2019ils souhaitaient faire.<br \/>Sur l\u2019ensemble des trois matin\u00e9es, d\u2019autres classes sont venues voir le travail r\u00e9alis\u00e9, dans une salle de classe transform\u00e9e en atelier.<\/p><p><a href=\"https:\/\/migract.msh-vdl.fr\/wp-content\/uploads\/2021\/07\/clock.jpg\"><img loading=\"lazy\" decoding=\"async\" class=\"alignnone size-large wp-image-815\" src=\"https:\/\/migract.msh-vdl.fr\/wp-content\/uploads\/2021\/07\/clock-1024x744.jpg\" sizes=\"(max-width: 525px) 100vw, 525px\" srcset=\"https:\/\/migract.msh-vdl.fr\/wp-content\/uploads\/2021\/07\/clock-1024x744.jpg 1024w, https:\/\/migract.msh-vdl.fr\/wp-content\/uploads\/2021\/07\/clock-300x218.jpg 300w, https:\/\/migract.msh-vdl.fr\/wp-content\/uploads\/2021\/07\/clock-768x558.jpg 768w, https:\/\/migract.msh-vdl.fr\/wp-content\/uploads\/2021\/07\/clock.jpg 1183w\" alt=\"\" width=\"525\" height=\"381\" \/><\/a><\/p><p><strong>Bilan<\/strong><\/p><p>Une exposition des travaux a permis de partager les productions des jeunes avec l\u2019ensemble de la communiaut\u00e9 \u00e9ducative du Chateau des Vaux.\u00a0 Installation et animation par les jeunes de la classe mosa\u00eeque.<\/p><div id=\"gallery-1\" class=\"gallery galleryid-968 gallery-columns-3 gallery-size-thumbnail\"><figure class=\"gallery-item\"><div class=\"gallery-icon landscape\"><a href=\"https:\/\/migract.msh-vdl.fr\/?attachment_id=839\"><img loading=\"lazy\" decoding=\"async\" class=\"attachment-thumbnail size-thumbnail\" src=\"https:\/\/migract.msh-vdl.fr\/wp-content\/uploads\/2021\/10\/expo8-150x150.jpg\" sizes=\"100vw\" srcset=\"https:\/\/migract.msh-vdl.fr\/wp-content\/uploads\/2021\/10\/expo8-150x150.jpg 150w, https:\/\/migract.msh-vdl.fr\/wp-content\/uploads\/2021\/10\/expo8-100x100.jpg 100w\" alt=\"\" width=\"150\" height=\"150\" \/><\/a><\/div><\/figure><figure class=\"gallery-item\"><div class=\"gallery-icon landscape\"><a href=\"https:\/\/migract.msh-vdl.fr\/?attachment_id=838\"><img loading=\"lazy\" decoding=\"async\" class=\"attachment-thumbnail size-thumbnail\" src=\"https:\/\/migract.msh-vdl.fr\/wp-content\/uploads\/2021\/10\/expo7-150x150.jpg\" sizes=\"100vw\" srcset=\"https:\/\/migract.msh-vdl.fr\/wp-content\/uploads\/2021\/10\/expo7-150x150.jpg 150w, https:\/\/migract.msh-vdl.fr\/wp-content\/uploads\/2021\/10\/expo7-100x100.jpg 100w\" alt=\"\" width=\"150\" height=\"150\" \/><\/a><\/div><\/figure><figure class=\"gallery-item\"><div class=\"gallery-icon landscape\"><a href=\"https:\/\/migract.msh-vdl.fr\/?attachment_id=837\"><img loading=\"lazy\" decoding=\"async\" class=\"attachment-thumbnail size-thumbnail\" src=\"https:\/\/migract.msh-vdl.fr\/wp-content\/uploads\/2021\/10\/expo6-150x150.jpg\" sizes=\"100vw\" srcset=\"https:\/\/migract.msh-vdl.fr\/wp-content\/uploads\/2021\/10\/expo6-150x150.jpg 150w, https:\/\/migract.msh-vdl.fr\/wp-content\/uploads\/2021\/10\/expo6-100x100.jpg 100w\" alt=\"\" width=\"150\" height=\"150\" \/><\/a><\/div><\/figure><figure class=\"gallery-item\"><div class=\"gallery-icon portrait\"><a href=\"https:\/\/migract.msh-vdl.fr\/?attachment_id=836\"><img loading=\"lazy\" decoding=\"async\" class=\"attachment-thumbnail size-thumbnail\" src=\"https:\/\/migract.msh-vdl.fr\/wp-content\/uploads\/2021\/10\/expo5-150x150.jpg\" sizes=\"100vw\" srcset=\"https:\/\/migract.msh-vdl.fr\/wp-content\/uploads\/2021\/10\/expo5-150x150.jpg 150w, https:\/\/migract.msh-vdl.fr\/wp-content\/uploads\/2021\/10\/expo5-100x100.jpg 100w\" alt=\"\" width=\"150\" height=\"150\" \/><\/a><\/div><\/figure><figure class=\"gallery-item\"><div class=\"gallery-icon landscape\"><a href=\"https:\/\/migract.msh-vdl.fr\/?attachment_id=835\"><img loading=\"lazy\" decoding=\"async\" class=\"attachment-thumbnail size-thumbnail\" src=\"https:\/\/migract.msh-vdl.fr\/wp-content\/uploads\/2021\/10\/expo4-150x150.jpg\" sizes=\"100vw\" srcset=\"https:\/\/migract.msh-vdl.fr\/wp-content\/uploads\/2021\/10\/expo4-150x150.jpg 150w, https:\/\/migract.msh-vdl.fr\/wp-content\/uploads\/2021\/10\/expo4-100x100.jpg 100w\" alt=\"\" width=\"150\" height=\"150\" \/><\/a><\/div><\/figure><figure class=\"gallery-item\"><div class=\"gallery-icon landscape\"><a href=\"https:\/\/migract.msh-vdl.fr\/?attachment_id=832\"><img loading=\"lazy\" decoding=\"async\" class=\"attachment-thumbnail size-thumbnail\" src=\"https:\/\/migract.msh-vdl.fr\/wp-content\/uploads\/2021\/10\/expo1-150x150.jpg\" sizes=\"100vw\" srcset=\"https:\/\/migract.msh-vdl.fr\/wp-content\/uploads\/2021\/10\/expo1-150x150.jpg 150w, https:\/\/migract.msh-vdl.fr\/wp-content\/uploads\/2021\/10\/expo1-100x100.jpg 100w\" alt=\"\" width=\"150\" height=\"150\" \/><\/a><\/div><\/figure><\/div><\/div><\/article><\/div><\/div><\/div><footer id=\"colophon\" class=\"site-footer\" role=\"contentinfo\"><div class=\"wrap\"><div class=\"site-info\">\u00a0<\/div><\/div><\/footer>\t\t\t\t\t\t\t\t<\/div>\n\t\t\t\t<\/div>\n\t\t\t\t\t<\/div>\n\t\t<\/div>\n\t\t\t\t\t<\/div>\n\t\t<\/section>\n\t\t\t\t<\/div>\n\t\t","protected":false},"excerpt":{"rendered":"<p>Action men\u00e9e avec la Fondation des Apprentis d\u2019Auteuil, au Lyc\u00e9e Lyc\u00e9e Horticole et Paysager Notre Dame des Jardins, Ch\u00e2teau des vaux\u00a0 Enseignante r\u00e9f\u00e9rente : Sandrine No\u00e9 \u2013 Enseignante CAIP \u2013\u00a0Charg\u00e9e d\u2019Animation et d\u2019Innovation Artiste intervenante : Diala Brisly. public : mineurs Non-accompagn\u00e9s (MNA) pris en charge par la Fondation Apprentis d\u2019Auteuil. Avec la participation de &hellip; <\/p>\n<p class=\"link-more\"><a href=\"https:\/\/migract.msh-vdl.fr\/?page_id=1954\" class=\"more-link\">Continuer la lecture<span class=\"screen-reader-text\"> de &laquo;&nbsp;Description des ateliers&nbsp;&raquo;<\/span><\/a><\/p>\n","protected":false},"author":2,"featured_media":0,"parent":0,"menu_order":0,"comment_status":"closed","ping_status":"closed","template":"","meta":{"_price":"","_stock":"","_tribe_ticket_header":"","_tribe_default_ticket_provider":"","_ticket_start_date":"","_ticket_end_date":"","_tribe_ticket_show_description":"","_tribe_ticket_show_not_going":false,"_tribe_ticket_use_global_stock":"","_tribe_ticket_global_stock_level":"","_global_stock_mode":"","_global_stock_cap":"","_tribe_rsvp_for_event":"","_tribe_ticket_going_count":"","_tribe_ticket_not_going_count":"","_tribe_tickets_list":"[]","_tribe_ticket_has_attendee_info_fields":false,"_mc_calendar":[],"footnotes":"","_tec_slr_enabled":"","_tec_slr_layout":""},"class_list":["post-1954","page","type-page","status-publish","hentry"],"ticketed":false,"_links":{"self":[{"href":"https:\/\/migract.msh-vdl.fr\/index.php?rest_route=\/wp\/v2\/pages\/1954","targetHints":{"allow":["GET"]}}],"collection":[{"href":"https:\/\/migract.msh-vdl.fr\/index.php?rest_route=\/wp\/v2\/pages"}],"about":[{"href":"https:\/\/migract.msh-vdl.fr\/index.php?rest_route=\/wp\/v2\/types\/page"}],"author":[{"embeddable":true,"href":"https:\/\/migract.msh-vdl.fr\/index.php?rest_route=\/wp\/v2\/users\/2"}],"replies":[{"embeddable":true,"href":"https:\/\/migract.msh-vdl.fr\/index.php?rest_route=%2Fwp%2Fv2%2Fcomments&post=1954"}],"version-history":[{"count":5,"href":"https:\/\/migract.msh-vdl.fr\/index.php?rest_route=\/wp\/v2\/pages\/1954\/revisions"}],"predecessor-version":[{"id":1961,"href":"https:\/\/migract.msh-vdl.fr\/index.php?rest_route=\/wp\/v2\/pages\/1954\/revisions\/1961"}],"wp:attachment":[{"href":"https:\/\/migract.msh-vdl.fr\/index.php?rest_route=%2Fwp%2Fv2%2Fmedia&parent=1954"}],"curies":[{"name":"wp","href":"https:\/\/api.w.org\/{rel}","templated":true}]}}