{"id":197,"date":"2020-12-29T14:59:10","date_gmt":"2020-12-29T13:59:10","guid":{"rendered":"https:\/\/migract.msh-vdl.fr\/?page_id=197"},"modified":"2023-08-24T13:16:14","modified_gmt":"2023-08-24T11:16:14","slug":"projets-lies","status":"publish","type":"page","link":"https:\/\/migract.msh-vdl.fr\/?page_id=197","title":{"rendered":"Migratude"},"content":{"rendered":"\t\t<div data-elementor-type=\"wp-page\" data-elementor-id=\"197\" class=\"elementor elementor-197\">\n\t\t\t\t\t\t<section class=\"elementor-section elementor-top-section elementor-element elementor-element-3d3bbc9f elementor-section-boxed elementor-section-height-default elementor-section-height-default\" data-id=\"3d3bbc9f\" data-element_type=\"section\" data-e-type=\"section\">\n\t\t\t\t\t\t<div class=\"elementor-container elementor-column-gap-default\">\n\t\t\t\t\t<div class=\"elementor-column elementor-col-100 elementor-top-column elementor-element elementor-element-35ca91ad\" data-id=\"35ca91ad\" data-element_type=\"column\" data-e-type=\"column\">\n\t\t\t<div class=\"elementor-widget-wrap elementor-element-populated\">\n\t\t\t\t\t\t<div class=\"elementor-element elementor-element-463c16ba elementor-widget elementor-widget-text-editor\" data-id=\"463c16ba\" data-element_type=\"widget\" data-e-type=\"widget\" data-widget_type=\"text-editor.default\">\n\t\t\t\t<div class=\"elementor-widget-container\">\n\t\t\t\t\t\t\t\t\t<h6>\u00a0<\/h6><h1><span style=\"color: #3366ff;\"><strong><a href=\"https:\/\/migract.msh-vdl.fr\/wp-content\/uploads\/2022\/01\/logo-citeseducatives-orleans.jpg\"><img decoding=\"async\" class=\"alignnone wp-image-848\" src=\"https:\/\/migract.msh-vdl.fr\/wp-content\/uploads\/2022\/01\/logo-citeseducatives-orleans.jpg\" alt=\"\" width=\"259\" height=\"134\" \/><\/a><a href=\"https:\/\/migract.msh-vdl.fr\/wp-content\/uploads\/2022\/01\/ASLA300.jpg\"><img decoding=\"async\" class=\"alignnone wp-image-847\" src=\"https:\/\/migract.msh-vdl.fr\/wp-content\/uploads\/2022\/01\/ASLA300.jpg\" alt=\"\" width=\"88\" height=\"91\" \/><\/a><a href=\"https:\/\/migract.msh-vdl.fr\/wp-content\/uploads\/2022\/01\/logo-citeseducatives-orleans.jpg\">\u00a0<\/a><a href=\"https:\/\/migract.msh-vdl.fr\/wp-content\/uploads\/2022\/01\/OrleansMetropole.jpg\"><img decoding=\"async\" class=\"alignnone wp-image-849\" src=\"https:\/\/migract.msh-vdl.fr\/wp-content\/uploads\/2022\/01\/OrleansMetropole-1024x1024.jpg\" alt=\"\" width=\"95\" height=\"95\" srcset=\"https:\/\/migract.msh-vdl.fr\/wp-content\/uploads\/2022\/01\/OrleansMetropole-1024x1024.jpg 1024w, https:\/\/migract.msh-vdl.fr\/wp-content\/uploads\/2022\/01\/OrleansMetropole-300x300.jpg 300w, https:\/\/migract.msh-vdl.fr\/wp-content\/uploads\/2022\/01\/OrleansMetropole-150x150.jpg 150w, https:\/\/migract.msh-vdl.fr\/wp-content\/uploads\/2022\/01\/OrleansMetropole-768x768.jpg 768w, https:\/\/migract.msh-vdl.fr\/wp-content\/uploads\/2022\/01\/OrleansMetropole-100x100.jpg 100w, https:\/\/migract.msh-vdl.fr\/wp-content\/uploads\/2022\/01\/OrleansMetropole.jpg 1200w\" sizes=\"(max-width: 95px) 100vw, 95px\" \/><\/a><a href=\"https:\/\/migract.msh-vdl.fr\/wp-content\/uploads\/2022\/01\/region.jpg\"><img loading=\"lazy\" decoding=\"async\" class=\"alignnone wp-image-850\" src=\"https:\/\/migract.msh-vdl.fr\/wp-content\/uploads\/2022\/01\/region.jpg\" alt=\"\" width=\"125\" height=\"53\" srcset=\"https:\/\/migract.msh-vdl.fr\/wp-content\/uploads\/2022\/01\/region.jpg 536w, https:\/\/migract.msh-vdl.fr\/wp-content\/uploads\/2022\/01\/region-300x127.jpg 300w\" sizes=\"(max-width: 125px) 100vw, 125px\" \/><\/a><\/strong><\/span><\/h1><h1><a href=\"https:\/\/migract.msh-vdl.fr\/?p=961\"><span style=\"color: #3366ff;\"><strong>Projet \u00ab\u00a0Musique arabo andalouse\u00a0\u00bb \u00e0 l&rsquo;\u00e9cole Denis Diderot (Orleans La Source) dans le cadre du dispositif \u00ab\u00a0cit\u00e9 \u00e9ducative\u00a0\u00bb<\/strong><\/span><\/a><\/h1><h6>\u00a0<\/h6><p>\u00a0<\/p><h6 dir=\"auto\">\u00a0<\/h6><hr \/><h6 dir=\"auto\"><a href=\"https:\/\/migract.msh-vdl.fr\/wp-content\/uploads\/2021\/01\/manar-home2-scaled.jpg\"><img loading=\"lazy\" decoding=\"async\" class=\"alignnone size-large wp-image-455\" src=\"https:\/\/migract.msh-vdl.fr\/wp-content\/uploads\/2021\/01\/manar-home2-1024x232.jpg\" alt=\"\" width=\"580\" height=\"131\" srcset=\"https:\/\/migract.msh-vdl.fr\/wp-content\/uploads\/2021\/01\/manar-home2-1024x232.jpg 1024w, https:\/\/migract.msh-vdl.fr\/wp-content\/uploads\/2021\/01\/manar-home2-300x68.jpg 300w, https:\/\/migract.msh-vdl.fr\/wp-content\/uploads\/2021\/01\/manar-home2-768x174.jpg 768w, https:\/\/migract.msh-vdl.fr\/wp-content\/uploads\/2021\/01\/manar-home2-1536x348.jpg 1536w, https:\/\/migract.msh-vdl.fr\/wp-content\/uploads\/2021\/01\/manar-home2-2048x464.jpg 2048w, https:\/\/migract.msh-vdl.fr\/wp-content\/uploads\/2021\/01\/manar-home2-1200x272.jpg 1200w, https:\/\/migract.msh-vdl.fr\/wp-content\/uploads\/2021\/01\/manar-home2-1980x448.jpg 1980w\" sizes=\"(max-width: 580px) 100vw, 580px\" \/><\/a><\/h6><h6 dir=\"auto\"><span style=\"font-size: large;\"><i>\u00ab\u00a0La Pause-Caf\u00e9: les Femmes R\u00e9fugi\u00e9es Racontent leurs Histoires\u00a0\u00bb<\/i><\/span><\/h6><div dir=\"auto\">projet men\u00e9 par Ahed Zarzour &#8211; r\u00e9fugi\u00e9e syrienne \u00e0 Orl\u00e9ans &#8211; ancienne journaliste et maman.<\/div><p dir=\"auto\"><span style=\"font-size: large;\">Ce livre de t\u00e9moignages illustre deux exp\u00e9riences de la vie rarement \u00e9tudi\u00e9es ensemble : l&rsquo;exil et la maternit\u00e9. Cet ouvrage transmet l&rsquo;exp\u00e9rience d&rsquo;un groupe de m\u00e8res qui s&rsquo;installent \u00e0 Orl\u00e9ans, France, o\u00f9 elles r\u00e9sident et s\u2019occupent de leurs enfants. Chacun est illustr\u00e9 d&rsquo;une histoire qui permet d&rsquo;apercevoir la mani\u00e8re dont ces femmes n\u00e9gocient les trois facettes de leur identit\u00e9 : maternelle, personnelle et migrante. Elles y abordent les changements d&rsquo;identit\u00e9 r\u00e9sultant de l&rsquo;assimilation, et les difficult\u00e9s de la parentalit\u00e9.<\/span><\/p><div dir=\"auto\"><hr \/><\/div><p><div id='gallery-1' class='gallery galleryid-197 gallery-columns-3 gallery-size-thumbnail'><figure class='gallery-item'>\n\t\t\t<div class='gallery-icon landscape'>\n\t\t\t\t<a href='https:\/\/migract.msh-vdl.fr\/?attachment_id=348'><img loading=\"lazy\" decoding=\"async\" width=\"150\" height=\"150\" src=\"https:\/\/migract.msh-vdl.fr\/wp-content\/uploads\/2020\/12\/Image11-150x150.png\" class=\"attachment-thumbnail size-thumbnail\" alt=\"\" sizes=\"100vw\" \/><\/a>\n\t\t\t<\/div><\/figure><figure class='gallery-item'>\n\t\t\t<div class='gallery-icon landscape'>\n\t\t\t\t<a href='https:\/\/migract.msh-vdl.fr\/?attachment_id=364'><img loading=\"lazy\" decoding=\"async\" width=\"150\" height=\"150\" src=\"https:\/\/migract.msh-vdl.fr\/wp-content\/uploads\/2020\/12\/Image12-150x150.png\" class=\"attachment-thumbnail size-thumbnail\" alt=\"\" sizes=\"100vw\" \/><\/a>\n\t\t\t<\/div><\/figure><figure class='gallery-item'>\n\t\t\t<div class='gallery-icon landscape'>\n\t\t\t\t<a href='https:\/\/migract.msh-vdl.fr\/?attachment_id=352'><img loading=\"lazy\" decoding=\"async\" width=\"150\" height=\"150\" src=\"https:\/\/migract.msh-vdl.fr\/wp-content\/uploads\/2020\/12\/Image02-150x150.png\" class=\"attachment-thumbnail size-thumbnail\" alt=\"\" sizes=\"100vw\" \/><\/a>\n\t\t\t<\/div><\/figure>\n\t\t<\/div>\n<\/p><p><a href=\"https:\/\/migra-tude.msh-vdl.fr\/\"><strong><em>migra-tude<\/em><\/strong>\u00a0<\/a>(2018) : plateforme num\u00e9rique interactive et participative bas\u00e9e sur des t\u00e9moignages (avec le support du\u00a0<a href=\"http:\/\/FRAC-Centre\">FRAC-Centre<\/a>\u00a0et de la Maison des Sciences de l\u2019Homme Val de Loire). Outil de dialogue entre les acteurs de la recherche, le grand public et la population migrante \u00e0 l\u2019universit\u00e9.<\/p><p><em>Migra-tude<\/em> (2018) : interactive digital platform designed by the research team REMELICE, in collaboration with the\u00a0 <a href=\"https:\/\/www.univ-orleans.fr\/fr\/idf\">Institute of French<\/a> (IDF &#8211; University of Orleans) and the support of the MSH (Humanities Val de Loire) in order to collect stories (texts or audio and\/or video documents) from migrants about loneliness. The students were encouraged to listen to each other&rsquo;s stories and send comments in order to build a contemporary social network.<\/p><p>The platform was open for the duration of the <a href=\"https:\/\/www.frac-centre.fr\/biennales\/nos-annees-solitude\/nos-annees-solitude-1132.html\">architecture biennial<\/a> in Orleans.<\/p><hr \/><p><div id='gallery-2' class='gallery galleryid-197 gallery-columns-4 gallery-size-thumbnail'><figure class='gallery-item'>\n\t\t\t<div class='gallery-icon landscape'>\n\t\t\t\t<a href='https:\/\/migract.msh-vdl.fr\/?attachment_id=149'><img loading=\"lazy\" decoding=\"async\" width=\"150\" height=\"150\" src=\"https:\/\/migract.msh-vdl.fr\/wp-content\/uploads\/2020\/12\/M47-150x150.jpg\" class=\"attachment-thumbnail size-thumbnail\" alt=\"\" srcset=\"https:\/\/migract.msh-vdl.fr\/wp-content\/uploads\/2020\/12\/M47-150x150.jpg 150w, https:\/\/migract.msh-vdl.fr\/wp-content\/uploads\/2020\/12\/M47-300x300.jpg 300w, https:\/\/migract.msh-vdl.fr\/wp-content\/uploads\/2020\/12\/M47.jpg 567w\" sizes=\"100vw\" \/><\/a>\n\t\t\t<\/div><\/figure><figure class='gallery-item'>\n\t\t\t<div class='gallery-icon landscape'>\n\t\t\t\t<a href='https:\/\/migract.msh-vdl.fr\/?attachment_id=150'><img loading=\"lazy\" decoding=\"async\" width=\"150\" height=\"150\" src=\"https:\/\/migract.msh-vdl.fr\/wp-content\/uploads\/2020\/12\/M48-150x150.jpg\" class=\"attachment-thumbnail size-thumbnail\" alt=\"\" srcset=\"https:\/\/migract.msh-vdl.fr\/wp-content\/uploads\/2020\/12\/M48-150x150.jpg 150w, https:\/\/migract.msh-vdl.fr\/wp-content\/uploads\/2020\/12\/M48-300x300.jpg 300w, https:\/\/migract.msh-vdl.fr\/wp-content\/uploads\/2020\/12\/M48.jpg 567w\" sizes=\"100vw\" \/><\/a>\n\t\t\t<\/div><\/figure><figure class='gallery-item'>\n\t\t\t<div class='gallery-icon landscape'>\n\t\t\t\t<a href='https:\/\/migract.msh-vdl.fr\/?attachment_id=148'><img loading=\"lazy\" decoding=\"async\" width=\"150\" height=\"150\" src=\"https:\/\/migract.msh-vdl.fr\/wp-content\/uploads\/2020\/12\/M46-150x150.jpg\" class=\"attachment-thumbnail size-thumbnail\" alt=\"\" srcset=\"https:\/\/migract.msh-vdl.fr\/wp-content\/uploads\/2020\/12\/M46-150x150.jpg 150w, https:\/\/migract.msh-vdl.fr\/wp-content\/uploads\/2020\/12\/M46-300x300.jpg 300w, https:\/\/migract.msh-vdl.fr\/wp-content\/uploads\/2020\/12\/M46.jpg 567w\" sizes=\"100vw\" \/><\/a>\n\t\t\t<\/div><\/figure><figure class='gallery-item'>\n\t\t\t<div class='gallery-icon landscape'>\n\t\t\t\t<a href='https:\/\/migract.msh-vdl.fr\/?attachment_id=146'><img loading=\"lazy\" decoding=\"async\" width=\"150\" height=\"150\" src=\"https:\/\/migract.msh-vdl.fr\/wp-content\/uploads\/2020\/12\/M44-150x150.jpg\" class=\"attachment-thumbnail size-thumbnail\" alt=\"\" srcset=\"https:\/\/migract.msh-vdl.fr\/wp-content\/uploads\/2020\/12\/M44-150x150.jpg 150w, https:\/\/migract.msh-vdl.fr\/wp-content\/uploads\/2020\/12\/M44-300x300.jpg 300w, https:\/\/migract.msh-vdl.fr\/wp-content\/uploads\/2020\/12\/M44.jpg 567w\" sizes=\"100vw\" \/><\/a>\n\t\t\t<\/div><\/figure>\n\t\t<\/div>\n<\/p><h6><a href=\"https:\/\/followthefellow.wordpress.com\/\">Follow the fellow<\/a> : sur la migration choisie<\/h6><p>On the experience of the globally mobile: these people from all over the world, employed by the Industry, the Academia, the NGO sector&#8230; Who live and work outside their passport country. They are everywhere and nowhere: moving every three or five years from assignment to assignment, they are global nomads who will repatriate back to a country that will never feel like home.<\/p>\t\t\t\t\t\t\t\t<\/div>\n\t\t\t\t<\/div>\n\t\t\t\t\t<\/div>\n\t\t<\/div>\n\t\t\t\t\t<\/div>\n\t\t<\/section>\n\t\t\t\t<\/div>\n\t\t","protected":false},"excerpt":{"rendered":"<p>\u00a0 \u00a0 Projet \u00ab\u00a0Musique arabo andalouse\u00a0\u00bb \u00e0 l&rsquo;\u00e9cole Denis Diderot (Orleans La Source) dans le cadre du dispositif \u00ab\u00a0cit\u00e9 \u00e9ducative\u00a0\u00bb \u00a0 \u00a0 \u00a0 \u00ab\u00a0La Pause-Caf\u00e9: les Femmes R\u00e9fugi\u00e9es Racontent leurs Histoires\u00a0\u00bb projet men\u00e9 par Ahed Zarzour &#8211; r\u00e9fugi\u00e9e syrienne \u00e0 Orl\u00e9ans &#8211; ancienne journaliste et maman. Ce livre de t\u00e9moignages illustre deux exp\u00e9riences de la &hellip; <\/p>\n<p class=\"link-more\"><a href=\"https:\/\/migract.msh-vdl.fr\/?page_id=197\" class=\"more-link\">Continuer la lecture<span class=\"screen-reader-text\"> de &laquo;&nbsp;Migratude&nbsp;&raquo;<\/span><\/a><\/p>\n","protected":false},"author":2,"featured_media":0,"parent":0,"menu_order":0,"comment_status":"closed","ping_status":"closed","template":"","meta":{"_price":"","_stock":"","_tribe_ticket_header":"","_tribe_default_ticket_provider":"","_ticket_start_date":"","_ticket_end_date":"","_tribe_ticket_show_description":"","_tribe_ticket_show_not_going":false,"_tribe_ticket_use_global_stock":"","_tribe_ticket_global_stock_level":"","_global_stock_mode":"","_global_stock_cap":"","_tribe_rsvp_for_event":"","_tribe_ticket_going_count":"","_tribe_ticket_not_going_count":"","_tribe_tickets_list":"[]","_tribe_ticket_has_attendee_info_fields":false,"_mc_calendar":[],"footnotes":"","_tec_slr_enabled":"","_tec_slr_layout":""},"class_list":["post-197","page","type-page","status-publish","hentry"],"ticketed":false,"_links":{"self":[{"href":"https:\/\/migract.msh-vdl.fr\/index.php?rest_route=\/wp\/v2\/pages\/197","targetHints":{"allow":["GET"]}}],"collection":[{"href":"https:\/\/migract.msh-vdl.fr\/index.php?rest_route=\/wp\/v2\/pages"}],"about":[{"href":"https:\/\/migract.msh-vdl.fr\/index.php?rest_route=\/wp\/v2\/types\/page"}],"author":[{"embeddable":true,"href":"https:\/\/migract.msh-vdl.fr\/index.php?rest_route=\/wp\/v2\/users\/2"}],"replies":[{"embeddable":true,"href":"https:\/\/migract.msh-vdl.fr\/index.php?rest_route=%2Fwp%2Fv2%2Fcomments&post=197"}],"version-history":[{"count":71,"href":"https:\/\/migract.msh-vdl.fr\/index.php?rest_route=\/wp\/v2\/pages\/197\/revisions"}],"predecessor-version":[{"id":1953,"href":"https:\/\/migract.msh-vdl.fr\/index.php?rest_route=\/wp\/v2\/pages\/197\/revisions\/1953"}],"wp:attachment":[{"href":"https:\/\/migract.msh-vdl.fr\/index.php?rest_route=%2Fwp%2Fv2%2Fmedia&parent=197"}],"curies":[{"name":"wp","href":"https:\/\/api.w.org\/{rel}","templated":true}]}}