{"id":2000,"date":"2023-08-24T18:11:11","date_gmt":"2023-08-24T16:11:11","guid":{"rendered":"https:\/\/migract.msh-vdl.fr\/?page_id=2000"},"modified":"2023-09-19T13:17:33","modified_gmt":"2023-09-19T11:17:33","slug":"reseau-interdisciplinaire-international-recherche-avec","status":"publish","type":"page","link":"https:\/\/migract.msh-vdl.fr\/?page_id=2000","title":{"rendered":"r\u00e9seau interdisciplinaire international \u00ab\u00a0recherche avec\u00a0\u00bb"},"content":{"rendered":"\t\t<div data-elementor-type=\"wp-page\" data-elementor-id=\"2000\" class=\"elementor elementor-2000\">\n\t\t\t\t\t\t<section class=\"elementor-section elementor-top-section elementor-element elementor-element-7ec87c7 elementor-section-boxed elementor-section-height-default elementor-section-height-default\" data-id=\"7ec87c7\" data-element_type=\"section\" data-e-type=\"section\">\n\t\t\t\t\t\t<div class=\"elementor-container elementor-column-gap-default\">\n\t\t\t\t\t<div class=\"elementor-column elementor-col-100 elementor-top-column elementor-element elementor-element-2fc4664\" data-id=\"2fc4664\" data-element_type=\"column\" data-e-type=\"column\">\n\t\t\t<div class=\"elementor-widget-wrap elementor-element-populated\">\n\t\t\t\t\t\t<div class=\"elementor-element elementor-element-31271e6 elementor-widget elementor-widget-heading\" data-id=\"31271e6\" data-element_type=\"widget\" data-e-type=\"widget\" data-widget_type=\"heading.default\">\n\t\t\t\t<div class=\"elementor-widget-container\">\n\t\t\t\t\t<h2 class=\"elementor-heading-title elementor-size-default\">3 mai 2023  : atelier pain - un aliment embl\u00e9matique des relations \u00e0 l'ailleurs.<\/h2>\t\t\t\t<\/div>\n\t\t\t\t<\/div>\n\t\t\t\t\t<\/div>\n\t\t<\/div>\n\t\t\t\t\t<\/div>\n\t\t<\/section>\n\t\t\t\t<section class=\"elementor-section elementor-top-section elementor-element elementor-element-50c9cae elementor-section-boxed elementor-section-height-default elementor-section-height-default\" data-id=\"50c9cae\" data-element_type=\"section\" data-e-type=\"section\">\n\t\t\t\t\t\t<div class=\"elementor-container elementor-column-gap-default\">\n\t\t\t\t\t<div class=\"elementor-column elementor-col-50 elementor-top-column elementor-element elementor-element-48a9dd3\" data-id=\"48a9dd3\" data-element_type=\"column\" data-e-type=\"column\">\n\t\t\t<div class=\"elementor-widget-wrap elementor-element-populated\">\n\t\t\t\t\t\t<div class=\"elementor-element elementor-element-6019b06 elementor-widget elementor-widget-text-editor\" data-id=\"6019b06\" data-element_type=\"widget\" data-e-type=\"widget\" data-widget_type=\"text-editor.default\">\n\t\t\t\t<div class=\"elementor-widget-container\">\n\t\t\t\t\t\t\t\t\t<p>\u00a0<\/p><p><span style=\"font-size: 1rem; color: var( --e-global-color-text ); font-family: var( --e-global-typography-text-font-family ), Sans-serif; font-weight: var( --e-global-typography-text-font-weight );\">Participants<\/span><\/p><p><span style=\"font-size: 1rem;\">G. Guetemme (universit\u00e9 d&rsquo;Orleans) \/ Diala Brisly (artiste) \/ Nathalie Mondain (Universit\u00e9 d&rsquo;Ottawa) \/Pierre Lebret (association <a href=\"https:\/\/www.futuraupresent.com\/\">Futur au pr\u00e9sent<\/a>) \/ Guillaume Etienne (universit\u00e9 de Tours)<\/span><\/p><p><span style=\"font-size: 1rem;\">Public : <\/span>hercheurs<br class=\"\" \/><strong>matin (3h)<\/strong> : pratique artistique (dessin et collage) comme support de r\u00e9cits\u00a0<br class=\"\" \/><strong>apr\u00e8s-midi\u00a0 (2h) <\/strong>: analyse des productions \/ enjeux de l\u2019atelier sera propos\u00e9es<\/p>\t\t\t\t\t\t\t\t<\/div>\n\t\t\t\t<\/div>\n\t\t\t\t\t<\/div>\n\t\t<\/div>\n\t\t\t\t<div class=\"elementor-column elementor-col-50 elementor-top-column elementor-element elementor-element-ada721c\" data-id=\"ada721c\" data-element_type=\"column\" data-e-type=\"column\">\n\t\t\t<div class=\"elementor-widget-wrap elementor-element-populated\">\n\t\t\t\t\t\t<div class=\"elementor-element elementor-element-58e093f elementor-widget elementor-widget-image\" data-id=\"58e093f\" data-element_type=\"widget\" data-e-type=\"widget\" data-widget_type=\"image.default\">\n\t\t\t\t<div class=\"elementor-widget-container\">\n\t\t\t\t\t\t\t\t\t\t\t\t\t\t\t<img fetchpriority=\"high\" decoding=\"async\" width=\"226\" height=\"300\" src=\"https:\/\/migract.msh-vdl.fr\/wp-content\/uploads\/2023\/08\/Diala_pain1.jpg\" class=\"attachment-medium size-medium wp-image-1981\" alt=\"\" sizes=\"100vw\" \/>\t\t\t\t\t\t\t\t\t\t\t\t\t\t\t<\/div>\n\t\t\t\t<\/div>\n\t\t\t\t\t<\/div>\n\t\t<\/div>\n\t\t\t\t\t<\/div>\n\t\t<\/section>\n\t\t\t\t<section class=\"elementor-section elementor-top-section elementor-element elementor-element-38971fa elementor-section-boxed elementor-section-height-default elementor-section-height-default\" data-id=\"38971fa\" data-element_type=\"section\" data-e-type=\"section\">\n\t\t\t\t\t\t<div class=\"elementor-container elementor-column-gap-default\">\n\t\t\t\t\t<div class=\"elementor-column elementor-col-100 elementor-top-column elementor-element elementor-element-75c27be\" data-id=\"75c27be\" data-element_type=\"column\" data-e-type=\"column\">\n\t\t\t<div class=\"elementor-widget-wrap elementor-element-populated\">\n\t\t\t\t\t\t<div class=\"elementor-element elementor-element-9e6fa47 elementor-widget elementor-widget-text-editor\" data-id=\"9e6fa47\" data-element_type=\"widget\" data-e-type=\"widget\" data-widget_type=\"text-editor.default\">\n\t\t\t\t<div class=\"elementor-widget-container\">\n\t\t\t\t\t\t\t\t\t<p>Une \u00e9quipe de chercheurs (arts plastiques, anthropologie, sociologie\u2026) proposera d\u2019analyser collectivement les productions (dessins et textes) de l\u2019exp\u00e9rimentation \u00ab\u00a0Pour une mise en dialogue des savoirs et des cutures alimentaires avec les arts plastiques\u00a0\u00bb qui aura eu lieu le matin (m\u00eame jour) \u00e0 Chaingy.<\/p><p>L\u2019objectif sera de croiser les savoirs et de faire \u00e9merger des donn\u00e9es en s\u2019appuyant sur diff\u00e9rentes m\u00e9thodologies telles que\u00a0<em>l\u2019Arts based research<\/em>\u00a0\u2013 ABR), l\u2019anthropologie sensible ou la recherche narrative \u00e0 travers les exp\u00e9riences culinaires de jeunes migrants ainsi que la perspective des professionnels impliqu\u00e9s dans leur accompagnement. La pratique cr\u00e9ative sera pr\u00e9sent\u00e9e ici comme un levier pour initier une culture scientifique susceptible de favoriser la recherche participative en \u00e9ducation avec des publics vuln\u00e9rables \u2013 migrants ou pas.<\/p>\t\t\t\t\t\t\t\t<\/div>\n\t\t\t\t<\/div>\n\t\t\t\t<div class=\"elementor-element elementor-element-471825b elementor-widget elementor-widget-text-editor\" data-id=\"471825b\" data-element_type=\"widget\" data-e-type=\"widget\" data-widget_type=\"text-editor.default\">\n\t\t\t\t<div class=\"elementor-widget-container\">\n\t\t\t\t\t\t\t\t\t<p><span style=\"color: var( --e-global-color-text ); font-family: var( --e-global-typography-text-font-family ), Sans-serif; font-weight: var( --e-global-typography-text-font-weight ); font-size: 1rem;\">La nourriture nous maintient en vie et concerne tous les humains (et tout organisme), mais elle fa\u00e7onne aussi nos identit\u00e9s car si tous les humains mangent, ils ne mangent pas les m\u00eames aliments, ne les pr\u00e9parent pas de la m\u00eame fa\u00e7on ni dans les m\u00eames contextes. La nourriture introduit alors du m\u00eame et du diff\u00e9rent et agit comme un marqueur social et culturel. Elle mixe les produits d\u2019ici et d\u2019ailleurs, s\u2019inscrit dans des temporalit\u00e9s, des rituels et des espaces. C\u2019est un moyen id\u00e9al pour interroger notre quotidien et nos cultures.<\/span><\/p><p>L\u2019artiste syrienne \u2013 r\u00e9fugi\u00e9e politique \u2013 Diala Brislya anim\u00e9 et partag\u00e9 son exp\u00e9rience de migrante pour engager les participants \u00e0 produire des r\u00e9cits et des images o\u00f9 l\u2019alimentation rencontre les cultures et raconte des histoires.<\/p><p><strong>Mat\u00e9riel <\/strong>: pains de diff\u00e9rentes origines + couteaux + adh\u00e9sif double-face + supports (feuille de carton)<\/p><p><strong>Consigne 1 :\u00a0<\/strong> go\u00fbter, toucher, sentir, commenter, \u00e9changer &#8230;<\/p><p><span style=\"color: var( --e-global-color-text ); font-family: var( --e-global-typography-text-font-family ), Sans-serif; font-weight: var( --e-global-typography-text-font-weight ); font-size: 1rem;\"><strong>consigne 2<\/strong> : Choisir le pain le plus important pour vous et disposer, autour, une s\u00e9lection d\u2019autres pains. La disposition et la taille des morceaux de pain repr\u00e9senteront vos pr\u00e9f\u00e9rences, votre proximit\u00e9 ou vos distances avec certains types de pain.<\/span><\/p><p>Il est possible de donner des formes figuratives aux morceaux de pain, de jouer avec leurs couleurs et leurs mati\u00e8res pour mettre en avant ou en retrait certains morceaux. Insister sur vos pr\u00e9f\u00e9rences ou votre curiosit\u00e9 pour certaines formes de pain\u2026<\/p><p>Une fois la composition termin\u00e9e, mettre un titre et expliquer ses choix et raconterer son \u00ab histoire de pain \u00bb<\/p><p><strong>Objectif\u00a0<\/strong>: \u00ab\u00a0portrait\u00a0\u00bb alimento-culturel<\/p><p>\u00a0<\/p>\t\t\t\t\t\t\t\t<\/div>\n\t\t\t\t<\/div>\n\t\t\t\t<div class=\"elementor-element elementor-element-468921f elementor-widget elementor-widget-button\" data-id=\"468921f\" data-element_type=\"widget\" data-e-type=\"widget\" data-widget_type=\"button.default\">\n\t\t\t\t<div class=\"elementor-widget-container\">\n\t\t\t\t\t\t\t\t\t<div class=\"elementor-button-wrapper\">\n\t\t\t\t\t<a class=\"elementor-button elementor-button-link elementor-size-sm\" href=\"\">\n\t\t\t\t\t\t<span class=\"elementor-button-content-wrapper\">\n\t\t\t\t\t\t\t\t\t<span class=\"elementor-button-text\">ressources compl\u00e9mentaires<\/span>\n\t\t\t\t\t<\/span>\n\t\t\t\t\t<\/a>\n\t\t\t\t<\/div>\n\t\t\t\t\t\t\t\t<\/div>\n\t\t\t\t<\/div>\n\t\t\t\t<div class=\"elementor-element elementor-element-c3aa8b2 elementor-widget elementor-widget-image-gallery\" data-id=\"c3aa8b2\" data-element_type=\"widget\" data-e-type=\"widget\" data-widget_type=\"image-gallery.default\">\n\t\t\t\t<div class=\"elementor-widget-container\">\n\t\t\t\t\t\t\t<div class=\"elementor-image-gallery\">\n\t\t\t<div id='gallery-1' class='gallery galleryid-2000 gallery-columns-4 gallery-size-thumbnail'><figure class='gallery-item'>\n\t\t\t<div class='gallery-icon landscape'>\n\t\t\t\t<a data-elementor-open-lightbox=\"yes\" data-elementor-lightbox-slideshow=\"c3aa8b2\" data-elementor-lightbox-title=\"Dscf5265\" data-e-action-hash=\"#elementor-action%3Aaction%3Dlightbox%26settings%3DeyJpZCI6MjAxNCwidXJsIjoiaHR0cHM6XC9cL21pZ3JhY3QubXNoLXZkbC5mclwvd3AtY29udGVudFwvdXBsb2Fkc1wvMjAyM1wvMDhcL0RzY2Y1MjY1LmpwZyIsInNsaWRlc2hvdyI6ImMzYWE4YjIifQ%3D%3D\" href='https:\/\/migract.msh-vdl.fr\/wp-content\/uploads\/2023\/08\/Dscf5265.jpg'><img decoding=\"async\" width=\"150\" height=\"121\" src=\"https:\/\/migract.msh-vdl.fr\/wp-content\/uploads\/2023\/08\/Dscf5265.jpg\" class=\"attachment-thumbnail size-thumbnail\" alt=\"\" sizes=\"100vw\" \/><\/a>\n\t\t\t<\/div><\/figure><figure class='gallery-item'>\n\t\t\t<div class='gallery-icon landscape'>\n\t\t\t\t<a data-elementor-open-lightbox=\"yes\" data-elementor-lightbox-slideshow=\"c3aa8b2\" data-elementor-lightbox-title=\"Dscf5261\" data-e-action-hash=\"#elementor-action%3Aaction%3Dlightbox%26settings%3DeyJpZCI6MjAxMiwidXJsIjoiaHR0cHM6XC9cL21pZ3JhY3QubXNoLXZkbC5mclwvd3AtY29udGVudFwvdXBsb2Fkc1wvMjAyM1wvMDhcL0RzY2Y1MjYxLmpwZyIsInNsaWRlc2hvdyI6ImMzYWE4YjIifQ%3D%3D\" href='https:\/\/migract.msh-vdl.fr\/wp-content\/uploads\/2023\/08\/Dscf5261.jpg'><img decoding=\"async\" width=\"150\" height=\"103\" src=\"https:\/\/migract.msh-vdl.fr\/wp-content\/uploads\/2023\/08\/Dscf5261.jpg\" class=\"attachment-thumbnail size-thumbnail\" alt=\"\" sizes=\"100vw\" \/><\/a>\n\t\t\t<\/div><\/figure><figure class='gallery-item'>\n\t\t\t<div class='gallery-icon landscape'>\n\t\t\t\t<a data-elementor-open-lightbox=\"yes\" data-elementor-lightbox-slideshow=\"c3aa8b2\" data-elementor-lightbox-title=\"Dscf5263\" data-e-action-hash=\"#elementor-action%3Aaction%3Dlightbox%26settings%3DeyJpZCI6MjAxMywidXJsIjoiaHR0cHM6XC9cL21pZ3JhY3QubXNoLXZkbC5mclwvd3AtY29udGVudFwvdXBsb2Fkc1wvMjAyM1wvMDhcL0RzY2Y1MjYzLmpwZyIsInNsaWRlc2hvdyI6ImMzYWE4YjIifQ%3D%3D\" href='https:\/\/migract.msh-vdl.fr\/wp-content\/uploads\/2023\/08\/Dscf5263.jpg'><img loading=\"lazy\" decoding=\"async\" width=\"150\" height=\"119\" src=\"https:\/\/migract.msh-vdl.fr\/wp-content\/uploads\/2023\/08\/Dscf5263.jpg\" class=\"attachment-thumbnail size-thumbnail\" alt=\"\" sizes=\"100vw\" \/><\/a>\n\t\t\t<\/div><\/figure><figure class='gallery-item'>\n\t\t\t<div class='gallery-icon landscape'>\n\t\t\t\t<a data-elementor-open-lightbox=\"yes\" data-elementor-lightbox-slideshow=\"c3aa8b2\" data-elementor-lightbox-title=\"Dscf5260\" data-e-action-hash=\"#elementor-action%3Aaction%3Dlightbox%26settings%3DeyJpZCI6MjAxMSwidXJsIjoiaHR0cHM6XC9cL21pZ3JhY3QubXNoLXZkbC5mclwvd3AtY29udGVudFwvdXBsb2Fkc1wvMjAyM1wvMDhcL0RzY2Y1MjYwLmpwZyIsInNsaWRlc2hvdyI6ImMzYWE4YjIifQ%3D%3D\" href='https:\/\/migract.msh-vdl.fr\/wp-content\/uploads\/2023\/08\/Dscf5260.jpg'><img loading=\"lazy\" decoding=\"async\" width=\"150\" height=\"119\" src=\"https:\/\/migract.msh-vdl.fr\/wp-content\/uploads\/2023\/08\/Dscf5260.jpg\" class=\"attachment-thumbnail size-thumbnail\" alt=\"\" sizes=\"100vw\" \/><\/a>\n\t\t\t<\/div><\/figure><figure class='gallery-item'>\n\t\t\t<div class='gallery-icon landscape'>\n\t\t\t\t<a data-elementor-open-lightbox=\"yes\" data-elementor-lightbox-slideshow=\"c3aa8b2\" data-elementor-lightbox-title=\"Dscf5259\" data-e-action-hash=\"#elementor-action%3Aaction%3Dlightbox%26settings%3DeyJpZCI6MjAxMCwidXJsIjoiaHR0cHM6XC9cL21pZ3JhY3QubXNoLXZkbC5mclwvd3AtY29udGVudFwvdXBsb2Fkc1wvMjAyM1wvMDhcL0RzY2Y1MjU5LmpwZyIsInNsaWRlc2hvdyI6ImMzYWE4YjIifQ%3D%3D\" href='https:\/\/migract.msh-vdl.fr\/wp-content\/uploads\/2023\/08\/Dscf5259.jpg'><img loading=\"lazy\" decoding=\"async\" width=\"150\" height=\"112\" src=\"https:\/\/migract.msh-vdl.fr\/wp-content\/uploads\/2023\/08\/Dscf5259.jpg\" class=\"attachment-thumbnail size-thumbnail\" alt=\"\" sizes=\"100vw\" \/><\/a>\n\t\t\t<\/div><\/figure><figure class='gallery-item'>\n\t\t\t<div class='gallery-icon landscape'>\n\t\t\t\t<a data-elementor-open-lightbox=\"yes\" data-elementor-lightbox-slideshow=\"c3aa8b2\" data-elementor-lightbox-title=\"Dscf5248\" data-e-action-hash=\"#elementor-action%3Aaction%3Dlightbox%26settings%3DeyJpZCI6MjQ2OCwidXJsIjoiaHR0cHM6XC9cL21pZ3JhY3QubXNoLXZkbC5mclwvd3AtY29udGVudFwvdXBsb2Fkc1wvMjAyM1wvMDlcL0RzY2Y1MjQ4LmpwZyIsInNsaWRlc2hvdyI6ImMzYWE4YjIifQ%3D%3D\" href='https:\/\/migract.msh-vdl.fr\/wp-content\/uploads\/2023\/09\/Dscf5248.jpg'><img loading=\"lazy\" decoding=\"async\" width=\"150\" height=\"97\" src=\"https:\/\/migract.msh-vdl.fr\/wp-content\/uploads\/2023\/09\/Dscf5248.jpg\" class=\"attachment-thumbnail size-thumbnail\" alt=\"\" sizes=\"100vw\" \/><\/a>\n\t\t\t<\/div><\/figure><figure class='gallery-item'>\n\t\t\t<div class='gallery-icon landscape'>\n\t\t\t\t<a data-elementor-open-lightbox=\"yes\" data-elementor-lightbox-slideshow=\"c3aa8b2\" data-elementor-lightbox-title=\"Dscf5257\" data-e-action-hash=\"#elementor-action%3Aaction%3Dlightbox%26settings%3DeyJpZCI6MjQ2OSwidXJsIjoiaHR0cHM6XC9cL21pZ3JhY3QubXNoLXZkbC5mclwvd3AtY29udGVudFwvdXBsb2Fkc1wvMjAyM1wvMDlcL0RzY2Y1MjU3LmpwZyIsInNsaWRlc2hvdyI6ImMzYWE4YjIifQ%3D%3D\" href='https:\/\/migract.msh-vdl.fr\/wp-content\/uploads\/2023\/09\/Dscf5257.jpg'><img loading=\"lazy\" decoding=\"async\" width=\"150\" height=\"123\" src=\"https:\/\/migract.msh-vdl.fr\/wp-content\/uploads\/2023\/09\/Dscf5257.jpg\" class=\"attachment-thumbnail size-thumbnail\" alt=\"\" sizes=\"100vw\" \/><\/a>\n\t\t\t<\/div><\/figure><figure class='gallery-item'>\n\t\t\t<div class='gallery-icon landscape'>\n\t\t\t\t<a data-elementor-open-lightbox=\"yes\" data-elementor-lightbox-slideshow=\"c3aa8b2\" data-elementor-lightbox-title=\"Dscf5245\" data-e-action-hash=\"#elementor-action%3Aaction%3Dlightbox%26settings%3DeyJpZCI6MjQ3MCwidXJsIjoiaHR0cHM6XC9cL21pZ3JhY3QubXNoLXZkbC5mclwvd3AtY29udGVudFwvdXBsb2Fkc1wvMjAyM1wvMDlcL0RzY2Y1MjQ1LmpwZyIsInNsaWRlc2hvdyI6ImMzYWE4YjIifQ%3D%3D\" href='https:\/\/migract.msh-vdl.fr\/wp-content\/uploads\/2023\/09\/Dscf5245.jpg'><img loading=\"lazy\" decoding=\"async\" width=\"150\" height=\"110\" src=\"https:\/\/migract.msh-vdl.fr\/wp-content\/uploads\/2023\/09\/Dscf5245.jpg\" class=\"attachment-thumbnail size-thumbnail\" alt=\"\" sizes=\"100vw\" \/><\/a>\n\t\t\t<\/div><\/figure>\n\t\t<\/div>\n\t\t<\/div>\n\t\t\t\t\t\t<\/div>\n\t\t\t\t<\/div>\n\t\t\t\t\t<\/div>\n\t\t<\/div>\n\t\t\t\t\t<\/div>\n\t\t<\/section>\n\t\t\t\t<section class=\"elementor-section elementor-top-section elementor-element elementor-element-458e475 elementor-section-boxed elementor-section-height-default elementor-section-height-default\" data-id=\"458e475\" data-element_type=\"section\" data-e-type=\"section\">\n\t\t\t\t\t\t<div class=\"elementor-container elementor-column-gap-default\">\n\t\t\t\t\t<div class=\"elementor-column elementor-col-100 elementor-top-column elementor-element elementor-element-d9e5ef9\" data-id=\"d9e5ef9\" data-element_type=\"column\" data-e-type=\"column\">\n\t\t\t<div class=\"elementor-widget-wrap elementor-element-populated\">\n\t\t\t\t\t\t<div class=\"elementor-element elementor-element-0330e0f elementor-widget elementor-widget-heading\" data-id=\"0330e0f\" data-element_type=\"widget\" data-e-type=\"widget\" data-widget_type=\"heading.default\">\n\t\t\t\t<div class=\"elementor-widget-container\">\n\t\t\t\t\t<h2 class=\"elementor-heading-title elementor-size-default\">Atelier Surprise<\/h2>\t\t\t\t<\/div>\n\t\t\t\t<\/div>\n\t\t\t\t\t<\/div>\n\t\t<\/div>\n\t\t\t\t\t<\/div>\n\t\t<\/section>\n\t\t\t\t<section class=\"elementor-section elementor-top-section elementor-element elementor-element-a5d2abe elementor-section-boxed elementor-section-height-default elementor-section-height-default\" data-id=\"a5d2abe\" data-element_type=\"section\" data-e-type=\"section\">\n\t\t\t\t\t\t<div class=\"elementor-container elementor-column-gap-default\">\n\t\t\t\t\t<div class=\"elementor-column elementor-col-50 elementor-top-column elementor-element elementor-element-be5d98b\" data-id=\"be5d98b\" data-element_type=\"column\" data-e-type=\"column\">\n\t\t\t<div class=\"elementor-widget-wrap elementor-element-populated\">\n\t\t\t\t\t\t<div class=\"elementor-element elementor-element-21b8d85 elementor-widget elementor-widget-text-editor\" data-id=\"21b8d85\" data-element_type=\"widget\" data-e-type=\"widget\" data-widget_type=\"text-editor.default\">\n\t\t\t\t<div class=\"elementor-widget-container\">\n\t\t\t\t\t\t\t\t\t<p>\u00ab\u00a0choses qui&#8230;\u00a0\u00bb Atelier men\u00e9 avec Jacque Jouet (po\u00e8te, \u00e9crivain, membre de <a href=\"https:\/\/www.oulipo.net\/\">l&rsquo;Oulipo<\/a>)<\/p><p>cr\u00e9ation de po\u00e8mes-listes multilingues \u00e0 partir des \u00ab\u00a0notes de chevet\u00a0\u00bb de Sei Shonagon.<\/p>\t\t\t\t\t\t\t\t<\/div>\n\t\t\t\t<\/div>\n\t\t\t\t\t<\/div>\n\t\t<\/div>\n\t\t\t\t<div class=\"elementor-column elementor-col-50 elementor-top-column elementor-element elementor-element-ba24818\" data-id=\"ba24818\" data-element_type=\"column\" data-e-type=\"column\">\n\t\t\t<div class=\"elementor-widget-wrap elementor-element-populated\">\n\t\t\t\t\t\t<div class=\"elementor-element elementor-element-08522bf elementor-widget elementor-widget-image\" data-id=\"08522bf\" data-element_type=\"widget\" data-e-type=\"widget\" data-widget_type=\"image.default\">\n\t\t\t\t<div class=\"elementor-widget-container\">\n\t\t\t\t\t\t\t\t\t\t\t\t\t\t\t<img loading=\"lazy\" decoding=\"async\" width=\"641\" height=\"439\" src=\"https:\/\/migract.msh-vdl.fr\/wp-content\/uploads\/2023\/09\/JJ.jpg\" class=\"attachment-large size-large wp-image-2475\" alt=\"\" sizes=\"100vw\" \/>\t\t\t\t\t\t\t\t\t\t\t\t\t\t\t<\/div>\n\t\t\t\t<\/div>\n\t\t\t\t\t<\/div>\n\t\t<\/div>\n\t\t\t\t\t<\/div>\n\t\t<\/section>\n\t\t\t\t<\/div>\n\t\t","protected":false},"excerpt":{"rendered":"<p>3 mai 2023 : atelier pain &#8211; un aliment embl\u00e9matique des relations \u00e0 l&rsquo;ailleurs. \u00a0 Participants G. Guetemme (universit\u00e9 d&rsquo;Orleans) \/ Diala Brisly (artiste) \/ Nathalie Mondain (Universit\u00e9 d&rsquo;Ottawa) \/Pierre Lebret (association Futur au pr\u00e9sent) \/ Guillaume Etienne (universit\u00e9 de Tours) Public : hercheursmatin (3h) : pratique artistique (dessin et collage) comme support de r\u00e9cits\u00a0apr\u00e8s-midi\u00a0 &hellip; <\/p>\n<p class=\"link-more\"><a href=\"https:\/\/migract.msh-vdl.fr\/?page_id=2000\" class=\"more-link\">Continuer la lecture<span class=\"screen-reader-text\"> de &laquo;&nbsp;r\u00e9seau interdisciplinaire international \u00ab\u00a0recherche avec\u00a0\u00bb&nbsp;&raquo;<\/span><\/a><\/p>\n","protected":false},"author":2,"featured_media":0,"parent":0,"menu_order":0,"comment_status":"closed","ping_status":"closed","template":"","meta":{"_price":"","_stock":"","_tribe_ticket_header":"","_tribe_default_ticket_provider":"","_ticket_start_date":"","_ticket_end_date":"","_tribe_ticket_show_description":"","_tribe_ticket_show_not_going":false,"_tribe_ticket_use_global_stock":"","_tribe_ticket_global_stock_level":"","_global_stock_mode":"","_global_stock_cap":"","_tribe_rsvp_for_event":"","_tribe_ticket_going_count":"","_tribe_ticket_not_going_count":"","_tribe_tickets_list":"[]","_tribe_ticket_has_attendee_info_fields":false,"_mc_calendar":[],"footnotes":"","_tec_slr_enabled":"","_tec_slr_layout":""},"class_list":["post-2000","page","type-page","status-publish","hentry"],"ticketed":false,"_links":{"self":[{"href":"https:\/\/migract.msh-vdl.fr\/index.php?rest_route=\/wp\/v2\/pages\/2000","targetHints":{"allow":["GET"]}}],"collection":[{"href":"https:\/\/migract.msh-vdl.fr\/index.php?rest_route=\/wp\/v2\/pages"}],"about":[{"href":"https:\/\/migract.msh-vdl.fr\/index.php?rest_route=\/wp\/v2\/types\/page"}],"author":[{"embeddable":true,"href":"https:\/\/migract.msh-vdl.fr\/index.php?rest_route=\/wp\/v2\/users\/2"}],"replies":[{"embeddable":true,"href":"https:\/\/migract.msh-vdl.fr\/index.php?rest_route=%2Fwp%2Fv2%2Fcomments&post=2000"}],"version-history":[{"count":49,"href":"https:\/\/migract.msh-vdl.fr\/index.php?rest_route=\/wp\/v2\/pages\/2000\/revisions"}],"predecessor-version":[{"id":2482,"href":"https:\/\/migract.msh-vdl.fr\/index.php?rest_route=\/wp\/v2\/pages\/2000\/revisions\/2482"}],"wp:attachment":[{"href":"https:\/\/migract.msh-vdl.fr\/index.php?rest_route=%2Fwp%2Fv2%2Fmedia&parent=2000"}],"curies":[{"name":"wp","href":"https:\/\/api.w.org\/{rel}","templated":true}]}}