{"id":26,"date":"2020-10-01T15:07:47","date_gmt":"2020-10-01T13:07:47","guid":{"rendered":"https:\/\/migract.msh-vdl.fr\/?page_id=26"},"modified":"2026-02-10T18:35:55","modified_gmt":"2026-02-10T17:35:55","slug":"projet-scientifique","status":"publish","type":"page","link":"https:\/\/migract.msh-vdl.fr\/?page_id=26","title":{"rendered":"MIGRATEXT 2023-2025"},"content":{"rendered":"\t\t<div data-elementor-type=\"wp-page\" data-elementor-id=\"26\" class=\"elementor elementor-26\">\n\t\t\t\t\t\t<section class=\"elementor-section elementor-top-section elementor-element elementor-element-5248394c elementor-section-boxed elementor-section-height-default elementor-section-height-default\" data-id=\"5248394c\" data-element_type=\"section\" data-e-type=\"section\">\n\t\t\t\t\t\t<div class=\"elementor-container elementor-column-gap-default\">\n\t\t\t\t\t<div class=\"elementor-column elementor-col-100 elementor-top-column elementor-element elementor-element-3bfb8a6b\" data-id=\"3bfb8a6b\" data-element_type=\"column\" data-e-type=\"column\">\n\t\t\t<div class=\"elementor-widget-wrap elementor-element-populated\">\n\t\t\t\t\t\t<div class=\"elementor-element elementor-element-57233126 elementor-widget elementor-widget-text-editor\" data-id=\"57233126\" data-element_type=\"widget\" data-e-type=\"widget\" data-widget_type=\"text-editor.default\">\n\t\t\t\t<div class=\"elementor-widget-container\">\n\t\t\t\t\t\t\t\t\t<p><\/p>\n<table>\n<tbody>\n<tr>\n<td width=\"655\">\n<p><strong>Mots cl\u00e9s&nbsp;:<\/strong> migration, r\u00e9cit, culture, multilinguisme, inclusion.<\/p>\n<p><a href=\"https:\/\/migract.msh-vdl.fr\/wp-content\/uploads\/2023\/08\/migratext-blanc.jpg\"><b><img fetchpriority=\"high\" decoding=\"async\" src=\"https:\/\/migract.msh-vdl.fr\/wp-content\/uploads\/2023\/08\/migratext-blanc.jpg\" alt=\"\" width=\"717\" height=\"208\"><\/b><\/a><span style=\"color: #333333; font-size: 1.125rem; font-weight: 800; font-family: var( --e-global-typography-text-font-family ), Sans-serif;\">APR-IA \/ 2023-2025 &#8211;&nbsp;<\/span><span style=\"color: var( --e-global-color-text ); font-family: var( --e-global-typography-text-font-family ), Sans-serif; font-weight: var( --e-global-typography-text-font-weight ); font-size: 1rem;\">collecte de r\u00e9cits de vie<\/span><span style=\"color: var( --e-global-color-text ); font-family: var( --e-global-typography-text-font-family ), Sans-serif; font-weight: var( --e-global-typography-text-font-weight ); font-size: 1rem;\">&nbsp;de migration avec des pratiques artistiques<\/span><\/p>\n<p><span style=\"font-weight: bold;\">Ce projet aborde les r\u00e9cits de migration pour visibiliser les parcours, confronter les culture et les langues<\/span><span style=\"color: var( --e-global-color-text ); font-family: var( --e-global-typography-text-font-family ), Sans-serif; font-weight: var( --e-global-typography-text-font-weight ); font-size: 1rem;\"><br><\/span><\/p><p><span style=\"font-weight: bold;\"><br><\/span><\/p>\n<p>Projet de recherche \u00ab d\u2019initiative acad\u00e9mique \u00bb&nbsp; en lien avec la prise en charge des populations migrantes en R\u00e9gion Centre Val de Loire. Ce projet<span style=\"color: var( --e-global-color-text ); font-family: var( --e-global-typography-text-font-family ), Sans-serif; font-weight: var( --e-global-typography-text-font-weight ); font-size: 1rem;\">&nbsp;prend acte de la grande diversit\u00e9 d\u00e9mographique des quatiers d&rsquo;Orl\u00e9ans. Il met en lien la recherche et la soci\u00e9t\u00e9, les arts et la citoyennet\u00e9.<\/span><\/p><p><span style=\"color: var( --e-global-color-text ); font-family: var( --e-global-typography-text-font-family ), Sans-serif; font-weight: var( --e-global-typography-text-font-weight ); font-size: 1rem;\"><br><\/span><\/p>\n<p><span style=\"font-weight: bold; color: var( --e-global-color-text ); font-family: var( --e-global-typography-text-font-family ), Sans-serif; font-size: 1rem;\">Objectifs :<\/span><\/p>\n<p><span style=\"color: var( --e-global-color-text ); font-family: var( --e-global-typography-text-font-family ), Sans-serif; font-weight: var( --e-global-typography-text-font-weight ); font-size: 1rem;\">Rassembler un corpus d&rsquo;oeuvres qui racontent des migrations r\u00e9centes (arts plastiques, po\u00e9sie, litt\u00e9rature, th\u00e9\u00e2tre, cin\u00e9ma)<\/span><\/p><p><span style=\"color: var( --e-global-color-text ); font-family: var( --e-global-typography-text-font-family ), Sans-serif; font-weight: var( --e-global-typography-text-font-weight ); font-size: 1rem;\">Rassembler des r\u00e9cits de migrants&nbsp;<\/span><\/p><p><span style=\"color: var( --e-global-color-text ); font-family: var( --e-global-typography-text-font-family ), Sans-serif; font-weight: var( --e-global-typography-text-font-weight ); font-size: 1rem;\">Mettre en commun et exploiter de mani\u00e8re participative les r\u00e9cits d&rsquo;artistes et de migrants&nbsp;<\/span><\/p><p><span style=\"color: var( --e-global-color-text ); font-family: var( --e-global-typography-text-font-family ), Sans-serif; font-weight: var( --e-global-typography-text-font-weight ); font-size: 1rem;\"><br><\/span><\/p>\n<div><b>Methodologie<\/b><\/div><div><span style=\"color: var( --e-global-color-text ); font-family: var( --e-global-typography-text-font-family ), Sans-serif; font-weight: var( --e-global-typography-text-font-weight ); font-size: 1rem;\">Recherche-action, coconstruite avec les chercheurs, les acteurs de terrain, des artistes et les migrants.<\/span><\/div>\n<p><strong>&nbsp;<\/strong><\/p>\n<p>La r\u00e9flexion s&rsquo;appuie sur une approche interdisciplinaire&nbsp;<span style=\"color: var( --e-global-color-text ); font-family: var( --e-global-typography-text-font-family ), Sans-serif; font-weight: var( --e-global-typography-text-font-weight ); font-size: 1rem;\">(sciences de l\u2019\u00e9ducation et de la formation, arts plastiques, litt\u00e9rature, langues et arts du spectacle)<\/span><span style=\"color: var( --e-global-color-text ); font-family: var( --e-global-typography-text-font-family ), Sans-serif; font-weight: var( --e-global-typography-text-font-weight ); font-size: 1rem;\">, intercat\u00e9gorielle (chercheurs, enseignants, artistes, associatifs et migrants) et intersectorielle (acteurs acad\u00e9miques et non-acad\u00e9miques, membres de la soci\u00e9t\u00e9 civile)&nbsp;<\/span><\/p><p>L\u2019analyse collective et l&rsquo;utilisation des supports artistiques en atelier<span style=\"color: var( --e-global-color-text ); font-family: var( --e-global-typography-text-font-family ), Sans-serif; font-size: 1rem; font-weight: var( --e-global-typography-text-font-weight );\">&nbsp;met en avant des pistes pour relever le d\u00e9fi contemporain de l\u2019inclusion.<\/span><\/p>\n<p>Ce projet s&rsquo;affranchit de l\u2019approche sociologique commune de la migration en interrogeant les antagonismes et les complicit\u00e9s entre les populations et les cultures, mais aussi entre plusieurs champs de recherche en sciences humaines.<\/p><\/td><\/tr><\/tbody><\/table>\t\t\t\t\t\t\t\t<\/div>\n\t\t\t\t<\/div>\n\t\t\t\t<section class=\"elementor-section elementor-inner-section elementor-element elementor-element-a752fb1 elementor-section-boxed elementor-section-height-default elementor-section-height-default\" data-id=\"a752fb1\" data-element_type=\"section\" data-e-type=\"section\">\n\t\t\t\t\t\t<div class=\"elementor-container elementor-column-gap-default\">\n\t\t\t\t\t<div class=\"elementor-column elementor-col-100 elementor-inner-column elementor-element elementor-element-bc778ce\" data-id=\"bc778ce\" data-element_type=\"column\" data-e-type=\"column\">\n\t\t\t<div class=\"elementor-widget-wrap elementor-element-populated\">\n\t\t\t\t\t\t<div class=\"elementor-element elementor-element-5e6c37f elementor-widget elementor-widget-heading\" data-id=\"5e6c37f\" data-element_type=\"widget\" data-e-type=\"widget\" data-widget_type=\"heading.default\">\n\t\t\t\t<div class=\"elementor-widget-container\">\n\t\t\t\t\t<h2 class=\"elementor-heading-title elementor-size-default\">s\u00e9minaires<\/h2>\t\t\t\t<\/div>\n\t\t\t\t<\/div>\n\t\t\t\t\t<\/div>\n\t\t<\/div>\n\t\t\t\t\t<\/div>\n\t\t<\/section>\n\t\t\t\t<section class=\"elementor-section elementor-inner-section elementor-element elementor-element-43b63fc elementor-section-boxed elementor-section-height-default elementor-section-height-default\" data-id=\"43b63fc\" data-element_type=\"section\" data-e-type=\"section\">\n\t\t\t\t\t\t<div class=\"elementor-container elementor-column-gap-default\">\n\t\t\t\t\t<div class=\"elementor-column elementor-col-50 elementor-inner-column elementor-element elementor-element-bc3e20a\" data-id=\"bc3e20a\" data-element_type=\"column\" data-e-type=\"column\">\n\t\t\t<div class=\"elementor-widget-wrap elementor-element-populated\">\n\t\t\t\t\t\t<div class=\"elementor-element elementor-element-4c5552a elementor-widget elementor-widget-heading\" data-id=\"4c5552a\" data-element_type=\"widget\" data-e-type=\"widget\" data-widget_type=\"heading.default\">\n\t\t\t\t<div class=\"elementor-widget-container\">\n\t\t\t\t\t<h2 class=\"elementor-heading-title elementor-size-default\">Po\u00e9sie et migration<\/h2>\t\t\t\t<\/div>\n\t\t\t\t<\/div>\n\t\t\t\t\t<\/div>\n\t\t<\/div>\n\t\t\t\t<div class=\"elementor-column elementor-col-50 elementor-inner-column elementor-element elementor-element-5b51854\" data-id=\"5b51854\" data-element_type=\"column\" data-e-type=\"column\">\n\t\t\t<div class=\"elementor-widget-wrap elementor-element-populated\">\n\t\t\t\t\t\t<div class=\"elementor-element elementor-element-955e6c4 elementor-widget elementor-widget-heading\" data-id=\"955e6c4\" data-element_type=\"widget\" data-e-type=\"widget\" data-widget_type=\"heading.default\">\n\t\t\t\t<div class=\"elementor-widget-container\">\n\t\t\t\t\t<h2 class=\"elementor-heading-title elementor-size-default\">Th\u00e9\u00e2tre et migration<\/h2>\t\t\t\t<\/div>\n\t\t\t\t<\/div>\n\t\t\t\t\t<\/div>\n\t\t<\/div>\n\t\t\t\t\t<\/div>\n\t\t<\/section>\n\t\t\t\t<section class=\"elementor-section elementor-inner-section elementor-element elementor-element-a0d9497 elementor-section-boxed elementor-section-height-default elementor-section-height-default\" data-id=\"a0d9497\" data-element_type=\"section\" data-e-type=\"section\">\n\t\t\t\t\t\t<div class=\"elementor-container elementor-column-gap-default\">\n\t\t\t\t\t<div class=\"elementor-column elementor-col-50 elementor-inner-column elementor-element elementor-element-0eb5cba\" data-id=\"0eb5cba\" data-element_type=\"column\" data-e-type=\"column\">\n\t\t\t<div class=\"elementor-widget-wrap elementor-element-populated\">\n\t\t\t\t\t\t<div class=\"elementor-element elementor-element-adbad52 elementor-widget elementor-widget-image\" data-id=\"adbad52\" data-element_type=\"widget\" data-e-type=\"widget\" data-widget_type=\"image.default\">\n\t\t\t\t<div class=\"elementor-widget-container\">\n\t\t\t\t\t\t\t\t\t\t\t\t\t\t\t<img decoding=\"async\" width=\"724\" height=\"1024\" src=\"https:\/\/migract.msh-vdl.fr\/wp-content\/uploads\/2024\/03\/CATALOGUE-DUN-EXILE-Affiche-portrait-A3-1.jpg\" class=\"attachment-large size-large wp-image-2626\" alt=\"\" sizes=\"100vw\" \/>\t\t\t\t\t\t\t\t\t\t\t\t\t\t\t<\/div>\n\t\t\t\t<\/div>\n\t\t\t\t\t<\/div>\n\t\t<\/div>\n\t\t\t\t<div class=\"elementor-column elementor-col-50 elementor-inner-column elementor-element elementor-element-fe71d85\" data-id=\"fe71d85\" data-element_type=\"column\" data-e-type=\"column\">\n\t\t\t<div class=\"elementor-widget-wrap elementor-element-populated\">\n\t\t\t\t\t\t<div class=\"elementor-element elementor-element-ad00382 elementor-widget elementor-widget-image\" data-id=\"ad00382\" data-element_type=\"widget\" data-e-type=\"widget\" data-widget_type=\"image.default\">\n\t\t\t\t<div class=\"elementor-widget-container\">\n\t\t\t\t\t\t\t\t\t\t\t\t\t\t\t<img decoding=\"async\" width=\"740\" height=\"519\" src=\"https:\/\/migract.msh-vdl.fr\/wp-content\/uploads\/2026\/02\/seminaire-de-recherche-theatre-et-migration1-1024x718.png\" class=\"attachment-large size-large wp-image-3516\" alt=\"\" srcset=\"https:\/\/migract.msh-vdl.fr\/wp-content\/uploads\/2026\/02\/seminaire-de-recherche-theatre-et-migration1-1024x718.png 1024w, https:\/\/migract.msh-vdl.fr\/wp-content\/uploads\/2026\/02\/seminaire-de-recherche-theatre-et-migration1-300x210.png 300w, https:\/\/migract.msh-vdl.fr\/wp-content\/uploads\/2026\/02\/seminaire-de-recherche-theatre-et-migration1-768x538.png 768w, https:\/\/migract.msh-vdl.fr\/wp-content\/uploads\/2026\/02\/seminaire-de-recherche-theatre-et-migration1.png 1040w\" sizes=\"100vw\" \/>\t\t\t\t\t\t\t\t\t\t\t\t\t\t\t<\/div>\n\t\t\t\t<\/div>\n\t\t\t\t\t<\/div>\n\t\t<\/div>\n\t\t\t\t\t<\/div>\n\t\t<\/section>\n\t\t\t\t<section class=\"elementor-section elementor-inner-section elementor-element elementor-element-841fc59 elementor-section-boxed elementor-section-height-default elementor-section-height-default\" data-id=\"841fc59\" data-element_type=\"section\" data-e-type=\"section\">\n\t\t\t\t\t\t<div class=\"elementor-container elementor-column-gap-default\">\n\t\t\t\t\t<div class=\"elementor-column elementor-col-50 elementor-inner-column elementor-element elementor-element-f091cb5\" data-id=\"f091cb5\" data-element_type=\"column\" data-e-type=\"column\">\n\t\t\t<div class=\"elementor-widget-wrap elementor-element-populated\">\n\t\t\t\t\t\t<div class=\"elementor-element elementor-element-e9586c2 elementor-widget elementor-widget-heading\" data-id=\"e9586c2\" data-element_type=\"widget\" data-e-type=\"widget\" data-widget_type=\"heading.default\">\n\t\t\t\t<div class=\"elementor-widget-container\">\n\t\t\t\t\t<h2 class=\"elementor-heading-title elementor-size-default\">cin\u00e9ma et migration<\/h2>\t\t\t\t<\/div>\n\t\t\t\t<\/div>\n\t\t\t\t\t<\/div>\n\t\t<\/div>\n\t\t\t\t<div class=\"elementor-column elementor-col-50 elementor-inner-column elementor-element elementor-element-be2c338\" data-id=\"be2c338\" data-element_type=\"column\" data-e-type=\"column\">\n\t\t\t<div class=\"elementor-widget-wrap elementor-element-populated\">\n\t\t\t\t\t\t<div class=\"elementor-element elementor-element-4cf1ccb elementor-widget elementor-widget-heading\" data-id=\"4cf1ccb\" data-element_type=\"widget\" data-e-type=\"widget\" data-widget_type=\"heading.default\">\n\t\t\t\t<div class=\"elementor-widget-container\">\n\t\t\t\t\t<h2 class=\"elementor-heading-title elementor-size-default\">migrer au f\u00e9minin<\/h2>\t\t\t\t<\/div>\n\t\t\t\t<\/div>\n\t\t\t\t\t<\/div>\n\t\t<\/div>\n\t\t\t\t\t<\/div>\n\t\t<\/section>\n\t\t\t\t<section class=\"elementor-section elementor-inner-section elementor-element elementor-element-af102a0 elementor-section-boxed elementor-section-height-default elementor-section-height-default\" data-id=\"af102a0\" data-element_type=\"section\" data-e-type=\"section\">\n\t\t\t\t\t\t<div class=\"elementor-container elementor-column-gap-default\">\n\t\t\t\t\t<div class=\"elementor-column elementor-col-50 elementor-inner-column elementor-element elementor-element-26f7988\" data-id=\"26f7988\" data-element_type=\"column\" data-e-type=\"column\">\n\t\t\t<div class=\"elementor-widget-wrap elementor-element-populated\">\n\t\t\t\t\t\t<div class=\"elementor-element elementor-element-d2b7b1b elementor-widget elementor-widget-image\" data-id=\"d2b7b1b\" data-element_type=\"widget\" data-e-type=\"widget\" data-widget_type=\"image.default\">\n\t\t\t\t<div class=\"elementor-widget-container\">\n\t\t\t\t\t\t\t\t\t\t\t\t\t\t\t<img loading=\"lazy\" decoding=\"async\" width=\"725\" height=\"1024\" src=\"https:\/\/migract.msh-vdl.fr\/wp-content\/uploads\/2024\/05\/Affiche-Kellou-final.png\" class=\"attachment-large size-large wp-image-2740\" alt=\"\" sizes=\"100vw\" \/>\t\t\t\t\t\t\t\t\t\t\t\t\t\t\t<\/div>\n\t\t\t\t<\/div>\n\t\t\t\t\t<\/div>\n\t\t<\/div>\n\t\t\t\t<div class=\"elementor-column elementor-col-50 elementor-inner-column elementor-element elementor-element-6587954\" data-id=\"6587954\" data-element_type=\"column\" data-e-type=\"column\">\n\t\t\t<div class=\"elementor-widget-wrap elementor-element-populated\">\n\t\t\t\t\t\t<div class=\"elementor-element elementor-element-756e408 elementor-widget elementor-widget-image\" data-id=\"756e408\" data-element_type=\"widget\" data-e-type=\"widget\" data-widget_type=\"image.default\">\n\t\t\t\t<div class=\"elementor-widget-container\">\n\t\t\t\t\t\t\t\t\t\t\t\t\t\t\t<img loading=\"lazy\" decoding=\"async\" width=\"740\" height=\"711\" src=\"https:\/\/migract.msh-vdl.fr\/wp-content\/uploads\/2026\/02\/seminaire-feminin.jpg\" class=\"attachment-large size-large wp-image-3517\" alt=\"\" srcset=\"https:\/\/migract.msh-vdl.fr\/wp-content\/uploads\/2026\/02\/seminaire-feminin.jpg 957w, https:\/\/migract.msh-vdl.fr\/wp-content\/uploads\/2026\/02\/seminaire-feminin-300x288.jpg 300w, https:\/\/migract.msh-vdl.fr\/wp-content\/uploads\/2026\/02\/seminaire-feminin-768x738.jpg 768w\" sizes=\"100vw\" \/>\t\t\t\t\t\t\t\t\t\t\t\t\t\t\t<\/div>\n\t\t\t\t<\/div>\n\t\t\t\t\t<\/div>\n\t\t<\/div>\n\t\t\t\t\t<\/div>\n\t\t<\/section>\n\t\t\t\t<section class=\"elementor-section elementor-inner-section elementor-element elementor-element-fddb6bb elementor-section-boxed elementor-section-height-default elementor-section-height-default\" data-id=\"fddb6bb\" data-element_type=\"section\" data-e-type=\"section\">\n\t\t\t\t\t\t<div class=\"elementor-container elementor-column-gap-default\">\n\t\t\t\t\t<div class=\"elementor-column elementor-col-100 elementor-inner-column elementor-element elementor-element-fd481ed\" data-id=\"fd481ed\" data-element_type=\"column\" data-e-type=\"column\">\n\t\t\t<div class=\"elementor-widget-wrap elementor-element-populated\">\n\t\t\t\t\t\t<div class=\"elementor-element elementor-element-3ce55b8 elementor-widget elementor-widget-heading\" data-id=\"3ce55b8\" data-element_type=\"widget\" data-e-type=\"widget\" data-widget_type=\"heading.default\">\n\t\t\t\t<div class=\"elementor-widget-container\">\n\t\t\t\t\t<h2 class=\"elementor-heading-title elementor-size-default\">Universit\u00e9 d'\u00e9t\u00e9<\/h2>\t\t\t\t<\/div>\n\t\t\t\t<\/div>\n\t\t\t\t\t<\/div>\n\t\t<\/div>\n\t\t\t\t\t<\/div>\n\t\t<\/section>\n\t\t\t\t<section class=\"elementor-section elementor-inner-section elementor-element elementor-element-b6a52e8 elementor-section-boxed elementor-section-height-default elementor-section-height-default\" data-id=\"b6a52e8\" data-element_type=\"section\" data-e-type=\"section\">\n\t\t\t\t\t\t<div class=\"elementor-container elementor-column-gap-default\">\n\t\t\t\t\t<div class=\"elementor-column elementor-col-50 elementor-inner-column elementor-element elementor-element-d22b901\" data-id=\"d22b901\" data-element_type=\"column\" data-e-type=\"column\">\n\t\t\t<div class=\"elementor-widget-wrap elementor-element-populated\">\n\t\t\t\t\t\t<div class=\"elementor-element elementor-element-c46c57e elementor-widget elementor-widget-image\" data-id=\"c46c57e\" data-element_type=\"widget\" data-e-type=\"widget\" data-widget_type=\"image.default\">\n\t\t\t\t<div class=\"elementor-widget-container\">\n\t\t\t\t\t\t\t\t\t\t\t\t\t\t\t<img decoding=\"async\" src=\"https:\/\/migract.msh-vdl.fr\/wp-content\/uploads\/2025\/05\/AFFICHE-migratext-ecole-ete_V250505-2-scaled.jpg\" title=\"\" alt=\"\" loading=\"lazy\" \/>\t\t\t\t\t\t\t\t\t\t\t\t\t\t\t<\/div>\n\t\t\t\t<\/div>\n\t\t\t\t\t<\/div>\n\t\t<\/div>\n\t\t\t\t<div class=\"elementor-column elementor-col-50 elementor-inner-column elementor-element elementor-element-c6f133a\" data-id=\"c6f133a\" data-element_type=\"column\" data-e-type=\"column\">\n\t\t\t<div class=\"elementor-widget-wrap elementor-element-populated\">\n\t\t\t\t\t\t<div class=\"elementor-element elementor-element-92a89c8 elementor-widget elementor-widget-text-editor\" data-id=\"92a89c8\" data-element_type=\"widget\" data-e-type=\"widget\" data-widget_type=\"text-editor.default\">\n\t\t\t\t<div class=\"elementor-widget-container\">\n\t\t\t\t\t\t\t\t\t<ul><li>Objectif scientifique\u00a0:<\/li><\/ul><p>cl\u00f4ture du projet MIGRATEXT en faisant le lien avec les deux axes structurant du laboratoire REMELICE : \u00ab d\u00e9centrements <strong>: <\/strong>dynamiques cr\u00e9atives et critiques \u00bb et \u00ab\u00a0cultures et citoyennet\u00e9s\u00a0\u00bb.<\/p><ul><li>Objectif de formation<\/li><\/ul><p>Ateliers et tables-rondes ouverts aux doctorant.es et aux mast\u00e9rant.es dans le champ global des sciences humaines, aux enseignants et associatifs\u2026 pour acqu\u00e9rir des connaissances sur les repr\u00e9sentations des migrations et d\u00e9couvrir une recherche\u00a0 participatives.<\/p><p>Pr\u00e9sentation de formes d\u2019\u00e9ducation partag\u00e9es fond\u00e9es sur l\u2019exp\u00e9rience, et encore rarement observ\u00e9es.<\/p><p>Participation de primo-arrivants scolaris\u00e9s (primaire, lyc\u00e9e) et inscrits dans des structures non-formelles.<\/p><ul><li>R\u00e9seaux et partenariats<\/li><\/ul><p>D\u00e9veloppement de collaborations entre les \u00e9quipes de recherche r\u00e9gionales (Tours &#8211; Orl\u00e9ans),\u00a0 nationales (Montpellier, Cergy-Pontoise) et internationales (<em>Manchester <\/em><em>Metropolitan University<\/em>, Grande Bretagne, Slov\u00e9nie, S\u00e9n\u00e9gal, Canada).\u00a0<\/p><p>Coisements disciplinaires (anthropologie, sociologie, sciences de l\u2019\u00e9ducation, <em>ABR<\/em>, <em>performance studies<\/em>, \u00e9tudes d\u00e9coloniales).<\/p>\t\t\t\t\t\t\t\t<\/div>\n\t\t\t\t<\/div>\n\t\t\t\t\t<\/div>\n\t\t<\/div>\n\t\t\t\t\t<\/div>\n\t\t<\/section>\n\t\t\t\t\t<\/div>\n\t\t<\/div>\n\t\t\t\t\t<\/div>\n\t\t<\/section>\n\t\t\t\t<\/div>\n\t\t","protected":false},"excerpt":{"rendered":"<p>Mots cl\u00e9s&nbsp;: migration, r\u00e9cit, culture, multilinguisme, inclusion. APR-IA \/ 2023-2025 &#8211;&nbsp;collecte de r\u00e9cits de vie&nbsp;de migration avec des pratiques artistiques Ce projet aborde les r\u00e9cits de migration pour visibiliser les parcours, confronter les culture et les langues Projet de recherche \u00ab d\u2019initiative acad\u00e9mique \u00bb&nbsp; en lien avec la prise en charge des populations migrantes en &hellip; <\/p>\n<p class=\"link-more\"><a href=\"https:\/\/migract.msh-vdl.fr\/?page_id=26\" class=\"more-link\">Continuer la lecture<span class=\"screen-reader-text\"> de &laquo;&nbsp;MIGRATEXT 2023-2025&nbsp;&raquo;<\/span><\/a><\/p>\n","protected":false},"author":2,"featured_media":0,"parent":0,"menu_order":0,"comment_status":"closed","ping_status":"closed","template":"","meta":{"_price":"","_stock":"","_tribe_ticket_header":"","_tribe_default_ticket_provider":"","_ticket_start_date":"","_ticket_end_date":"","_tribe_ticket_show_description":"","_tribe_ticket_show_not_going":false,"_tribe_ticket_use_global_stock":"","_tribe_ticket_global_stock_level":"","_global_stock_mode":"","_global_stock_cap":"","_tribe_rsvp_for_event":"","_tribe_ticket_going_count":"","_tribe_ticket_not_going_count":"","_tribe_tickets_list":"[]","_tribe_ticket_has_attendee_info_fields":false,"_mc_calendar":[],"footnotes":"","_tec_slr_enabled":"","_tec_slr_layout":""},"class_list":["post-26","page","type-page","status-publish","hentry"],"ticketed":false,"_links":{"self":[{"href":"https:\/\/migract.msh-vdl.fr\/index.php?rest_route=\/wp\/v2\/pages\/26","targetHints":{"allow":["GET"]}}],"collection":[{"href":"https:\/\/migract.msh-vdl.fr\/index.php?rest_route=\/wp\/v2\/pages"}],"about":[{"href":"https:\/\/migract.msh-vdl.fr\/index.php?rest_route=\/wp\/v2\/types\/page"}],"author":[{"embeddable":true,"href":"https:\/\/migract.msh-vdl.fr\/index.php?rest_route=\/wp\/v2\/users\/2"}],"replies":[{"embeddable":true,"href":"https:\/\/migract.msh-vdl.fr\/index.php?rest_route=%2Fwp%2Fv2%2Fcomments&post=26"}],"version-history":[{"count":31,"href":"https:\/\/migract.msh-vdl.fr\/index.php?rest_route=\/wp\/v2\/pages\/26\/revisions"}],"predecessor-version":[{"id":3520,"href":"https:\/\/migract.msh-vdl.fr\/index.php?rest_route=\/wp\/v2\/pages\/26\/revisions\/3520"}],"wp:attachment":[{"href":"https:\/\/migract.msh-vdl.fr\/index.php?rest_route=%2Fwp%2Fv2%2Fmedia&parent=26"}],"curies":[{"name":"wp","href":"https:\/\/api.w.org\/{rel}","templated":true}]}}