{"id":306,"date":"2020-12-31T12:45:58","date_gmt":"2020-12-31T11:45:58","guid":{"rendered":"https:\/\/migract.msh-vdl.fr\/?page_id=306"},"modified":"2026-01-15T19:40:08","modified_gmt":"2026-01-15T18:40:08","slug":"artistes","status":"publish","type":"page","link":"https:\/\/migract.msh-vdl.fr\/?page_id=306","title":{"rendered":"Artistes"},"content":{"rendered":"\t\t<div data-elementor-type=\"wp-page\" data-elementor-id=\"306\" class=\"elementor elementor-306\">\n\t\t\t\t\t\t<section class=\"elementor-section elementor-top-section elementor-element elementor-element-070e736 elementor-section-boxed elementor-section-height-default elementor-section-height-default\" data-id=\"070e736\" data-element_type=\"section\" data-e-type=\"section\">\n\t\t\t\t\t\t<div class=\"elementor-container elementor-column-gap-default\">\n\t\t\t\t\t<div class=\"elementor-column elementor-col-100 elementor-top-column elementor-element elementor-element-881b2b5\" data-id=\"881b2b5\" data-element_type=\"column\" data-e-type=\"column\">\n\t\t\t<div class=\"elementor-widget-wrap elementor-element-populated\">\n\t\t\t\t\t\t<div class=\"elementor-element elementor-element-62511ec elementor-widget elementor-widget-text-editor\" data-id=\"62511ec\" data-element_type=\"widget\" data-e-type=\"widget\" data-widget_type=\"text-editor.default\">\n\t\t\t\t<div class=\"elementor-widget-container\">\n\t\t\t\t\t\t\t\t\t<p>On sait que les artistes, les journalistes, les activistes et d\u2019une mani\u00e8re g\u00e9n\u00e9rale tous les intellectuels sont des cibles symboliques et ils sont nombreux \u00e0 devoir fuir leur pays\u00a0: la Syrie, la Turquie, la RDC, l\u2019Ukraine pour les plus r\u00e9cents. Les Alg\u00e9riens pendant les ann\u00e9es noires, etc<\/p><p>L&rsquo;exil les <span style=\"font-size: 1rem;\">\u00e9loigne<\/span><span style=\"font-size: 1rem;\">\u00a0<\/span><span style=\"font-size: 1rem;\"> progressivement de leur pays, de leur famille, de leur langue et de leurs r\u00e9seaux professionnels. Il multiplie les seuils et oriente leurs choix \u00e9thiques et esth\u00e9tiques.<\/span><\/p><p>Les \u0153uvres, produites \u00e0 diff\u00e9rents moments de leur parcours, s\u2019appuient sur l\u2019exil pour produire un discours critique sur les migrations et le rapport \u00e0 l&rsquo;alt\u00e9rit\u00e9.\u00a0<\/p>\t\t\t\t\t\t\t\t<\/div>\n\t\t\t\t<\/div>\n\t\t\t\t\t<\/div>\n\t\t<\/div>\n\t\t\t\t\t<\/div>\n\t\t<\/section>\n\t\t\t\t<section class=\"elementor-section elementor-top-section elementor-element elementor-element-16f6cb0 elementor-section-boxed elementor-section-height-default elementor-section-height-default\" data-id=\"16f6cb0\" data-element_type=\"section\" data-e-type=\"section\">\n\t\t\t\t\t\t<div class=\"elementor-container elementor-column-gap-default\">\n\t\t\t\t\t<div class=\"elementor-column elementor-col-50 elementor-top-column elementor-element elementor-element-1fd16cf\" data-id=\"1fd16cf\" data-element_type=\"column\" data-e-type=\"column\">\n\t\t\t<div class=\"elementor-widget-wrap elementor-element-populated\">\n\t\t\t\t\t\t<div class=\"elementor-element elementor-element-95f232b e-transform e-transform elementor-widget elementor-widget-image\" data-id=\"95f232b\" data-element_type=\"widget\" data-e-type=\"widget\" data-settings=\"{&quot;_transform_translateX_effect&quot;:{&quot;unit&quot;:&quot;px&quot;,&quot;size&quot;:0,&quot;sizes&quot;:[]},&quot;_transform_skewX_effect&quot;:{&quot;unit&quot;:&quot;px&quot;,&quot;size&quot;:360,&quot;sizes&quot;:[]},&quot;_transform_translateX_effect_tablet&quot;:{&quot;unit&quot;:&quot;px&quot;,&quot;size&quot;:&quot;&quot;,&quot;sizes&quot;:[]},&quot;_transform_translateX_effect_mobile&quot;:{&quot;unit&quot;:&quot;px&quot;,&quot;size&quot;:&quot;&quot;,&quot;sizes&quot;:[]},&quot;_transform_translateY_effect&quot;:{&quot;unit&quot;:&quot;px&quot;,&quot;size&quot;:&quot;&quot;,&quot;sizes&quot;:[]},&quot;_transform_translateY_effect_tablet&quot;:{&quot;unit&quot;:&quot;px&quot;,&quot;size&quot;:&quot;&quot;,&quot;sizes&quot;:[]},&quot;_transform_translateY_effect_mobile&quot;:{&quot;unit&quot;:&quot;px&quot;,&quot;size&quot;:&quot;&quot;,&quot;sizes&quot;:[]},&quot;_transform_skewX_effect_tablet&quot;:{&quot;unit&quot;:&quot;deg&quot;,&quot;size&quot;:&quot;&quot;,&quot;sizes&quot;:[]},&quot;_transform_skewX_effect_mobile&quot;:{&quot;unit&quot;:&quot;deg&quot;,&quot;size&quot;:&quot;&quot;,&quot;sizes&quot;:[]},&quot;_transform_skewY_effect&quot;:{&quot;unit&quot;:&quot;px&quot;,&quot;size&quot;:&quot;&quot;,&quot;sizes&quot;:[]},&quot;_transform_skewY_effect_tablet&quot;:{&quot;unit&quot;:&quot;deg&quot;,&quot;size&quot;:&quot;&quot;,&quot;sizes&quot;:[]},&quot;_transform_skewY_effect_mobile&quot;:{&quot;unit&quot;:&quot;deg&quot;,&quot;size&quot;:&quot;&quot;,&quot;sizes&quot;:[]}}\" data-widget_type=\"image.default\">\n\t\t\t\t<div class=\"elementor-widget-container\">\n\t\t\t\t\t\t\t\t\t\t\t\t<figure class=\"wp-caption\">\n\t\t\t\t\t\t\t\t\t\t\t<a href=\"https:\/\/laredacpop.org\/enracinement-deracinement-lhistoire-dun-exil-une-exposition-sur-les-mineurs-non-accompagnes\/\">\n\t\t\t\t\t\t\t<img decoding=\"async\" src=\"https:\/\/migract.msh-vdl.fr\/wp-content\/uploads\/2020\/12\/migmanar02.jpg\" title=\"migmanar02\" alt=\"Manar Bilal\" loading=\"lazy\" \/>\t\t\t\t\t\t\t\t<\/a>\n\t\t\t\t\t\t\t\t\t\t\t<figcaption class=\"widget-image-caption wp-caption-text\">Manar Bilal<\/figcaption>\n\t\t\t\t\t\t\t\t\t\t<\/figure>\n\t\t\t\t\t\t\t\t\t<\/div>\n\t\t\t\t<\/div>\n\t\t\t\t<div class=\"elementor-element elementor-element-1018542 elementor-widget elementor-widget-image\" data-id=\"1018542\" data-element_type=\"widget\" data-e-type=\"widget\" data-widget_type=\"image.default\">\n\t\t\t\t<div class=\"elementor-widget-container\">\n\t\t\t\t\t\t\t\t\t\t\t\t<figure class=\"wp-caption\">\n\t\t\t\t\t\t\t\t\t\t\t<a href=\"https:\/\/en.wikipedia.org\/wiki\/Samira_Negrouche\">\n\t\t\t\t\t\t\t<img fetchpriority=\"high\" decoding=\"async\" width=\"740\" height=\"631\" src=\"https:\/\/migract.msh-vdl.fr\/wp-content\/uploads\/2023\/08\/samira2.jpg\" class=\"attachment-large size-large wp-image-1590\" alt=\"\" sizes=\"100vw\" \/>\t\t\t\t\t\t\t\t<\/a>\n\t\t\t\t\t\t\t\t\t\t\t<figcaption class=\"widget-image-caption wp-caption-text\">Samira Negrouche<\/figcaption>\n\t\t\t\t\t\t\t\t\t\t<\/figure>\n\t\t\t\t\t\t\t\t\t<\/div>\n\t\t\t\t<\/div>\n\t\t\t\t<div class=\"elementor-element elementor-element-155a251 elementor-widget elementor-widget-image\" data-id=\"155a251\" data-element_type=\"widget\" data-e-type=\"widget\" data-widget_type=\"image.default\">\n\t\t\t\t<div class=\"elementor-widget-container\">\n\t\t\t\t\t\t\t\t\t\t\t\t<figure class=\"wp-caption\">\n\t\t\t\t\t\t\t\t\t\t\t<a href=\"http:\/\/delphinewibaux.fr\/\">\n\t\t\t\t\t\t\t<img decoding=\"async\" width=\"737\" height=\"629\" src=\"https:\/\/migract.msh-vdl.fr\/wp-content\/uploads\/2025\/12\/PortraitWibaux2.jpg\" class=\"attachment-large size-large wp-image-3137\" alt=\"\" srcset=\"https:\/\/migract.msh-vdl.fr\/wp-content\/uploads\/2025\/12\/PortraitWibaux2.jpg 737w, https:\/\/migract.msh-vdl.fr\/wp-content\/uploads\/2025\/12\/PortraitWibaux2-300x256.jpg 300w\" sizes=\"100vw\" \/>\t\t\t\t\t\t\t\t<\/a>\n\t\t\t\t\t\t\t\t\t\t\t<figcaption class=\"widget-image-caption wp-caption-text\">Delphine Wibaux<\/figcaption>\n\t\t\t\t\t\t\t\t\t\t<\/figure>\n\t\t\t\t\t\t\t\t\t<\/div>\n\t\t\t\t<\/div>\n\t\t\t\t<div class=\"elementor-element elementor-element-14fbf11 elementor-widget elementor-widget-image\" data-id=\"14fbf11\" data-element_type=\"widget\" data-e-type=\"widget\" data-widget_type=\"image.default\">\n\t\t\t\t<div class=\"elementor-widget-container\">\n\t\t\t\t\t\t\t\t\t\t\t\t<figure class=\"wp-caption\">\n\t\t\t\t\t\t\t\t\t\t\t<a href=\"https:\/\/en.wikipedia.org\/wiki\/Waed_Bouhassoun\">\n\t\t\t\t\t\t\t<img decoding=\"async\" width=\"740\" height=\"405\" src=\"https:\/\/migract.msh-vdl.fr\/wp-content\/uploads\/2021\/03\/Image2-1024x561.jpg\" class=\"attachment-large size-large wp-image-637\" alt=\"\" srcset=\"https:\/\/migract.msh-vdl.fr\/wp-content\/uploads\/2021\/03\/Image2-1024x561.jpg 1024w, https:\/\/migract.msh-vdl.fr\/wp-content\/uploads\/2021\/03\/Image2-300x164.jpg 300w, https:\/\/migract.msh-vdl.fr\/wp-content\/uploads\/2021\/03\/Image2-768x421.jpg 768w, https:\/\/migract.msh-vdl.fr\/wp-content\/uploads\/2021\/03\/Image2-1536x841.jpg 1536w, https:\/\/migract.msh-vdl.fr\/wp-content\/uploads\/2021\/03\/Image2-2048x1122.jpg 2048w\" sizes=\"100vw\" \/>\t\t\t\t\t\t\t\t<\/a>\n\t\t\t\t\t\t\t\t\t\t\t<figcaption class=\"widget-image-caption wp-caption-text\">Waed Bouhassoun<\/figcaption>\n\t\t\t\t\t\t\t\t\t\t<\/figure>\n\t\t\t\t\t\t\t\t\t<\/div>\n\t\t\t\t<\/div>\n\t\t\t\t\t<\/div>\n\t\t<\/div>\n\t\t\t\t<div class=\"elementor-column elementor-col-50 elementor-top-column elementor-element elementor-element-deb6c37\" data-id=\"deb6c37\" data-element_type=\"column\" data-e-type=\"column\">\n\t\t\t<div class=\"elementor-widget-wrap elementor-element-populated\">\n\t\t\t\t\t\t<div class=\"elementor-element elementor-element-a186f72 elementor-widget elementor-widget-image\" data-id=\"a186f72\" data-element_type=\"widget\" data-e-type=\"widget\" data-widget_type=\"image.default\">\n\t\t\t\t<div class=\"elementor-widget-container\">\n\t\t\t\t\t\t\t\t\t\t\t\t<figure class=\"wp-caption\">\n\t\t\t\t\t\t\t\t\t\t\t<a href=\"https:\/\/www.youtube.com\/watch?v=ZyYPATXpdjw\">\n\t\t\t\t\t\t\t<img loading=\"lazy\" decoding=\"async\" width=\"425\" height=\"453\" src=\"https:\/\/migract.msh-vdl.fr\/wp-content\/uploads\/2022\/11\/cloth.jpg\" class=\"attachment-large size-large wp-image-1056\" alt=\"\" srcset=\"https:\/\/migract.msh-vdl.fr\/wp-content\/uploads\/2022\/11\/cloth.jpg 425w, https:\/\/migract.msh-vdl.fr\/wp-content\/uploads\/2022\/11\/cloth-281x300.jpg 281w\" sizes=\"100vw\" \/>\t\t\t\t\t\t\t\t<\/a>\n\t\t\t\t\t\t\t\t\t\t\t<figcaption class=\"widget-image-caption wp-caption-text\">Diala Brisly<\/figcaption>\n\t\t\t\t\t\t\t\t\t\t<\/figure>\n\t\t\t\t\t\t\t\t\t<\/div>\n\t\t\t\t<\/div>\n\t\t\t\t<div class=\"elementor-element elementor-element-bb8c783 elementor-widget elementor-widget-image\" data-id=\"bb8c783\" data-element_type=\"widget\" data-e-type=\"widget\" data-widget_type=\"image.default\">\n\t\t\t\t<div class=\"elementor-widget-container\">\n\t\t\t\t\t\t\t\t\t\t\t\t<figure class=\"wp-caption\">\n\t\t\t\t\t\t\t\t\t\t\t<a href=\"https:\/\/www.artefacts.coop\/cooperataires\/chloe-lesseur\/\">\n\t\t\t\t\t\t\t<img loading=\"lazy\" decoding=\"async\" width=\"360\" height=\"360\" src=\"https:\/\/migract.msh-vdl.fr\/wp-content\/uploads\/2025\/12\/artefacts-chloe-lesseur.jpg\" class=\"attachment-large size-large wp-image-3133\" alt=\"\" srcset=\"https:\/\/migract.msh-vdl.fr\/wp-content\/uploads\/2025\/12\/artefacts-chloe-lesseur.jpg 360w, https:\/\/migract.msh-vdl.fr\/wp-content\/uploads\/2025\/12\/artefacts-chloe-lesseur-300x300.jpg 300w, https:\/\/migract.msh-vdl.fr\/wp-content\/uploads\/2025\/12\/artefacts-chloe-lesseur-150x150.jpg 150w, https:\/\/migract.msh-vdl.fr\/wp-content\/uploads\/2025\/12\/artefacts-chloe-lesseur-100x100.jpg 100w\" sizes=\"100vw\" \/>\t\t\t\t\t\t\t\t<\/a>\n\t\t\t\t\t\t\t\t\t\t\t<figcaption class=\"widget-image-caption wp-caption-text\">Chlo\u00e9 Lesseur<\/figcaption>\n\t\t\t\t\t\t\t\t\t\t<\/figure>\n\t\t\t\t\t\t\t\t\t<\/div>\n\t\t\t\t<\/div>\n\t\t\t\t<div class=\"elementor-element elementor-element-70de987 elementor-widget elementor-widget-image\" data-id=\"70de987\" data-element_type=\"widget\" data-e-type=\"widget\" data-widget_type=\"image.default\">\n\t\t\t\t<div class=\"elementor-widget-container\">\n\t\t\t\t\t\t\t\t\t\t\t\t<figure class=\"wp-caption\">\n\t\t\t\t\t\t\t\t\t\t\t<a href=\"https:\/\/www.theatreonline.com\/Artiste\/Rachid-Guerbas\/558\">\n\t\t\t\t\t\t\t<img loading=\"lazy\" decoding=\"async\" width=\"305\" height=\"252\" src=\"https:\/\/migract.msh-vdl.fr\/wp-content\/uploads\/2023\/08\/R-Guerbas-1.jpg\" class=\"attachment-large size-large wp-image-1570\" alt=\"\" sizes=\"100vw\" \/>\t\t\t\t\t\t\t\t<\/a>\n\t\t\t\t\t\t\t\t\t\t\t<figcaption class=\"widget-image-caption wp-caption-text\">Rachid Guerbas<\/figcaption>\n\t\t\t\t\t\t\t\t\t\t<\/figure>\n\t\t\t\t\t\t\t\t\t<\/div>\n\t\t\t\t<\/div>\n\t\t\t\t\t<\/div>\n\t\t<\/div>\n\t\t\t\t\t<\/div>\n\t\t<\/section>\n\t\t\t\t<section class=\"elementor-section elementor-top-section elementor-element elementor-element-c2a6ef7 elementor-section-boxed elementor-section-height-default elementor-section-height-default\" data-id=\"c2a6ef7\" data-element_type=\"section\" data-e-type=\"section\">\n\t\t\t\t\t\t<div class=\"elementor-container elementor-column-gap-default\">\n\t\t\t\t\t<div class=\"elementor-column elementor-col-100 elementor-top-column elementor-element elementor-element-52395b5\" data-id=\"52395b5\" data-element_type=\"column\" data-e-type=\"column\">\n\t\t\t<div class=\"elementor-widget-wrap elementor-element-populated\">\n\t\t\t\t\t\t<div class=\"elementor-element elementor-element-ae64403 elementor-widget-divider--view-line elementor-widget elementor-widget-divider\" data-id=\"ae64403\" data-element_type=\"widget\" data-e-type=\"widget\" data-widget_type=\"divider.default\">\n\t\t\t\t<div class=\"elementor-widget-container\">\n\t\t\t\t\t\t\t<div class=\"elementor-divider\">\n\t\t\t<span class=\"elementor-divider-separator\">\n\t\t\t\t\t\t<\/span>\n\t\t<\/div>\n\t\t\t\t\t\t<\/div>\n\t\t\t\t<\/div>\n\t\t\t\t\t<\/div>\n\t\t<\/div>\n\t\t\t\t\t<\/div>\n\t\t<\/section>\n\t\t\t\t<section class=\"elementor-section elementor-top-section elementor-element elementor-element-03f3b19 elementor-section-boxed elementor-section-height-default elementor-section-height-default\" data-id=\"03f3b19\" data-element_type=\"section\" data-e-type=\"section\">\n\t\t\t\t\t\t<div class=\"elementor-container elementor-column-gap-default\">\n\t\t\t\t\t<div class=\"elementor-column elementor-col-50 elementor-top-column elementor-element elementor-element-b171a4d\" data-id=\"b171a4d\" data-element_type=\"column\" data-e-type=\"column\">\n\t\t\t<div class=\"elementor-widget-wrap elementor-element-populated\">\n\t\t\t\t\t\t<div class=\"elementor-element elementor-element-a83cf7a elementor-widget elementor-widget-image\" data-id=\"a83cf7a\" data-element_type=\"widget\" data-e-type=\"widget\" data-widget_type=\"image.default\">\n\t\t\t\t<div class=\"elementor-widget-container\">\n\t\t\t\t\t\t\t\t\t\t\t\t<figure class=\"wp-caption\">\n\t\t\t\t\t\t\t\t\t\t\t<a href=\"https:\/\/sourcespoetiques.com\/portraits\/falmares\/\">\n\t\t\t\t\t\t\t<img loading=\"lazy\" decoding=\"async\" width=\"600\" height=\"600\" src=\"https:\/\/migract.msh-vdl.fr\/wp-content\/uploads\/2025\/12\/portrait-Falamars2025.jpg\" class=\"attachment-large size-large wp-image-3225\" alt=\"\" srcset=\"https:\/\/migract.msh-vdl.fr\/wp-content\/uploads\/2025\/12\/portrait-Falamars2025.jpg 600w, https:\/\/migract.msh-vdl.fr\/wp-content\/uploads\/2025\/12\/portrait-Falamars2025-300x300.jpg 300w, https:\/\/migract.msh-vdl.fr\/wp-content\/uploads\/2025\/12\/portrait-Falamars2025-150x150.jpg 150w, https:\/\/migract.msh-vdl.fr\/wp-content\/uploads\/2025\/12\/portrait-Falamars2025-100x100.jpg 100w\" sizes=\"100vw\" \/>\t\t\t\t\t\t\t\t<\/a>\n\t\t\t\t\t\t\t\t\t\t\t<figcaption class=\"widget-image-caption wp-caption-text\">Falmar\u00e8s<\/figcaption>\n\t\t\t\t\t\t\t\t\t\t<\/figure>\n\t\t\t\t\t\t\t\t\t<\/div>\n\t\t\t\t<\/div>\n\t\t\t\t\t<\/div>\n\t\t<\/div>\n\t\t\t\t<div class=\"elementor-column elementor-col-50 elementor-top-column elementor-element elementor-element-691f433\" data-id=\"691f433\" data-element_type=\"column\" data-e-type=\"column\">\n\t\t\t<div class=\"elementor-widget-wrap elementor-element-populated\">\n\t\t\t\t\t\t<div class=\"elementor-element elementor-element-5ef8fb9 e-transform elementor-widget elementor-widget-video\" data-id=\"5ef8fb9\" data-element_type=\"widget\" data-e-type=\"widget\" data-settings=\"{&quot;video_type&quot;:&quot;vimeo&quot;,&quot;_transform_translateY_effect&quot;:{&quot;unit&quot;:&quot;px&quot;,&quot;size&quot;:25,&quot;sizes&quot;:[]},&quot;_transform_translateX_effect&quot;:{&quot;unit&quot;:&quot;px&quot;,&quot;size&quot;:&quot;&quot;,&quot;sizes&quot;:[]},&quot;_transform_translateX_effect_tablet&quot;:{&quot;unit&quot;:&quot;px&quot;,&quot;size&quot;:&quot;&quot;,&quot;sizes&quot;:[]},&quot;_transform_translateX_effect_mobile&quot;:{&quot;unit&quot;:&quot;px&quot;,&quot;size&quot;:&quot;&quot;,&quot;sizes&quot;:[]},&quot;_transform_translateY_effect_tablet&quot;:{&quot;unit&quot;:&quot;px&quot;,&quot;size&quot;:&quot;&quot;,&quot;sizes&quot;:[]},&quot;_transform_translateY_effect_mobile&quot;:{&quot;unit&quot;:&quot;px&quot;,&quot;size&quot;:&quot;&quot;,&quot;sizes&quot;:[]}}\" data-widget_type=\"video.default\">\n\t\t\t\t<div class=\"elementor-widget-container\">\n\t\t\t\t\t\t\t<div class=\"elementor-wrapper elementor-open-inline\">\n\t\t\t<iframe class=\"elementor-video-iframe\" allowfullscreen allow=\"clipboard-write\" title=\"Lecteur vid\u00e9o vimeo\" src=\"https:\/\/player.vimeo.com\/video\/542044975?color&amp;autopause=0&amp;loop=0&amp;muted=0&amp;title=1&amp;portrait=1&amp;byline=1#t=\"><\/iframe>\t\t<\/div>\n\t\t\t\t\t\t<\/div>\n\t\t\t\t<\/div>\n\t\t\t\t<div class=\"elementor-element elementor-element-c5feabd elementor-widget elementor-widget-image\" data-id=\"c5feabd\" data-element_type=\"widget\" data-e-type=\"widget\" data-widget_type=\"image.default\">\n\t\t\t\t<div class=\"elementor-widget-container\">\n\t\t\t\t\t\t\t\t\t\t\t\t<figure class=\"wp-caption\">\n\t\t\t\t\t\t\t\t\t\t\t<a href=\"https:\/\/www.theatredelimprevu.com\/\">\n\t\t\t\t\t\t\t<img loading=\"lazy\" decoding=\"async\" width=\"312\" height=\"296\" src=\"https:\/\/migract.msh-vdl.fr\/wp-content\/uploads\/2023\/08\/imprevu-logo.png\" class=\"attachment-large size-large wp-image-1702\" alt=\"\" sizes=\"100vw\" \/>\t\t\t\t\t\t\t\t<\/a>\n\t\t\t\t\t\t\t\t\t\t\t<figcaption class=\"widget-image-caption wp-caption-text\">Compagnie \"Th\u00e9\u00e2tre de l'Impr\u00e9vu\"<\/figcaption>\n\t\t\t\t\t\t\t\t\t\t<\/figure>\n\t\t\t\t\t\t\t\t\t<\/div>\n\t\t\t\t<\/div>\n\t\t\t\t\t<\/div>\n\t\t<\/div>\n\t\t\t\t\t<\/div>\n\t\t<\/section>\n\t\t\t\t<section class=\"elementor-section elementor-top-section elementor-element elementor-element-8079bc0 elementor-section-boxed elementor-section-height-default elementor-section-height-default\" data-id=\"8079bc0\" data-element_type=\"section\" data-e-type=\"section\">\n\t\t\t\t\t\t<div class=\"elementor-container elementor-column-gap-default\">\n\t\t\t\t\t<div class=\"elementor-column elementor-col-100 elementor-top-column elementor-element elementor-element-0c20b0c\" data-id=\"0c20b0c\" data-element_type=\"column\" data-e-type=\"column\">\n\t\t\t<div class=\"elementor-widget-wrap elementor-element-populated\">\n\t\t\t\t\t\t<section class=\"elementor-section elementor-inner-section elementor-element elementor-element-7bf77c7 elementor-section-boxed elementor-section-height-default elementor-section-height-default\" data-id=\"7bf77c7\" data-element_type=\"section\" data-e-type=\"section\">\n\t\t\t\t\t\t<div class=\"elementor-container elementor-column-gap-default\">\n\t\t\t\t\t<div class=\"elementor-column elementor-col-50 elementor-inner-column elementor-element elementor-element-6312c2a\" data-id=\"6312c2a\" data-element_type=\"column\" data-e-type=\"column\">\n\t\t\t<div class=\"elementor-widget-wrap elementor-element-populated\">\n\t\t\t\t\t\t<div class=\"elementor-element elementor-element-ca3b45d elementor-widget elementor-widget-image\" data-id=\"ca3b45d\" data-element_type=\"widget\" data-e-type=\"widget\" data-widget_type=\"image.default\">\n\t\t\t\t<div class=\"elementor-widget-container\">\n\t\t\t\t\t\t\t\t\t\t\t\t<figure class=\"wp-caption\">\n\t\t\t\t\t\t\t\t\t\t\t<a href=\"https:\/\/dmkellou.com\/about\">\n\t\t\t\t\t\t\t<img loading=\"lazy\" decoding=\"async\" width=\"227\" height=\"341\" src=\"https:\/\/migract.msh-vdl.fr\/wp-content\/uploads\/2026\/01\/portrait-dorothee-myriam-kellou-eliseorioucampion.jpg\" class=\"attachment-large size-large wp-image-3313\" alt=\"\" srcset=\"https:\/\/migract.msh-vdl.fr\/wp-content\/uploads\/2026\/01\/portrait-dorothee-myriam-kellou-eliseorioucampion.jpg 227w, https:\/\/migract.msh-vdl.fr\/wp-content\/uploads\/2026\/01\/portrait-dorothee-myriam-kellou-eliseorioucampion-200x300.jpg 200w\" sizes=\"100vw\" \/>\t\t\t\t\t\t\t\t<\/a>\n\t\t\t\t\t\t\t\t\t\t\t<figcaption class=\"widget-image-caption wp-caption-text\">Doroth\u00e9e Myriam Kellou<\/figcaption>\n\t\t\t\t\t\t\t\t\t\t<\/figure>\n\t\t\t\t\t\t\t\t\t<\/div>\n\t\t\t\t<\/div>\n\t\t\t\t\t<\/div>\n\t\t<\/div>\n\t\t\t\t<div class=\"elementor-column elementor-col-50 elementor-inner-column elementor-element elementor-element-2d7c30d\" data-id=\"2d7c30d\" data-element_type=\"column\" data-e-type=\"column\">\n\t\t\t<div class=\"elementor-widget-wrap\">\n\t\t\t\t\t\t\t<\/div>\n\t\t<\/div>\n\t\t\t\t\t<\/div>\n\t\t<\/section>\n\t\t\t\t\t<\/div>\n\t\t<\/div>\n\t\t\t\t\t<\/div>\n\t\t<\/section>\n\t\t\t\t<\/div>\n\t\t","protected":false},"excerpt":{"rendered":"<p>On sait que les artistes, les journalistes, les activistes et d\u2019une mani\u00e8re g\u00e9n\u00e9rale tous les intellectuels sont des cibles symboliques et ils sont nombreux \u00e0 devoir fuir leur pays\u00a0: la Syrie, la Turquie, la RDC, l\u2019Ukraine pour les plus r\u00e9cents. Les Alg\u00e9riens pendant les ann\u00e9es noires, etc L&rsquo;exil les \u00e9loigne\u00a0 progressivement de leur pays, de &hellip; <\/p>\n<p class=\"link-more\"><a href=\"https:\/\/migract.msh-vdl.fr\/?page_id=306\" class=\"more-link\">Continuer la lecture<span class=\"screen-reader-text\"> de &laquo;&nbsp;Artistes&nbsp;&raquo;<\/span><\/a><\/p>\n","protected":false},"author":2,"featured_media":0,"parent":0,"menu_order":0,"comment_status":"closed","ping_status":"closed","template":"","meta":{"_price":"","_stock":"","_tribe_ticket_header":"","_tribe_default_ticket_provider":"","_ticket_start_date":"","_ticket_end_date":"","_tribe_ticket_show_description":"","_tribe_ticket_show_not_going":false,"_tribe_ticket_use_global_stock":"","_tribe_ticket_global_stock_level":"","_global_stock_mode":"","_global_stock_cap":"","_tribe_rsvp_for_event":"","_tribe_ticket_going_count":"","_tribe_ticket_not_going_count":"","_tribe_tickets_list":"[]","_tribe_ticket_has_attendee_info_fields":false,"_mc_calendar":[],"footnotes":"","_tec_slr_enabled":"","_tec_slr_layout":""},"class_list":["post-306","page","type-page","status-publish","hentry"],"ticketed":false,"_links":{"self":[{"href":"https:\/\/migract.msh-vdl.fr\/index.php?rest_route=\/wp\/v2\/pages\/306","targetHints":{"allow":["GET"]}}],"collection":[{"href":"https:\/\/migract.msh-vdl.fr\/index.php?rest_route=\/wp\/v2\/pages"}],"about":[{"href":"https:\/\/migract.msh-vdl.fr\/index.php?rest_route=\/wp\/v2\/types\/page"}],"author":[{"embeddable":true,"href":"https:\/\/migract.msh-vdl.fr\/index.php?rest_route=\/wp\/v2\/users\/2"}],"replies":[{"embeddable":true,"href":"https:\/\/migract.msh-vdl.fr\/index.php?rest_route=%2Fwp%2Fv2%2Fcomments&post=306"}],"version-history":[{"count":258,"href":"https:\/\/migract.msh-vdl.fr\/index.php?rest_route=\/wp\/v2\/pages\/306\/revisions"}],"predecessor-version":[{"id":3319,"href":"https:\/\/migract.msh-vdl.fr\/index.php?rest_route=\/wp\/v2\/pages\/306\/revisions\/3319"}],"wp:attachment":[{"href":"https:\/\/migract.msh-vdl.fr\/index.php?rest_route=%2Fwp%2Fv2%2Fmedia&parent=306"}],"curies":[{"name":"wp","href":"https:\/\/api.w.org\/{rel}","templated":true}]}}