{"id":459,"date":"2021-01-12T21:21:37","date_gmt":"2021-01-12T20:21:37","guid":{"rendered":"https:\/\/migract.msh-vdl.fr\/?page_id=459"},"modified":"2023-08-24T20:02:50","modified_gmt":"2023-08-24T18:02:50","slug":"refugee-week","status":"publish","type":"page","link":"https:\/\/migract.msh-vdl.fr\/?page_id=459","title":{"rendered":"Journ\u00e9es des Refugi\u00e9s"},"content":{"rendered":"\t\t<div data-elementor-type=\"wp-page\" data-elementor-id=\"459\" class=\"elementor elementor-459\">\n\t\t\t\t\t\t<section class=\"elementor-section elementor-top-section elementor-element elementor-element-3037c1d elementor-section-boxed elementor-section-height-default elementor-section-height-default\" data-id=\"3037c1d\" data-element_type=\"section\" data-e-type=\"section\">\n\t\t\t\t\t\t<div class=\"elementor-container elementor-column-gap-default\">\n\t\t\t\t\t<div class=\"elementor-column elementor-col-100 elementor-top-column elementor-element elementor-element-b0bbd84\" data-id=\"b0bbd84\" data-element_type=\"column\" data-e-type=\"column\">\n\t\t\t<div class=\"elementor-widget-wrap elementor-element-populated\">\n\t\t\t\t\t\t<div class=\"elementor-element elementor-element-4edd52b elementor-widget elementor-widget-image\" data-id=\"4edd52b\" data-element_type=\"widget\" data-e-type=\"widget\" data-widget_type=\"image.default\">\n\t\t\t\t<div class=\"elementor-widget-container\">\n\t\t\t\t\t\t\t\t\t\t\t\t\t\t\t\t<a href=\"https:\/\/www.unhcr.org\/fr\/world-refugee-day\">\n\t\t\t\t\t\t\t<img fetchpriority=\"high\" decoding=\"async\" width=\"459\" height=\"110\" src=\"https:\/\/migract.msh-vdl.fr\/wp-content\/uploads\/2023\/08\/images.png\" class=\"attachment-large size-large wp-image-2054\" alt=\"\" sizes=\"100vw\" \/>\t\t\t\t\t\t\t\t<\/a>\n\t\t\t\t\t\t\t\t\t\t\t\t\t\t\t<\/div>\n\t\t\t\t<\/div>\n\t\t\t\t\t<\/div>\n\t\t<\/div>\n\t\t\t\t\t<\/div>\n\t\t<\/section>\n\t\t\t\t<section class=\"elementor-section elementor-top-section elementor-element elementor-element-b7a6e1c elementor-section-boxed elementor-section-height-default elementor-section-height-default\" data-id=\"b7a6e1c\" data-element_type=\"section\" data-e-type=\"section\">\n\t\t\t\t\t\t<div class=\"elementor-container elementor-column-gap-default\">\n\t\t\t\t\t<div class=\"elementor-column elementor-col-100 elementor-top-column elementor-element elementor-element-2ddd17d\" data-id=\"2ddd17d\" data-element_type=\"column\" data-e-type=\"column\">\n\t\t\t<div class=\"elementor-widget-wrap elementor-element-populated\">\n\t\t\t\t\t\t<div class=\"elementor-element elementor-element-2f5794a elementor-widget elementor-widget-text-editor\" data-id=\"2f5794a\" data-element_type=\"widget\" data-e-type=\"widget\" data-widget_type=\"text-editor.default\">\n\t\t\t\t<div class=\"elementor-widget-container\">\n\t\t\t\t\t\t\t\t\t<p>Chaque ann\u00e9e, le 20 juin, le monde c\u00e9l\u00e8bre la Journ\u00e9e mondiale du r\u00e9fugi\u00e9, journ\u00e9e internationale visant \u00e0 rendre hommage aux personnes qui ont \u00e9t\u00e9 forc\u00e9es de fuir.<\/p>\t\t\t\t\t\t\t\t<\/div>\n\t\t\t\t<\/div>\n\t\t\t\t\t<\/div>\n\t\t<\/div>\n\t\t\t\t\t<\/div>\n\t\t<\/section>\n\t\t\t\t<section class=\"elementor-section elementor-top-section elementor-element elementor-element-0b2a29b elementor-section-boxed elementor-section-height-default elementor-section-height-default\" data-id=\"0b2a29b\" data-element_type=\"section\" data-e-type=\"section\">\n\t\t\t\t\t\t<div class=\"elementor-container elementor-column-gap-default\">\n\t\t\t\t\t<div class=\"elementor-column elementor-col-50 elementor-top-column elementor-element elementor-element-829b0c1\" data-id=\"829b0c1\" data-element_type=\"column\" data-e-type=\"column\">\n\t\t\t<div class=\"elementor-widget-wrap elementor-element-populated\">\n\t\t\t\t\t\t<div class=\"elementor-element elementor-element-df9a7e9 elementor-widget elementor-widget-heading\" data-id=\"df9a7e9\" data-element_type=\"widget\" data-e-type=\"widget\" data-widget_type=\"heading.default\">\n\t\t\t\t<div class=\"elementor-widget-container\">\n\t\t\t\t\t<h2 class=\"elementor-heading-title elementor-size-default\">2021<\/h2>\t\t\t\t<\/div>\n\t\t\t\t<\/div>\n\t\t\t\t\t<\/div>\n\t\t<\/div>\n\t\t\t\t<div class=\"elementor-column elementor-col-50 elementor-top-column elementor-element elementor-element-ab9c3d1\" data-id=\"ab9c3d1\" data-element_type=\"column\" data-e-type=\"column\">\n\t\t\t<div class=\"elementor-widget-wrap elementor-element-populated\">\n\t\t\t\t\t\t<div class=\"elementor-element elementor-element-cac8276 elementor-widget elementor-widget-text-editor\" data-id=\"cac8276\" data-element_type=\"widget\" data-e-type=\"widget\" data-widget_type=\"text-editor.default\">\n\t\t\t\t<div class=\"elementor-widget-container\">\n\t\t\t\t\t\t\t\t\t<h5><strong>\u00ab\u00a0Facing the other\u00a0\u00bb<\/strong><\/h5><p>Dans le cadre de l&rsquo;UE d&rsquo;ouverture \u00ab\u00a0<em>De l&rsquo;\u00e9criture critique \u00e0 la photographie documentaire<\/em>\u00ab\u00a0, assur\u00e9e par Nina Rendulic, les \u00e9tudiants L2 de l&rsquo;Universit\u00e9 d&rsquo;Orl\u00e9ans ont probl\u00e9matis\u00e9 la condition des personnes en exil \u00e0 partir de t\u00e9moignages \u00e9crits ou oraux.<\/p>\t\t\t\t\t\t\t\t<\/div>\n\t\t\t\t<\/div>\n\t\t\t\t\t<\/div>\n\t\t<\/div>\n\t\t\t\t\t<\/div>\n\t\t<\/section>\n\t\t\t\t<section class=\"elementor-section elementor-top-section elementor-element elementor-element-f55585b elementor-section-boxed elementor-section-height-default elementor-section-height-default\" data-id=\"f55585b\" data-element_type=\"section\" data-e-type=\"section\">\n\t\t\t\t\t\t<div class=\"elementor-container elementor-column-gap-default\">\n\t\t\t\t\t<div class=\"elementor-column elementor-col-33 elementor-top-column elementor-element elementor-element-530304a\" data-id=\"530304a\" data-element_type=\"column\" data-e-type=\"column\">\n\t\t\t<div class=\"elementor-widget-wrap elementor-element-populated\">\n\t\t\t\t\t\t<div class=\"elementor-element elementor-element-2688700 elementor-widget elementor-widget-button\" data-id=\"2688700\" data-element_type=\"widget\" data-e-type=\"widget\" data-widget_type=\"button.default\">\n\t\t\t\t<div class=\"elementor-widget-container\">\n\t\t\t\t\t\t\t\t\t<div class=\"elementor-button-wrapper\">\n\t\t\t\t\t<a class=\"elementor-button elementor-button-link elementor-size-sm\" href=\"#\">\n\t\t\t\t\t\t<span class=\"elementor-button-content-wrapper\">\n\t\t\t\t\t\t\t\t\t<span class=\"elementor-button-text\">exposition<\/span>\n\t\t\t\t\t<\/span>\n\t\t\t\t\t<\/a>\n\t\t\t\t<\/div>\n\t\t\t\t\t\t\t\t<\/div>\n\t\t\t\t<\/div>\n\t\t\t\t\t<\/div>\n\t\t<\/div>\n\t\t\t\t<div class=\"elementor-column elementor-col-33 elementor-top-column elementor-element elementor-element-0010e74\" data-id=\"0010e74\" data-element_type=\"column\" data-e-type=\"column\">\n\t\t\t<div class=\"elementor-widget-wrap elementor-element-populated\">\n\t\t\t\t\t\t<div class=\"elementor-element elementor-element-27b1d04 elementor-widget elementor-widget-image\" data-id=\"27b1d04\" data-element_type=\"widget\" data-e-type=\"widget\" data-widget_type=\"image.default\">\n\t\t\t\t<div class=\"elementor-widget-container\">\n\t\t\t\t\t\t\t\t\t\t\t\t\t\t\t<img decoding=\"async\" width=\"212\" height=\"300\" src=\"https:\/\/migract.msh-vdl.fr\/wp-content\/uploads\/2021\/06\/Quand-lart-interroge-la-migration-plaquette-212x300.jpg\" class=\"attachment-medium size-medium wp-image-758\" alt=\"\" srcset=\"https:\/\/migract.msh-vdl.fr\/wp-content\/uploads\/2021\/06\/Quand-lart-interroge-la-migration-plaquette-212x300.jpg 212w, https:\/\/migract.msh-vdl.fr\/wp-content\/uploads\/2021\/06\/Quand-lart-interroge-la-migration-plaquette-724x1024.jpg 724w, https:\/\/migract.msh-vdl.fr\/wp-content\/uploads\/2021\/06\/Quand-lart-interroge-la-migration-plaquette-768x1086.jpg 768w, https:\/\/migract.msh-vdl.fr\/wp-content\/uploads\/2021\/06\/Quand-lart-interroge-la-migration-plaquette-1086x1536.jpg 1086w, https:\/\/migract.msh-vdl.fr\/wp-content\/uploads\/2021\/06\/Quand-lart-interroge-la-migration-plaquette-1448x2048.jpg 1448w, https:\/\/migract.msh-vdl.fr\/wp-content\/uploads\/2021\/06\/Quand-lart-interroge-la-migration-plaquette.jpg 1587w\" sizes=\"100vw\" \/>\t\t\t\t\t\t\t\t\t\t\t\t\t\t\t<\/div>\n\t\t\t\t<\/div>\n\t\t\t\t\t<\/div>\n\t\t<\/div>\n\t\t\t\t<div class=\"elementor-column elementor-col-33 elementor-top-column elementor-element elementor-element-973fe79\" data-id=\"973fe79\" data-element_type=\"column\" data-e-type=\"column\">\n\t\t\t<div class=\"elementor-widget-wrap elementor-element-populated\">\n\t\t\t\t\t\t<div class=\"elementor-element elementor-element-b9b2926 elementor-widget elementor-widget-text-editor\" data-id=\"b9b2926\" data-element_type=\"widget\" data-e-type=\"widget\" data-widget_type=\"text-editor.default\">\n\t\t\t\t<div class=\"elementor-widget-container\">\n\t\t\t\t\t\t\t\t\t<p>artistes :\u00a0<strong>Manar Bilal\u00a0 <\/strong>(photographie), <strong>Boris Trouplin<\/strong>\u00a0(photographe et musicien &#8211;\u00a0<a href=\"http:\/\/www.boristrouplin.com\/\">http:\/\/www.boristrouplin.com\/<\/a>),\u00a0<strong>Diala Brisly<\/strong> (ilustratrice),\u00a0<strong>Genevi\u00e8ve Guetemme <\/strong>(photographie), <strong style=\"font-size: 1rem;\">Luc Big\u00e9\u00a0<\/strong>(m<span style=\"font-size: 1rem;\">ythologue et \u00e9crivain<\/span><span style=\"font-size: 1rem;\"> &#8211;\u00a0<\/span><a style=\"font-size: 1rem;\" href=\"https:\/\/reenchanterlemonde.com\/\">https:\/\/reenchanterlemonde.com\/)<\/a>, <strong>Aude Vallet-Sanchez<\/strong>,\u00a0 <strong>Manuela Arab<\/strong>.<\/p>\t\t\t\t\t\t\t\t<\/div>\n\t\t\t\t<\/div>\n\t\t\t\t\t<\/div>\n\t\t<\/div>\n\t\t\t\t\t<\/div>\n\t\t<\/section>\n\t\t\t\t<section class=\"elementor-section elementor-top-section elementor-element elementor-element-e60517c elementor-section-boxed elementor-section-height-default elementor-section-height-default\" data-id=\"e60517c\" data-element_type=\"section\" data-e-type=\"section\">\n\t\t\t\t\t\t<div class=\"elementor-container elementor-column-gap-default\">\n\t\t\t\t\t<div class=\"elementor-column elementor-col-33 elementor-top-column elementor-element elementor-element-764d8a4\" data-id=\"764d8a4\" data-element_type=\"column\" data-e-type=\"column\">\n\t\t\t<div class=\"elementor-widget-wrap elementor-element-populated\">\n\t\t\t\t\t\t<div class=\"elementor-element elementor-element-9905f63 elementor-widget elementor-widget-text-editor\" data-id=\"9905f63\" data-element_type=\"widget\" data-e-type=\"widget\" data-widget_type=\"text-editor.default\">\n\t\t\t\t<div class=\"elementor-widget-container\">\n\t\t\t\t\t\t\t\t\t<h4>R\u00e9cit de fiction<\/h4><p><a href=\"https:\/\/migract.msh-vdl.fr\/wp-content\/uploads\/2021\/06\/Yousif-ELIAS-Je-est-un-autre.pdf\">Yousif ELIAS<\/a><\/p>\t\t\t\t\t\t\t\t<\/div>\n\t\t\t\t<\/div>\n\t\t\t\t\t<\/div>\n\t\t<\/div>\n\t\t\t\t<div class=\"elementor-column elementor-col-33 elementor-top-column elementor-element elementor-element-18abea1\" data-id=\"18abea1\" data-element_type=\"column\" data-e-type=\"column\">\n\t\t\t<div class=\"elementor-widget-wrap elementor-element-populated\">\n\t\t\t\t\t\t<div class=\"elementor-element elementor-element-a7323c5 elementor-widget elementor-widget-text-editor\" data-id=\"a7323c5\" data-element_type=\"widget\" data-e-type=\"widget\" data-widget_type=\"text-editor.default\">\n\t\t\t\t<div class=\"elementor-widget-container\">\n\t\t\t\t\t\t\t\t\t<p>Un enfant d\u00e9cide tout \u00e0 coup de quitter ses parents apr\u00e8s leur divorce .Il se met au travail tout jeune. Une opportunit\u00e9 lui vient d&rsquo;un coup pour partir \u00e0 l&rsquo;\u00e9tranger pour du travail.<\/p>\t\t\t\t\t\t\t\t<\/div>\n\t\t\t\t<\/div>\n\t\t\t\t\t<\/div>\n\t\t<\/div>\n\t\t\t\t<div class=\"elementor-column elementor-col-33 elementor-top-column elementor-element elementor-element-f4ce003\" data-id=\"f4ce003\" data-element_type=\"column\" data-e-type=\"column\">\n\t\t\t<div class=\"elementor-widget-wrap elementor-element-populated\">\n\t\t\t\t\t\t<div class=\"elementor-element elementor-element-0bb7403 elementor-widget elementor-widget-image\" data-id=\"0bb7403\" data-element_type=\"widget\" data-e-type=\"widget\" data-widget_type=\"image.default\">\n\t\t\t\t<div class=\"elementor-widget-container\">\n\t\t\t\t\t\t\t\t\t\t\t\t\t\t\t<img decoding=\"async\" width=\"225\" height=\"300\" src=\"https:\/\/migract.msh-vdl.fr\/wp-content\/uploads\/2021\/06\/Yousif-ELIAS-Couverture-225x300.jpg\" class=\"attachment-medium size-medium wp-image-763\" alt=\"\" srcset=\"https:\/\/migract.msh-vdl.fr\/wp-content\/uploads\/2021\/06\/Yousif-ELIAS-Couverture-225x300.jpg 225w, https:\/\/migract.msh-vdl.fr\/wp-content\/uploads\/2021\/06\/Yousif-ELIAS-Couverture-767x1024.jpg 767w, https:\/\/migract.msh-vdl.fr\/wp-content\/uploads\/2021\/06\/Yousif-ELIAS-Couverture-768x1026.jpg 768w, https:\/\/migract.msh-vdl.fr\/wp-content\/uploads\/2021\/06\/Yousif-ELIAS-Couverture-1150x1536.jpg 1150w, https:\/\/migract.msh-vdl.fr\/wp-content\/uploads\/2021\/06\/Yousif-ELIAS-Couverture-1534x2048.jpg 1534w, https:\/\/migract.msh-vdl.fr\/wp-content\/uploads\/2021\/06\/Yousif-ELIAS-Couverture-scaled.jpg 1917w\" sizes=\"100vw\" \/>\t\t\t\t\t\t\t\t\t\t\t\t\t\t\t<\/div>\n\t\t\t\t<\/div>\n\t\t\t\t\t<\/div>\n\t\t<\/div>\n\t\t\t\t\t<\/div>\n\t\t<\/section>\n\t\t\t\t<section class=\"elementor-section elementor-top-section elementor-element elementor-element-f8e48f4 elementor-section-boxed elementor-section-height-default elementor-section-height-default\" data-id=\"f8e48f4\" data-element_type=\"section\" data-e-type=\"section\">\n\t\t\t\t\t\t<div class=\"elementor-container elementor-column-gap-default\">\n\t\t\t\t\t<div class=\"elementor-column elementor-col-33 elementor-top-column elementor-element elementor-element-6126e71\" data-id=\"6126e71\" data-element_type=\"column\" data-e-type=\"column\">\n\t\t\t<div class=\"elementor-widget-wrap elementor-element-populated\">\n\t\t\t\t\t\t<div class=\"elementor-element elementor-element-89dac8a elementor-widget elementor-widget-text-editor\" data-id=\"89dac8a\" data-element_type=\"widget\" data-e-type=\"widget\" data-widget_type=\"text-editor.default\">\n\t\t\t\t<div class=\"elementor-widget-container\">\n\t\t\t\t\t\t\t\t\t<h3><span style=\"color: #333300;\"><strong>Mus\u00e9e du Tenkil<\/strong><\/span><\/h3>\t\t\t\t\t\t\t\t<\/div>\n\t\t\t\t<\/div>\n\t\t\t\t<div class=\"elementor-element elementor-element-20945e4 elementor-widget elementor-widget-text-editor\" data-id=\"20945e4\" data-element_type=\"widget\" data-e-type=\"widget\" data-widget_type=\"text-editor.default\">\n\t\t\t\t<div class=\"elementor-widget-container\">\n\t\t\t\t\t\t\t\t\t<p>Par deux \u00e9tudiants r\u00e9fugi\u00e9s turcs de l&rsquo;IDF<\/p>\t\t\t\t\t\t\t\t<\/div>\n\t\t\t\t<\/div>\n\t\t\t\t\t<\/div>\n\t\t<\/div>\n\t\t\t\t<div class=\"elementor-column elementor-col-33 elementor-top-column elementor-element elementor-element-2beb8c1\" data-id=\"2beb8c1\" data-element_type=\"column\" data-e-type=\"column\">\n\t\t\t<div class=\"elementor-widget-wrap elementor-element-populated\">\n\t\t\t\t\t\t<div class=\"elementor-element elementor-element-2f27cc1 elementor-widget elementor-widget-text-editor\" data-id=\"2f27cc1\" data-element_type=\"widget\" data-e-type=\"widget\" data-widget_type=\"text-editor.default\">\n\t\t\t\t<div class=\"elementor-widget-container\">\n\t\t\t\t\t\t\t\t\t<p>\u00a0<\/p><p><i>Le mus\u00e9e pr\u00e9sente les\u00a0<\/i><i>pers\u00e9cutions<\/i><i>\u00a0r\u00e9centes en Turquie, avec 55 stands et plus de 300 objets appartenant aux victimes des diff\u00e9rentes purges.<br \/><\/i><i><br \/>L&rsquo;Association\u00a0<\/i><i>Tenkil<\/i>\u00a0<i>M\u00fczesi<\/i><i>\u00a0a \u00e9t\u00e9 cr\u00e9\u00e9e en Allemagne pour rendre visible le co\u00fbt humain de l&rsquo;oppression en Turquie. C&rsquo;est une association d&rsquo;utilit\u00e9 publique. Elle a organis\u00e9 4 expositions dans diverses r\u00e9gions d&rsquo;Europe<\/i><\/p>\t\t\t\t\t\t\t\t<\/div>\n\t\t\t\t<\/div>\n\t\t\t\t\t<\/div>\n\t\t<\/div>\n\t\t\t\t<div class=\"elementor-column elementor-col-33 elementor-top-column elementor-element elementor-element-506d3b1\" data-id=\"506d3b1\" data-element_type=\"column\" data-e-type=\"column\">\n\t\t\t<div class=\"elementor-widget-wrap elementor-element-populated\">\n\t\t\t\t\t\t<div class=\"elementor-element elementor-element-70170d6 elementor-widget elementor-widget-text-editor\" data-id=\"70170d6\" data-element_type=\"widget\" data-e-type=\"widget\" data-widget_type=\"text-editor.default\">\n\t\t\t\t<div class=\"elementor-widget-container\">\n\t\t\t\t\t\t\t\t\t<p>\u00a0<\/p><p>\u00a0<\/p>\t\t\t\t\t\t\t\t<\/div>\n\t\t\t\t<\/div>\n\t\t\t\t<div class=\"elementor-element elementor-element-c451294 elementor-widget elementor-widget-image\" data-id=\"c451294\" data-element_type=\"widget\" data-e-type=\"widget\" data-widget_type=\"image.default\">\n\t\t\t\t<div class=\"elementor-widget-container\">\n\t\t\t\t\t\t\t\t\t\t\t\t\t\t\t<img loading=\"lazy\" decoding=\"async\" width=\"300\" height=\"199\" src=\"https:\/\/migract.msh-vdl.fr\/wp-content\/uploads\/2021\/06\/tenkil-muzesi-brukselde-300x199.jpeg\" class=\"attachment-medium size-medium wp-image-770\" alt=\"\" srcset=\"https:\/\/migract.msh-vdl.fr\/wp-content\/uploads\/2021\/06\/tenkil-muzesi-brukselde-300x199.jpeg 300w, https:\/\/migract.msh-vdl.fr\/wp-content\/uploads\/2021\/06\/tenkil-muzesi-brukselde.jpeg 500w\" sizes=\"100vw\" \/>\t\t\t\t\t\t\t\t\t\t\t\t\t\t\t<\/div>\n\t\t\t\t<\/div>\n\t\t\t\t\t<\/div>\n\t\t<\/div>\n\t\t\t\t\t<\/div>\n\t\t<\/section>\n\t\t\t\t<section class=\"elementor-section elementor-top-section elementor-element elementor-element-d427650 elementor-section-boxed elementor-section-height-default elementor-section-height-default\" data-id=\"d427650\" data-element_type=\"section\" data-e-type=\"section\">\n\t\t\t\t\t\t<div class=\"elementor-container elementor-column-gap-default\">\n\t\t\t\t\t<div class=\"elementor-column elementor-col-50 elementor-top-column elementor-element elementor-element-db51c97\" data-id=\"db51c97\" data-element_type=\"column\" data-e-type=\"column\">\n\t\t\t<div class=\"elementor-widget-wrap elementor-element-populated\">\n\t\t\t\t\t\t\t<\/div>\n\t\t<\/div>\n\t\t\t\t<div class=\"elementor-column elementor-col-50 elementor-top-column elementor-element elementor-element-288c213\" data-id=\"288c213\" data-element_type=\"column\" data-e-type=\"column\">\n\t\t\t<div class=\"elementor-widget-wrap\">\n\t\t\t\t\t\t\t<\/div>\n\t\t<\/div>\n\t\t\t\t\t<\/div>\n\t\t<\/section>\n\t\t\t\t<section class=\"elementor-section elementor-top-section elementor-element elementor-element-c6cb004 elementor-section-boxed elementor-section-height-default elementor-section-height-default\" data-id=\"c6cb004\" data-element_type=\"section\" data-e-type=\"section\">\n\t\t\t\t\t\t<div class=\"elementor-container elementor-column-gap-default\">\n\t\t\t\t\t<div class=\"elementor-column elementor-col-50 elementor-top-column elementor-element elementor-element-17d4383\" data-id=\"17d4383\" data-element_type=\"column\" data-e-type=\"column\">\n\t\t\t<div class=\"elementor-widget-wrap elementor-element-populated\">\n\t\t\t\t\t\t<div class=\"elementor-element elementor-element-81c8911 elementor-widget elementor-widget-heading\" data-id=\"81c8911\" data-element_type=\"widget\" data-e-type=\"widget\" data-widget_type=\"heading.default\">\n\t\t\t\t<div class=\"elementor-widget-container\">\n\t\t\t\t\t<h2 class=\"elementor-heading-title elementor-size-default\">2022<\/h2>\t\t\t\t<\/div>\n\t\t\t\t<\/div>\n\t\t\t\t\t<\/div>\n\t\t<\/div>\n\t\t\t\t<div class=\"elementor-column elementor-col-50 elementor-top-column elementor-element elementor-element-4ddd026\" data-id=\"4ddd026\" data-element_type=\"column\" data-e-type=\"column\">\n\t\t\t<div class=\"elementor-widget-wrap elementor-element-populated\">\n\t\t\t\t\t\t<div class=\"elementor-element elementor-element-ddc4b48 elementor-widget elementor-widget-text-editor\" data-id=\"ddc4b48\" data-element_type=\"widget\" data-e-type=\"widget\" data-widget_type=\"text-editor.default\">\n\t\t\t\t<div class=\"elementor-widget-container\">\n\t\t\t\t\t\t\t\t\t<p>Au ch\u00e2teau des Vaux, des jeunes du p\u00f4le MNA (Mineurs non accompagn\u00e9s) ont r\u00e9alis\u00e9 une fresque sur le th\u00e8me de libert\u00e9 et particip\u00e9 \u00e0 ds ateliers men\u266a0s par l&rsquo;artiste Diala Brisly.<\/p>\t\t\t\t\t\t\t\t<\/div>\n\t\t\t\t<\/div>\n\t\t\t\t\t<\/div>\n\t\t<\/div>\n\t\t\t\t\t<\/div>\n\t\t<\/section>\n\t\t\t\t<section class=\"elementor-section elementor-top-section elementor-element elementor-element-9385191 elementor-section-boxed elementor-section-height-default elementor-section-height-default\" data-id=\"9385191\" data-element_type=\"section\" data-e-type=\"section\">\n\t\t\t\t\t\t<div class=\"elementor-container elementor-column-gap-default\">\n\t\t\t\t\t<div class=\"elementor-column elementor-col-100 elementor-top-column elementor-element elementor-element-9dbca57\" data-id=\"9dbca57\" data-element_type=\"column\" data-e-type=\"column\">\n\t\t\t<div class=\"elementor-widget-wrap elementor-element-populated\">\n\t\t\t\t\t\t<div class=\"elementor-element elementor-element-238e57e elementor-widget elementor-widget-image\" data-id=\"238e57e\" data-element_type=\"widget\" data-e-type=\"widget\" data-widget_type=\"image.default\">\n\t\t\t\t<div class=\"elementor-widget-container\">\n\t\t\t\t\t\t\t\t\t\t\t\t\t\t\t<img loading=\"lazy\" decoding=\"async\" width=\"740\" height=\"333\" src=\"https:\/\/migract.msh-vdl.fr\/wp-content\/uploads\/2022\/07\/20220620_125201-1024x461.jpg\" class=\"attachment-large size-large wp-image-953\" alt=\"\" srcset=\"https:\/\/migract.msh-vdl.fr\/wp-content\/uploads\/2022\/07\/20220620_125201-1024x461.jpg 1024w, https:\/\/migract.msh-vdl.fr\/wp-content\/uploads\/2022\/07\/20220620_125201-300x135.jpg 300w, https:\/\/migract.msh-vdl.fr\/wp-content\/uploads\/2022\/07\/20220620_125201-768x346.jpg 768w, https:\/\/migract.msh-vdl.fr\/wp-content\/uploads\/2022\/07\/20220620_125201-1536x691.jpg 1536w, https:\/\/migract.msh-vdl.fr\/wp-content\/uploads\/2022\/07\/20220620_125201-2048x922.jpg 2048w\" sizes=\"100vw\" \/>\t\t\t\t\t\t\t\t\t\t\t\t\t\t\t<\/div>\n\t\t\t\t<\/div>\n\t\t\t\t\t<\/div>\n\t\t<\/div>\n\t\t\t\t\t<\/div>\n\t\t<\/section>\n\t\t\t\t<section class=\"elementor-section elementor-top-section elementor-element elementor-element-71c9297 elementor-section-boxed elementor-section-height-default elementor-section-height-default\" data-id=\"71c9297\" data-element_type=\"section\" data-e-type=\"section\">\n\t\t\t\t\t\t<div class=\"elementor-container elementor-column-gap-default\">\n\t\t\t\t\t<div class=\"elementor-column elementor-col-100 elementor-top-column elementor-element elementor-element-a00a55d\" data-id=\"a00a55d\" data-element_type=\"column\" data-e-type=\"column\">\n\t\t\t<div class=\"elementor-widget-wrap elementor-element-populated\">\n\t\t\t\t\t\t<div class=\"elementor-element elementor-element-6104e2b elementor-widget elementor-widget-image\" data-id=\"6104e2b\" data-element_type=\"widget\" data-e-type=\"widget\" data-widget_type=\"image.default\">\n\t\t\t\t<div class=\"elementor-widget-container\">\n\t\t\t\t\t\t\t\t\t\t\t\t\t\t\t<img loading=\"lazy\" decoding=\"async\" width=\"740\" height=\"333\" src=\"https:\/\/migract.msh-vdl.fr\/wp-content\/uploads\/2022\/07\/20220620_142400-768x346.jpg\" class=\"attachment-medium_large size-medium_large wp-image-948\" alt=\"\" srcset=\"https:\/\/migract.msh-vdl.fr\/wp-content\/uploads\/2022\/07\/20220620_142400-768x346.jpg 768w, https:\/\/migract.msh-vdl.fr\/wp-content\/uploads\/2022\/07\/20220620_142400-300x135.jpg 300w, https:\/\/migract.msh-vdl.fr\/wp-content\/uploads\/2022\/07\/20220620_142400-1024x461.jpg 1024w, https:\/\/migract.msh-vdl.fr\/wp-content\/uploads\/2022\/07\/20220620_142400-1536x691.jpg 1536w, https:\/\/migract.msh-vdl.fr\/wp-content\/uploads\/2022\/07\/20220620_142400-2048x922.jpg 2048w\" sizes=\"100vw\" \/>\t\t\t\t\t\t\t\t\t\t\t\t\t\t\t<\/div>\n\t\t\t\t<\/div>\n\t\t\t\t\t<\/div>\n\t\t<\/div>\n\t\t\t\t\t<\/div>\n\t\t<\/section>\n\t\t\t\t<\/div>\n\t\t","protected":false},"excerpt":{"rendered":"<p>Chaque ann\u00e9e, le 20 juin, le monde c\u00e9l\u00e8bre la Journ\u00e9e mondiale du r\u00e9fugi\u00e9, journ\u00e9e internationale visant \u00e0 rendre hommage aux personnes qui ont \u00e9t\u00e9 forc\u00e9es de fuir. 2021 \u00ab\u00a0Facing the other\u00a0\u00bb Dans le cadre de l&rsquo;UE d&rsquo;ouverture \u00ab\u00a0De l&rsquo;\u00e9criture critique \u00e0 la photographie documentaire\u00ab\u00a0, assur\u00e9e par Nina Rendulic, les \u00e9tudiants L2 de l&rsquo;Universit\u00e9 d&rsquo;Orl\u00e9ans ont &hellip; <\/p>\n<p class=\"link-more\"><a href=\"https:\/\/migract.msh-vdl.fr\/?page_id=459\" class=\"more-link\">Continuer la lecture<span class=\"screen-reader-text\"> de &laquo;&nbsp;Journ\u00e9es des Refugi\u00e9s&nbsp;&raquo;<\/span><\/a><\/p>\n","protected":false},"author":2,"featured_media":0,"parent":0,"menu_order":0,"comment_status":"closed","ping_status":"closed","template":"","meta":{"_price":"","_stock":"","_tribe_ticket_header":"","_tribe_default_ticket_provider":"","_ticket_start_date":"","_ticket_end_date":"","_tribe_ticket_show_description":"","_tribe_ticket_show_not_going":false,"_tribe_ticket_use_global_stock":"","_tribe_ticket_global_stock_level":"","_global_stock_mode":"","_global_stock_cap":"","_tribe_rsvp_for_event":"","_tribe_ticket_going_count":"","_tribe_ticket_not_going_count":"","_tribe_tickets_list":"[]","_tribe_ticket_has_attendee_info_fields":false,"_mc_calendar":[],"footnotes":"","_tec_slr_enabled":"","_tec_slr_layout":""},"class_list":["post-459","page","type-page","status-publish","hentry"],"ticketed":false,"_links":{"self":[{"href":"https:\/\/migract.msh-vdl.fr\/index.php?rest_route=\/wp\/v2\/pages\/459","targetHints":{"allow":["GET"]}}],"collection":[{"href":"https:\/\/migract.msh-vdl.fr\/index.php?rest_route=\/wp\/v2\/pages"}],"about":[{"href":"https:\/\/migract.msh-vdl.fr\/index.php?rest_route=\/wp\/v2\/types\/page"}],"author":[{"embeddable":true,"href":"https:\/\/migract.msh-vdl.fr\/index.php?rest_route=\/wp\/v2\/users\/2"}],"replies":[{"embeddable":true,"href":"https:\/\/migract.msh-vdl.fr\/index.php?rest_route=%2Fwp%2Fv2%2Fcomments&post=459"}],"version-history":[{"count":114,"href":"https:\/\/migract.msh-vdl.fr\/index.php?rest_route=\/wp\/v2\/pages\/459\/revisions"}],"predecessor-version":[{"id":2109,"href":"https:\/\/migract.msh-vdl.fr\/index.php?rest_route=\/wp\/v2\/pages\/459\/revisions\/2109"}],"wp:attachment":[{"href":"https:\/\/migract.msh-vdl.fr\/index.php?rest_route=%2Fwp%2Fv2%2Fmedia&parent=459"}],"curies":[{"name":"wp","href":"https:\/\/api.w.org\/{rel}","templated":true}]}}