{"id":939,"date":"2022-07-25T19:56:44","date_gmt":"2022-07-25T17:56:44","guid":{"rendered":"https:\/\/migract.msh-vdl.fr\/?page_id=939"},"modified":"2023-08-24T13:41:44","modified_gmt":"2023-08-24T11:41:44","slug":"parcours-illustres-projet-artistique-avec-des-mna","status":"publish","type":"page","link":"https:\/\/migract.msh-vdl.fr\/?page_id=939","title":{"rendered":"T\u00e9moignages"},"content":{"rendered":"<p>&nbsp;<\/p>\n<p><em>Bonjour, moi c\u2019est Siaka, et je suis en troisi\u00e8me 5 PEA du lyc\u00e9e professionnel notre dame au ch\u00e2teau des Vaux. Pour ce projet j\u2019ai d\u00e9ssin\u00e9 la nature tel quelle : il y a des oiseaux, la for\u00eat et la lune. J\u2019ai aussi dessin\u00e9 la t\u00eate d\u2019un ami, il m\u2019a demand\u00e9 \u00e7a. <\/em><\/p>\n<p><em>J\u2019ai dessin\u00e9 les oiseaux et la for\u00eat et la lune parce que on doit \u00eatre libres comme les oiseaux dans l\u2019air, comme la lune et la for\u00eat de la mani\u00e8re qu\u2019ils sont libres, c\u2019est sacr\u00e9 et la libert\u00e9 devrait \u00eatre comme \u00e7a. Voil\u00e0 pourquoi \u00e7a a un rapport avec la libert\u00e9. <\/em><\/p>\n<p><em>Pour moi la libert\u00e9 c\u2019est, quand tu es libre tu peux d\u00e9cider toi seul, tu prends tes d\u00e9cisions toi seul, il n\u2019y a personne, il n\u2019y a pas de pression sur ton dos. Pour moi c\u2019est \u00e7a la libert\u00e9 tu veux faire quelque chose tu le d\u00e9cides toi-m\u00eame et tu le fais sans avoir de pression sur le dos.<\/em><\/p>\n<p><a href=\"https:\/\/migract.msh-vdl.fr\/wp-content\/uploads\/2022\/07\/siaka.jpg\"><img fetchpriority=\"high\" decoding=\"async\" class=\"alignnone size-full wp-image-1002\" src=\"https:\/\/migract.msh-vdl.fr\/wp-content\/uploads\/2022\/07\/siaka.jpg\" alt=\"\" width=\"1024\" height=\"768\" srcset=\"https:\/\/migract.msh-vdl.fr\/wp-content\/uploads\/2022\/07\/siaka.jpg 1024w, https:\/\/migract.msh-vdl.fr\/wp-content\/uploads\/2022\/07\/siaka-300x225.jpg 300w, https:\/\/migract.msh-vdl.fr\/wp-content\/uploads\/2022\/07\/siaka-768x576.jpg 768w\" sizes=\"(max-width: 706px) 89vw, (max-width: 767px) 82vw, 740px\" \/><\/a><\/p>\n<hr \/>\n<p><em>Je m\u2019appelle Christopher, j\u2019ai dessin\u00e9 un v\u00e9lo pour le transport et la libert\u00e9 de voyager. La libert\u00e9 c\u2019est de voyager o\u00f9 je veux et quand je veux sans qu\u2019il y ait des gens qui me disent que je n\u2019ai pas le droit, ou qu\u2019ils me renvoient dans mon pays.<\/em><\/p>\n<p style=\"text-align: center;\"><a href=\"https:\/\/migract.msh-vdl.fr\/wp-content\/uploads\/2022\/07\/christopher-scaled.jpg\"><img decoding=\"async\" class=\"alignnone size-large wp-image-993\" src=\"https:\/\/migract.msh-vdl.fr\/wp-content\/uploads\/2022\/07\/christopher-1024x518.jpg\" alt=\"\" width=\"525\" height=\"266\" srcset=\"https:\/\/migract.msh-vdl.fr\/wp-content\/uploads\/2022\/07\/christopher-1024x518.jpg 1024w, https:\/\/migract.msh-vdl.fr\/wp-content\/uploads\/2022\/07\/christopher-300x152.jpg 300w, https:\/\/migract.msh-vdl.fr\/wp-content\/uploads\/2022\/07\/christopher-768x388.jpg 768w, https:\/\/migract.msh-vdl.fr\/wp-content\/uploads\/2022\/07\/christopher-1536x777.jpg 1536w, https:\/\/migract.msh-vdl.fr\/wp-content\/uploads\/2022\/07\/christopher-2048x1036.jpg 2048w\" sizes=\"(max-width: 525px) 100vw, 525px\" \/><\/a><\/p>\n<hr \/>\n<p><em>Je m\u2019appelle Douca, J\u2019ai \u00e9crit le mot LIBERTE et j\u2019ai dessin\u00e9 des oiseaux pour montrer qu\u2019on est libres de ce qu\u2019on veut. <\/em><\/p>\n<p><em>La libert\u00e9\u00a0: chaque citoyen dispose de libert\u00e9 individuelle et de libert\u00e9 collective. La libert\u00e9 individuelle c\u2019est celle que chacun a pour lui-m\u00eame.<\/em><\/p>\n<p style=\"text-align: center;\"><a href=\"https:\/\/migract.msh-vdl.fr\/wp-content\/uploads\/2022\/07\/Douga-scaled.jpg\"><img decoding=\"async\" class=\"alignnone size-large wp-image-994\" src=\"https:\/\/migract.msh-vdl.fr\/wp-content\/uploads\/2022\/07\/Douga-1024x618.jpg\" alt=\"\" width=\"525\" height=\"317\" srcset=\"https:\/\/migract.msh-vdl.fr\/wp-content\/uploads\/2022\/07\/Douga-1024x618.jpg 1024w, https:\/\/migract.msh-vdl.fr\/wp-content\/uploads\/2022\/07\/Douga-300x181.jpg 300w, https:\/\/migract.msh-vdl.fr\/wp-content\/uploads\/2022\/07\/Douga-768x463.jpg 768w, https:\/\/migract.msh-vdl.fr\/wp-content\/uploads\/2022\/07\/Douga-1536x926.jpg 1536w, https:\/\/migract.msh-vdl.fr\/wp-content\/uploads\/2022\/07\/Douga-2048x1235.jpg 2048w\" sizes=\"(max-width: 525px) 100vw, 525px\" \/><\/a><\/p>\n<hr \/>\n<p><em>Je m\u2019appelle Ousman Diallo, j\u2019ai dessin\u00e9 un lion parce que c\u2019est un signe de libert\u00e9, le lion il est libre dans la for\u00eat. <\/em><\/p>\n<p><em>La libert\u00e9 c\u2019est le bien \u00eatre, en soi m\u00eame ou en dehors de soi-m\u00eame.<\/em><\/p>\n<p><a href=\"https:\/\/migract.msh-vdl.fr\/wp-content\/uploads\/2022\/07\/Ousman.jpg\"><img loading=\"lazy\" decoding=\"async\" class=\"alignnone size-full wp-image-1000\" src=\"https:\/\/migract.msh-vdl.fr\/wp-content\/uploads\/2022\/07\/Ousman.jpg\" alt=\"\" width=\"767\" height=\"956\" srcset=\"https:\/\/migract.msh-vdl.fr\/wp-content\/uploads\/2022\/07\/Ousman.jpg 767w, https:\/\/migract.msh-vdl.fr\/wp-content\/uploads\/2022\/07\/Ousman-241x300.jpg 241w\" sizes=\"(max-width: 706px) 89vw, (max-width: 767px) 82vw, 740px\" \/><\/a><\/p>\n<hr \/>\n<p><em>Je m\u2019appelle Moise marguerite collier, je viens de Guin\u00e9e Conakry et jai 16 ans. J\u2019ai repr\u00e9sent\u00e9 les poings de bras pour la libert\u00e9 et l\u2019expression de presse, aussi pour la manifestation de plusieurs nationalit\u00e9s. <\/em><\/p>\n<p><em>La libert\u00e9 c\u2019est faire tout ce qui te plait, tout ce que t\u2019as envie de faire, sans l\u2019aide de personne et sans \u00eatre sous la pression d\u2019une personne.<\/em><\/p>\n<p><a href=\"https:\/\/migract.msh-vdl.fr\/wp-content\/uploads\/2022\/07\/Moise.jpg\"><img loading=\"lazy\" decoding=\"async\" class=\"alignnone size-full wp-image-999\" src=\"https:\/\/migract.msh-vdl.fr\/wp-content\/uploads\/2022\/07\/Moise.jpg\" alt=\"\" width=\"1024\" height=\"768\" srcset=\"https:\/\/migract.msh-vdl.fr\/wp-content\/uploads\/2022\/07\/Moise.jpg 1024w, https:\/\/migract.msh-vdl.fr\/wp-content\/uploads\/2022\/07\/Moise-300x225.jpg 300w, https:\/\/migract.msh-vdl.fr\/wp-content\/uploads\/2022\/07\/Moise-768x576.jpg 768w\" sizes=\"(max-width: 706px) 89vw, (max-width: 767px) 82vw, 740px\" \/><\/a><\/p>\n<hr \/>\n<p><em>Bonjour Je m\u2019appelle Sedou, je viens de Mali. J\u2019ai fait plusieurs poissons, je pense que j\u2019aime le poisson bien. Les poissons et la mer, c\u2019est la libert\u00e9.<\/em><\/p>\n<p style=\"text-align: center;\"><a href=\"https:\/\/migract.msh-vdl.fr\/wp-content\/uploads\/2022\/07\/Seydou.jpg\"><img loading=\"lazy\" decoding=\"async\" class=\"alignnone size-large wp-image-1001\" src=\"https:\/\/migract.msh-vdl.fr\/wp-content\/uploads\/2022\/07\/Seydou-729x1024.jpg\" alt=\"\" width=\"525\" height=\"737\" srcset=\"https:\/\/migract.msh-vdl.fr\/wp-content\/uploads\/2022\/07\/Seydou-729x1024.jpg 729w, https:\/\/migract.msh-vdl.fr\/wp-content\/uploads\/2022\/07\/Seydou-214x300.jpg 214w, https:\/\/migract.msh-vdl.fr\/wp-content\/uploads\/2022\/07\/Seydou.jpg 748w\" sizes=\"(max-width: 525px) 100vw, 525px\" \/><\/a><\/p>\n<hr \/>\n<p><em>Je m\u2019appelle Mamadou et j\u2019ai particip\u00e9 \u00e0 faire des dessins et de la peinture pour \u00eatre libre dans la vie. Pour moi \u00eatre libre dans la vie c\u2019est important. J\u2019ai choisi de dessiner l\u2019amour, un homme et une femme qui s\u2019embrassent. <\/em><\/p>\n<p><em>Parce qu\u2019il y a d\u2019autres pays en Afrique ou l\u2019amour n\u2019est pas important par exemple quand une fille atteinte l\u2019\u00e2ge de se marier, c\u2019est ses parents qui d\u00e9cident son amour.<\/em><\/p>\n<p><em>Les parents marient leur fille \u00e0 n\u2019importe quel homme, m\u00eame si elle n\u2019aime pas le gar\u00e7on elle est oblig\u00e9e d\u2019ob\u00e9ir.<\/em><\/p>\n<p><a href=\"https:\/\/migract.msh-vdl.fr\/wp-content\/uploads\/2022\/07\/mamadou.jpg\"><img loading=\"lazy\" decoding=\"async\" class=\"size-large wp-image-998 aligncenter\" src=\"https:\/\/migract.msh-vdl.fr\/wp-content\/uploads\/2022\/07\/mamadou-1024x780.jpg\" alt=\"\" width=\"525\" height=\"400\" srcset=\"https:\/\/migract.msh-vdl.fr\/wp-content\/uploads\/2022\/07\/mamadou-1024x780.jpg 1024w, https:\/\/migract.msh-vdl.fr\/wp-content\/uploads\/2022\/07\/mamadou-300x228.jpg 300w, https:\/\/migract.msh-vdl.fr\/wp-content\/uploads\/2022\/07\/mamadou-768x585.jpg 768w, https:\/\/migract.msh-vdl.fr\/wp-content\/uploads\/2022\/07\/mamadou-1536x1170.jpg 1536w, https:\/\/migract.msh-vdl.fr\/wp-content\/uploads\/2022\/07\/mamadou.jpg 1757w\" sizes=\"(max-width: 525px) 100vw, 525px\" \/><\/a><\/p>\n<hr \/>\n<p><em>Bonjour, je m\u2019appelle Foode, je suis guin\u00e9en je viens de Guin\u00e9e Conakry. <\/em><\/p>\n<p><em>Quand je dessin j\u2019oublie les choses, je suis timide et je n\u2019aime pas parler donc quand je fais des dessins comme \u00e7a, \u00e7a me fait plaisir. Tout le monde aime la libert\u00e9 parce que pas tout le monde peut \u00eatre libre, il faut l\u2019\u00eatre, c\u2019est \u00e7a qui rend ta vie meilleure.<\/em><\/p>\n<p style=\"text-align: center;\"><a href=\"https:\/\/migract.msh-vdl.fr\/wp-content\/uploads\/2022\/07\/fode.jpg\"><img loading=\"lazy\" decoding=\"async\" class=\"alignnone size-large wp-image-995\" src=\"https:\/\/migract.msh-vdl.fr\/wp-content\/uploads\/2022\/07\/fode-1024x901.jpg\" alt=\"\" width=\"525\" height=\"462\" srcset=\"https:\/\/migract.msh-vdl.fr\/wp-content\/uploads\/2022\/07\/fode-1024x901.jpg 1024w, https:\/\/migract.msh-vdl.fr\/wp-content\/uploads\/2022\/07\/fode-300x264.jpg 300w, https:\/\/migract.msh-vdl.fr\/wp-content\/uploads\/2022\/07\/fode-768x676.jpg 768w, https:\/\/migract.msh-vdl.fr\/wp-content\/uploads\/2022\/07\/fode-1536x1352.jpg 1536w, https:\/\/migract.msh-vdl.fr\/wp-content\/uploads\/2022\/07\/fode-2048x1802.jpg 2048w\" sizes=\"(max-width: 525px) 100vw, 525px\" \/><\/a><\/p>\n<hr \/>\n<p><em>Je m\u2019appelle Youssef je suis \u00e9gyptien et j\u2019ai fait des pyramides et des chameaux. La libert\u00e9 c\u2019est travailler et voyager, pouvoir aller \u00e0 la mer.<\/em><\/p>\n<p style=\"text-align: left;\"><a href=\"https:\/\/migract.msh-vdl.fr\/wp-content\/uploads\/2022\/07\/Youssef-scaled.jpg\"><img loading=\"lazy\" decoding=\"async\" class=\"alignnone size-large wp-image-1004\" src=\"https:\/\/migract.msh-vdl.fr\/wp-content\/uploads\/2022\/07\/Youssef-1024x890.jpg\" alt=\"\" width=\"525\" height=\"456\" srcset=\"https:\/\/migract.msh-vdl.fr\/wp-content\/uploads\/2022\/07\/Youssef-1024x890.jpg 1024w, https:\/\/migract.msh-vdl.fr\/wp-content\/uploads\/2022\/07\/Youssef-300x261.jpg 300w, https:\/\/migract.msh-vdl.fr\/wp-content\/uploads\/2022\/07\/Youssef-768x667.jpg 768w, https:\/\/migract.msh-vdl.fr\/wp-content\/uploads\/2022\/07\/Youssef-1536x1335.jpg 1536w, https:\/\/migract.msh-vdl.fr\/wp-content\/uploads\/2022\/07\/Youssef-2048x1780.jpg 2048w\" sizes=\"(max-width: 525px) 100vw, 525px\" \/><\/a><\/p>\n<hr \/>\n<p><em>Bonjour je m\u2019appelle Fodie, j\u2019ai dessin\u00e9 une mosqu\u00e9e car je suis musulman et j\u2019aimerais pouvoir vivre ma religion en libert\u00e9. Libert\u00e9 c\u2019est ce que je veux dans ma religion.<\/em><\/p>\n<p style=\"text-align: center;\"><a href=\"https:\/\/migract.msh-vdl.fr\/wp-content\/uploads\/2022\/07\/fodie-scaled.jpg\"><img loading=\"lazy\" decoding=\"async\" class=\"alignnone size-large wp-image-996\" src=\"https:\/\/migract.msh-vdl.fr\/wp-content\/uploads\/2022\/07\/fodie-1024x768.jpg\" alt=\"\" width=\"525\" height=\"394\" srcset=\"https:\/\/migract.msh-vdl.fr\/wp-content\/uploads\/2022\/07\/fodie-1024x768.jpg 1024w, https:\/\/migract.msh-vdl.fr\/wp-content\/uploads\/2022\/07\/fodie-300x225.jpg 300w, https:\/\/migract.msh-vdl.fr\/wp-content\/uploads\/2022\/07\/fodie-768x576.jpg 768w, https:\/\/migract.msh-vdl.fr\/wp-content\/uploads\/2022\/07\/fodie-1536x1152.jpg 1536w, https:\/\/migract.msh-vdl.fr\/wp-content\/uploads\/2022\/07\/fodie-2048x1536.jpg 2048w\" sizes=\"(max-width: 525px) 100vw, 525px\" \/><\/a><\/p>\n","protected":false},"excerpt":{"rendered":"<p>&nbsp; Bonjour, moi c\u2019est Siaka, et je suis en troisi\u00e8me 5 PEA du lyc\u00e9e professionnel notre dame au ch\u00e2teau des Vaux. Pour ce projet j\u2019ai d\u00e9ssin\u00e9 la nature tel quelle : il y a des oiseaux, la for\u00eat et la lune. J\u2019ai aussi dessin\u00e9 la t\u00eate d\u2019un ami, il m\u2019a demand\u00e9 \u00e7a. J\u2019ai dessin\u00e9 les &hellip; <\/p>\n<p class=\"link-more\"><a href=\"https:\/\/migract.msh-vdl.fr\/?page_id=939\" class=\"more-link\">Continuer la lecture<span class=\"screen-reader-text\"> de &laquo;&nbsp;T\u00e9moignages&nbsp;&raquo;<\/span><\/a><\/p>\n","protected":false},"author":2,"featured_media":0,"parent":197,"menu_order":0,"comment_status":"closed","ping_status":"closed","template":"","meta":{"_price":"","_stock":"","_tribe_ticket_header":"","_tribe_default_ticket_provider":"","_ticket_start_date":"","_ticket_end_date":"","_tribe_ticket_show_description":"","_tribe_ticket_show_not_going":false,"_tribe_ticket_use_global_stock":"","_tribe_ticket_global_stock_level":"","_global_stock_mode":"","_global_stock_cap":"","_tribe_rsvp_for_event":"","_tribe_ticket_going_count":"","_tribe_ticket_not_going_count":"","_tribe_tickets_list":"[]","_tribe_ticket_has_attendee_info_fields":false,"_mc_calendar":[],"footnotes":"","_tec_slr_enabled":"","_tec_slr_layout":""},"class_list":["post-939","page","type-page","status-publish","hentry"],"ticketed":false,"_links":{"self":[{"href":"https:\/\/migract.msh-vdl.fr\/index.php?rest_route=\/wp\/v2\/pages\/939","targetHints":{"allow":["GET"]}}],"collection":[{"href":"https:\/\/migract.msh-vdl.fr\/index.php?rest_route=\/wp\/v2\/pages"}],"about":[{"href":"https:\/\/migract.msh-vdl.fr\/index.php?rest_route=\/wp\/v2\/types\/page"}],"author":[{"embeddable":true,"href":"https:\/\/migract.msh-vdl.fr\/index.php?rest_route=\/wp\/v2\/users\/2"}],"replies":[{"embeddable":true,"href":"https:\/\/migract.msh-vdl.fr\/index.php?rest_route=%2Fwp%2Fv2%2Fcomments&post=939"}],"version-history":[{"count":10,"href":"https:\/\/migract.msh-vdl.fr\/index.php?rest_route=\/wp\/v2\/pages\/939\/revisions"}],"predecessor-version":[{"id":1970,"href":"https:\/\/migract.msh-vdl.fr\/index.php?rest_route=\/wp\/v2\/pages\/939\/revisions\/1970"}],"up":[{"embeddable":true,"href":"https:\/\/migract.msh-vdl.fr\/index.php?rest_route=\/wp\/v2\/pages\/197"}],"wp:attachment":[{"href":"https:\/\/migract.msh-vdl.fr\/index.php?rest_route=%2Fwp%2Fv2%2Fmedia&parent=939"}],"curies":[{"name":"wp","href":"https:\/\/api.w.org\/{rel}","templated":true}]}}